{"id":10662,"date":"2023-10-19T08:36:27","date_gmt":"2023-10-19T06:36:27","guid":{"rendered":"https:\/\/lyceemauriac.fr\/?page_id=10662"},"modified":"2023-10-19T08:37:37","modified_gmt":"2023-10-19T06:37:37","slug":"bilan-des-projets","status":"publish","type":"page","link":"https:\/\/lyceemauriac.fr\/index.php\/bilan-des-projets\/","title":{"rendered":"Bilan des projets"},"content":{"rendered":"<p>Vous trouverez ci-dessous le bilan des projets pour l&rsquo;ann\u00e9e 2022-2023.<\/p>\n<p>T\u00e9l\u00e9chargement : <a href=\"https:\/\/lyceemauriac.fr\/wp-content\/uploads\/2023\/10\/BILAN_DES_PROJETS_MAURIAC_2022-2023.pdf\" class=\"mtli_attachment mtli_pdf\">Bilan des projets<\/a><\/p>\n<iframe loading=\"lazy\" class=\"pdfjs-viewer\" width=\"649px\" height=\"800px\" src=\"https:\/\/lyceemauriac.fr\/wp-content\/plugins\/pdf-viewer\/stable\/web\/viewer.html?file=https:\/\/lyceemauriac.fr\/wp-content\/uploads\/2023\/10\/BILAN_DES_PROJETS_MAURIAC_2022-2023.pdf\"><\/iframe> \n","protected":false},"excerpt":{"rendered":"<p>Vous trouverez ci-dessous le bilan des projets pour l&rsquo;ann\u00e9e 2022-2023. T\u00e9l\u00e9chargement : Bilan des projets<\/p>\n","protected":false},"author":2,"featured_media":0,"parent":0,"menu_order":0,"comment_status":"closed","ping_status":"closed","template":"","meta":{"footnotes":""},"class_list":["post-10662","page","type-page","status-publish","hentry"],"_links":{"self":[{"href":"https:\/\/lyceemauriac.fr\/index.php\/wp-json\/wp\/v2\/pages\/10662","targetHints":{"allow":["GET"]}}],"collection":[{"href":"https:\/\/lyceemauriac.fr\/index.php\/wp-json\/wp\/v2\/pages"}],"about":[{"href":"https:\/\/lyceemauriac.fr\/index.php\/wp-json\/wp\/v2\/types\/page"}],"author":[{"embeddable":true,"href":"https:\/\/lyceemauriac.fr\/index.php\/wp-json\/wp\/v2\/users\/2"}],"replies":[{"embeddable":true,"href":"https:\/\/lyceemauriac.fr\/index.php\/wp-json\/wp\/v2\/comments?post=10662"}],"version-history":[{"count":2,"href":"https:\/\/lyceemauriac.fr\/index.php\/wp-json\/wp\/v2\/pages\/10662\/revisions"}],"predecessor-version":[{"id":10665,"href":"https:\/\/lyceemauriac.fr\/index.php\/wp-json\/wp\/v2\/pages\/10662\/revisions\/10665"}],"wp:attachment":[{"href":"https:\/\/lyceemauriac.fr\/index.php\/wp-json\/wp\/v2\/media?parent=10662"}],"curies":[{"name":"wp","href":"https:\/\/api.w.org\/{rel}","templated":true}]}}