{"id":10666,"date":"2023-10-19T08:40:00","date_gmt":"2023-10-19T06:40:00","guid":{"rendered":"https:\/\/lyceemauriac.fr\/?page_id=10666"},"modified":"2023-10-20T17:30:18","modified_gmt":"2023-10-20T15:30:18","slug":"bilan-des-activites-des-services","status":"publish","type":"page","link":"https:\/\/lyceemauriac.fr\/index.php\/bilan-des-activites-des-services\/","title":{"rendered":"Bilan des activit\u00e9s des services"},"content":{"rendered":"<p>Vous trouverez ci-dessous le bilan des activit\u00e9s des services pour l&rsquo;ann\u00e9e 2022-2023.<\/p>\n<p>T\u00e9l\u00e9chargement : <a href=\"https:\/\/lyceemauriac.fr\/wp-content\/uploads\/2023\/10\/BILAN_RAPPORTS_DACTIVITE_2022-23.pdf\" class=\"mtli_attachment mtli_pdf\">Bilan des activit\u00e9s<\/a><\/p>\n<iframe loading=\"lazy\" class=\"pdfjs-viewer\" width=\"649px\" height=\"800px\" src=\"https:\/\/lyceemauriac.fr\/wp-content\/plugins\/pdf-viewer\/stable\/web\/viewer.html?file=https:\/\/lyceemauriac.fr\/wp-content\/uploads\/2023\/10\/BILAN_RAPPORTS_DACTIVITE_2022-23.pdf\"><\/iframe> \n","protected":false},"excerpt":{"rendered":"<p>Vous trouverez ci-dessous le bilan des activit\u00e9s des services pour l&rsquo;ann\u00e9e 2022-2023. T\u00e9l\u00e9chargement : Bilan des activit\u00e9s<\/p>\n","protected":false},"author":2,"featured_media":0,"parent":0,"menu_order":0,"comment_status":"closed","ping_status":"closed","template":"","meta":{"footnotes":""},"class_list":["post-10666","page","type-page","status-publish","hentry"],"_links":{"self":[{"href":"https:\/\/lyceemauriac.fr\/index.php\/wp-json\/wp\/v2\/pages\/10666","targetHints":{"allow":["GET"]}}],"collection":[{"href":"https:\/\/lyceemauriac.fr\/index.php\/wp-json\/wp\/v2\/pages"}],"about":[{"href":"https:\/\/lyceemauriac.fr\/index.php\/wp-json\/wp\/v2\/types\/page"}],"author":[{"embeddable":true,"href":"https:\/\/lyceemauriac.fr\/index.php\/wp-json\/wp\/v2\/users\/2"}],"replies":[{"embeddable":true,"href":"https:\/\/lyceemauriac.fr\/index.php\/wp-json\/wp\/v2\/comments?post=10666"}],"version-history":[{"count":1,"href":"https:\/\/lyceemauriac.fr\/index.php\/wp-json\/wp\/v2\/pages\/10666\/revisions"}],"predecessor-version":[{"id":10668,"href":"https:\/\/lyceemauriac.fr\/index.php\/wp-json\/wp\/v2\/pages\/10666\/revisions\/10668"}],"wp:attachment":[{"href":"https:\/\/lyceemauriac.fr\/index.php\/wp-json\/wp\/v2\/media?parent=10666"}],"curies":[{"name":"wp","href":"https:\/\/api.w.org\/{rel}","templated":true}]}}