{"id":11393,"date":"2024-04-19T18:13:12","date_gmt":"2024-04-19T16:13:12","guid":{"rendered":"https:\/\/lyceemauriac.fr\/?page_id=11393"},"modified":"2024-04-19T18:17:22","modified_gmt":"2024-04-19T16:17:22","slug":"atelier-decriture-creative-credits-musicaux","status":"publish","type":"page","link":"https:\/\/lyceemauriac.fr\/index.php\/atelier-decriture-creative-credits-musicaux\/","title":{"rendered":"Atelier d\u2019\u00e9criture cr\u00e9ative : cr\u00e9dits musicaux"},"content":{"rendered":"<p><em>J&rsquo;ose enfin t&rsquo;\u00e9crire<\/em><\/p>\n<!--[if lt IE 9]><script>document.createElement('audio');<\/script><![endif]-->\n<audio class=\"wp-audio-shortcode\" id=\"audio-11393-1\" preload=\"none\" style=\"width: 100%;\" controls=\"controls\"><source type=\"audio\/mpeg\" src=\"https:\/\/lyceemauriac.fr\/wp-content\/uploads\/2024\/04\/Jose-enfin-tecrire.mp3?_=1\" \/><a href=\"https:\/\/lyceemauriac.fr\/wp-content\/uploads\/2024\/04\/Jose-enfin-tecrire.mp3\">https:\/\/lyceemauriac.fr\/wp-content\/uploads\/2024\/04\/Jose-enfin-tecrire.mp3<\/a><\/audio>\n<p>La cr\u00e9ation sonore ci-dessus, r\u00e9alis\u00e9e par des \u00e9l\u00e8ves du lyc\u00e9e et mont\u00e9e par L. P\u00e9lissier, utilise les extraits musicaux suivants :<\/p>\n<ul>\n<li style=\"font-weight: 400;\"><em>Pr\u00e9sentation<\/em>\u00a0 \u00a0Jingle Girl in Blue. <a href=\"https:\/\/www.musicscreen.be\/musique-libre-de-droit\/Catalogue\/Girl-In-Blue-Jingle.html\" data-saferedirecturl=\"https:\/\/www.google.com\/url?q=https:\/\/www.musicscreen.be\/musique-libre-de-droit\/Catalogue\/Girl-In-Blue-Jingle.html&amp;source=gmail&amp;ust=1713624188118000&amp;usg=AOvVaw3sl5a4nohML7pRgEEz1tQf\">https:\/\/www.musicscreen.be\/musique-libre-de-droit\/Catalogue\/Girl-In-Blue-Jingle.html<\/a><\/li>\n<li style=\"font-weight: 400;\"><em>Cher P\u00e8re<\/em>\u00a0 Long Road Ahead B \u00a0 Kevin MacLeod <a href=\"https:\/\/www.youtube.com\/watch?v=B869euGnFg0\" data-saferedirecturl=\"https:\/\/www.google.com\/url?q=https:\/\/www.youtube.com\/watch?v%3DB869euGnFg0&amp;source=gmail&amp;ust=1713624188118000&amp;usg=AOvVaw2wSN2avYS7xcr43jEw4M91\">https:\/\/www.youtube.com\/watch?v=B869euGnFg0<\/a><\/li>\n<li><em>Ch\u00e8re m\u00e8re<\/em>\u00a0 God you Tekem Laef Blong\u00a0 \u00a0 Th\u00e9o Coulon \u00a0\u00a0<a href=\"https:\/\/www.youtube.com\/watch?v=4ZQErmeXMLo\" data-saferedirecturl=\"https:\/\/www.google.com\/url?q=https:\/\/www.youtube.com\/watch?v%3D4ZQErmeXMLo&amp;source=gmail&amp;ust=1713624188119000&amp;usg=AOvVaw16h22SEEUaHcHZH3uZi6Ju\">https:\/\/www.youtube.com\/watch?v=4ZQErmeXMLo<\/a><\/li>\n<li><em>Chers moments difficiles<\/em>. \u00a0\u00a0John Murphy in the house in the heartbeat\u00a0\u00a0 Th\u00e9o Coulon <a href=\"https:\/\/youtu.be\/sAxz9miqb1g?feature=shared\" data-saferedirecturl=\"https:\/\/www.google.com\/url?q=https:\/\/youtu.be\/sAxz9miqb1g?feature%3Dshared&amp;source=gmail&amp;ust=1713624188119000&amp;usg=AOvVaw0PF_Qo7K11t6yo-GF4hSKZ\">https:\/\/youtu.be\/sAxz9miqb1g?feature=shared<\/a><\/li>\n<li><em>Ma ch\u00e8re moi, de quand j\u2019\u00e9tais petite<\/em>.\u00a0 \u00a0Travelator \u00b7<a href=\"https:\/\/youtu.be\/sPkoosboVZ8?feature=shared\" data-saferedirecturl=\"https:\/\/www.google.com\/url?q=https:\/\/youtu.be\/sPkoosboVZ8?feature%3Dshared&amp;source=gmail&amp;ust=1713624188119000&amp;usg=AOvVaw18CLlY3iL-VjaodJp4aux7\">https:\/\/youtu.be\/sPkoosboVZ8?feature=shared<\/a><\/li>\n<li><em>Ch\u00e8re grande s\u0153ur<\/em> Adagio du bois des r\u00eaves.\u00a0 <a href=\"https:\/\/www.musicscreen.be\/musique-libre-de-droit\/Catalogue\/Adagio-du-bois-des-reves.html\" data-saferedirecturl=\"https:\/\/www.google.com\/url?q=https:\/\/www.musicscreen.be\/musique-libre-de-droit\/Catalogue\/Adagio-du-bois-des-reves.html&amp;source=gmail&amp;ust=1713624188119000&amp;usg=AOvVaw2ugLFMHr2R-F17B_vBez8W\">https:\/\/www.musicscreen.be\/musique-libre-de-droit\/Catalogue\/Adagio-du-bois-des-reves.html<\/a><\/li>\n<li><em>Ch\u00e8res ruptures<\/em>\u00a0 Gedine. \u00a0<a href=\"https:\/\/www.musicscreen.be\/musique-libre-de-droit\/Catalogue\/Gedine.html\" data-saferedirecturl=\"https:\/\/www.google.com\/url?q=https:\/\/www.musicscreen.be\/musique-libre-de-droit\/Catalogue\/Gedine.html&amp;source=gmail&amp;ust=1713624188119000&amp;usg=AOvVaw2DsofjCGlJRiJ8rO9_Pxms\">https:\/\/www.musicscreen.be\/musique-libre-de-droit\/Catalogue\/Gedine.html<\/a><\/li>\n<li><em>Lettre \u00e0 mon enfance<\/em> Since I Fell For You\u00a0 Interpr\u00e9tation L. P\u00e9lissier<\/li>\n<li><em>J\u2019aimerais \u00e9crire \u00e0 tous ceux\u2026<\/em> Hear the Silence\u00a0 Th\u00e9o Coulon <a href=\"https:\/\/youtu.be\/UdEzPo7QHLs?feature=shared\" data-saferedirecturl=\"https:\/\/www.google.com\/url?q=https:\/\/youtu.be\/UdEzPo7QHLs?feature%3Dshared&amp;source=gmail&amp;ust=1713624188119000&amp;usg=AOvVaw0yO7KlG1Vj-GzMepVFaojz\">https:\/\/youtu.be\/UdEzPo7QHLs?feature=shared<\/a><\/li>\n<li><em>Ma triste lettre<\/em>\u00a0 Moonlight Sonata\u00a0 Th\u00e9o Coulon <a href=\"https:\/\/youtu.be\/UdEzPo7QHLs?feature=shared\" data-saferedirecturl=\"https:\/\/www.google.com\/url?q=https:\/\/youtu.be\/UdEzPo7QHLs?feature%3Dshared&amp;source=gmail&amp;ust=1713624188119000&amp;usg=AOvVaw0yO7KlG1Vj-GzMepVFaojz\">https:\/\/youtu.be\/UdEzPo7QHLs?feature=shared<\/a><\/li>\n<\/ul>\n","protected":false},"excerpt":{"rendered":"<p>J&rsquo;ose enfin t&rsquo;\u00e9crire La cr\u00e9ation sonore ci-dessus, r\u00e9alis\u00e9e par des \u00e9l\u00e8ves du lyc\u00e9e et mont\u00e9e par L. P\u00e9lissier, utilise les extraits musicaux suivants : Pr\u00e9sentation\u00a0 \u00a0Jingle Girl in Blue. https:\/\/www.musicscreen.be\/musique-libre-de-droit\/Catalogue\/Girl-In-Blue-Jingle.html Cher P\u00e8re\u00a0 Long Road Ahead B \u00a0 Kevin MacLeod https:\/\/www.youtube.com\/watch?v=B869euGnFg0 Ch\u00e8re m\u00e8re\u00a0 God you Tekem Laef Blong\u00a0 \u00a0 Th\u00e9o Coulon \u00a0\u00a0https:\/\/www.youtube.com\/watch?v=4ZQErmeXMLo Chers moments difficiles. \u00a0\u00a0John [&hellip;]<\/p>\n","protected":false},"author":2,"featured_media":0,"parent":0,"menu_order":0,"comment_status":"closed","ping_status":"closed","template":"","meta":{"footnotes":""},"class_list":["post-11393","page","type-page","status-publish","hentry"],"_links":{"self":[{"href":"https:\/\/lyceemauriac.fr\/index.php\/wp-json\/wp\/v2\/pages\/11393","targetHints":{"allow":["GET"]}}],"collection":[{"href":"https:\/\/lyceemauriac.fr\/index.php\/wp-json\/wp\/v2\/pages"}],"about":[{"href":"https:\/\/lyceemauriac.fr\/index.php\/wp-json\/wp\/v2\/types\/page"}],"author":[{"embeddable":true,"href":"https:\/\/lyceemauriac.fr\/index.php\/wp-json\/wp\/v2\/users\/2"}],"replies":[{"embeddable":true,"href":"https:\/\/lyceemauriac.fr\/index.php\/wp-json\/wp\/v2\/comments?post=11393"}],"version-history":[{"count":5,"href":"https:\/\/lyceemauriac.fr\/index.php\/wp-json\/wp\/v2\/pages\/11393\/revisions"}],"predecessor-version":[{"id":11398,"href":"https:\/\/lyceemauriac.fr\/index.php\/wp-json\/wp\/v2\/pages\/11393\/revisions\/11398"}],"wp:attachment":[{"href":"https:\/\/lyceemauriac.fr\/index.php\/wp-json\/wp\/v2\/media?parent=11393"}],"curies":[{"name":"wp","href":"https:\/\/api.w.org\/{rel}","templated":true}]}}