{"id":11512,"date":"2024-06-05T22:36:45","date_gmt":"2024-06-05T20:36:45","guid":{"rendered":"https:\/\/lyceemauriac.fr\/?page_id=11512"},"modified":"2024-11-05T14:57:02","modified_gmt":"2024-11-05T13:57:02","slug":"partenariats","status":"publish","type":"page","link":"https:\/\/lyceemauriac.fr\/index.php\/partenariats\/","title":{"rendered":"Partenariats"},"content":{"rendered":"<p>Le lyc\u00e9e Fran\u00e7ois Mauriac entretient de nombreux partenariats culturels et institutionnels.<\/p>\n<p>&nbsp;<\/p>\n<h3>Sciences-Po Bordeaux : JPPJV (Je le Peux Parce que Je le Veux)<\/h3>\n<p><a href=\"https:\/\/lyceemauriac.fr\/wp-content\/uploads\/2024\/11\/Bandeau-logos-JPPJV-2024.jpg\"><img loading=\"lazy\" decoding=\"async\" class=\"aligncenter size-full wp-image-11760\" src=\"https:\/\/lyceemauriac.fr\/wp-content\/uploads\/2024\/11\/Bandeau-logos-JPPJV-2024.jpg\" alt=\"\" width=\"1890\" height=\"354\" srcset=\"https:\/\/lyceemauriac.fr\/wp-content\/uploads\/2024\/11\/Bandeau-logos-JPPJV-2024.jpg 1890w, https:\/\/lyceemauriac.fr\/wp-content\/uploads\/2024\/11\/Bandeau-logos-JPPJV-2024-200x37.jpg 200w, https:\/\/lyceemauriac.fr\/wp-content\/uploads\/2024\/11\/Bandeau-logos-JPPJV-2024-1024x192.jpg 1024w, https:\/\/lyceemauriac.fr\/wp-content\/uploads\/2024\/11\/Bandeau-logos-JPPJV-2024-768x144.jpg 768w, https:\/\/lyceemauriac.fr\/wp-content\/uploads\/2024\/11\/Bandeau-logos-JPPJV-2024-1536x288.jpg 1536w, https:\/\/lyceemauriac.fr\/wp-content\/uploads\/2024\/11\/Bandeau-logos-JPPJV-2024-370x69.jpg 370w\" sizes=\"auto, (max-width: 1890px) 100vw, 1890px\" \/><\/a><\/p>\n<p><a href=\"https:\/\/jeunes.nouvelle-aquitaine.fr\/actualite\/sciences-po-pourquoi-pas-vous\">https:\/\/jeunes.nouvelle-aquitaine.fr\/actualite\/sciences-po-pourquoi-pas-vous<\/a><\/p>\n<p>Vous pouvez consulter <a href=\"https:\/\/www.calameo.com\/read\/0066805501e27f7784442\" target=\"_blank\" rel=\"noopener\">ici<\/a>\u00a0l&rsquo;infographie r\u00e9alis\u00e9e \u00e0 l&rsquo;occasion des 20 ans du dispositif JPPJV.<\/p>\n<p>&nbsp;<\/p>\n<p>&nbsp;<\/p>\n<p>&nbsp;<\/p>\n<h3>Lyc\u00e9e Camille Jullian : Cord\u00e9e Cl\u00e9sup<\/h3>\n<p><a href=\"https:\/\/jeunes.nouvelle-aquitaine.fr\/actualite\/sciences-po-pourquoi-pas-vous\">https:\/\/jeunes.nouvelle-aquitaine.fr\/actualite\/sciences-po-pourquoi-pas-vous<\/a><\/p>\n<p>&nbsp;<\/p>\n","protected":false},"excerpt":{"rendered":"<p>Le lyc\u00e9e Fran\u00e7ois Mauriac entretient de nombreux partenariats culturels et institutionnels. &nbsp; Sciences-Po Bordeaux : JPPJV (Je le Peux Parce que Je le Veux) https:\/\/jeunes.nouvelle-aquitaine.fr\/actualite\/sciences-po-pourquoi-pas-vous Vous pouvez consulter ici\u00a0l&rsquo;infographie r\u00e9alis\u00e9e \u00e0 l&rsquo;occasion des 20 ans du dispositif JPPJV. &nbsp; &nbsp; &nbsp; Lyc\u00e9e Camille Jullian : Cord\u00e9e Cl\u00e9sup https:\/\/jeunes.nouvelle-aquitaine.fr\/actualite\/sciences-po-pourquoi-pas-vous &nbsp;<\/p>\n","protected":false},"author":2,"featured_media":0,"parent":0,"menu_order":0,"comment_status":"closed","ping_status":"closed","template":"","meta":{"footnotes":""},"class_list":["post-11512","page","type-page","status-publish","hentry"],"_links":{"self":[{"href":"https:\/\/lyceemauriac.fr\/index.php\/wp-json\/wp\/v2\/pages\/11512","targetHints":{"allow":["GET"]}}],"collection":[{"href":"https:\/\/lyceemauriac.fr\/index.php\/wp-json\/wp\/v2\/pages"}],"about":[{"href":"https:\/\/lyceemauriac.fr\/index.php\/wp-json\/wp\/v2\/types\/page"}],"author":[{"embeddable":true,"href":"https:\/\/lyceemauriac.fr\/index.php\/wp-json\/wp\/v2\/users\/2"}],"replies":[{"embeddable":true,"href":"https:\/\/lyceemauriac.fr\/index.php\/wp-json\/wp\/v2\/comments?post=11512"}],"version-history":[{"count":7,"href":"https:\/\/lyceemauriac.fr\/index.php\/wp-json\/wp\/v2\/pages\/11512\/revisions"}],"predecessor-version":[{"id":11766,"href":"https:\/\/lyceemauriac.fr\/index.php\/wp-json\/wp\/v2\/pages\/11512\/revisions\/11766"}],"wp:attachment":[{"href":"https:\/\/lyceemauriac.fr\/index.php\/wp-json\/wp\/v2\/media?parent=11512"}],"curies":[{"name":"wp","href":"https:\/\/api.w.org\/{rel}","templated":true}]}}