{"id":11549,"date":"2024-06-13T09:25:13","date_gmt":"2024-06-13T07:25:13","guid":{"rendered":"https:\/\/lyceemauriac.fr\/?page_id=11549"},"modified":"2025-01-27T12:23:37","modified_gmt":"2025-01-27T11:23:37","slug":"classe-prepa-2nde","status":"publish","type":"page","link":"https:\/\/lyceemauriac.fr\/index.php\/classe-prepa-2nde\/","title":{"rendered":"Classe Pr\u00e9pa Seconde"},"content":{"rendered":"<p><em><span style=\"color: #800080;\"><strong>maj du 27\/01\/2025 : Les modalit\u00e9s de candidature \u00e0 la classe Pr\u00e9pa-Seconde seront pr\u00e9cis\u00e9es ici prochainement .<\/strong><\/span><\/em><\/p>\n<p>Depuis la rentr\u00e9e de Septembre 2024, notre lyc\u00e9e a ouvert une <a href=\"https:\/\/eduscol.education.fr\/4005\/la-classe-prepa-2de-lycee-general-et-technologique-lycee-professionnel\">classe pr\u00e9paratoire \u00e0 la classe de seconde<\/a>, dite \u00abPr\u00e9pa-Seconde\u00bb.<\/p>\n<p>Cette classe s\u2019adresse aux \u00e9l\u00e8ves qui ont \u00e9t\u00e9 admis en classe de Seconde (g\u00e9n\u00e9rale et technologique ou professionnelle), qui n\u2019ont pas obtenu le dipl\u00f4me national du brevet (DNB) et qui ont \u00e9t\u00e9 identifi\u00e9s en classe de troisi\u00e8me comme pouvant tirer b\u00e9n\u00e9fice de ce dispositif.<\/p>\n<p>Vous pouvez retrouver ci-dessous deux infographies pr\u00e9sentant cette classe :<\/p>\n<div class=\"_df_book df-lite\" id=\"df_12015\"  _slug=\"12015\" data-title=\"\" wpoptions=\"true\" thumbtype=\"\" ><\/div><script class=\"df-shortcode-script\" nowprocket type=\"application\/javascript\">window.option_df_12015 = {\"outline\":[],\"autoEnableOutline\":\"false\",\"autoEnableThumbnail\":\"false\",\"overwritePDFOutline\":\"false\",\"direction\":\"1\",\"pageSize\":\"0\",\"source\":\"https:\\\/\\\/lyceemauriac.fr\\\/wp-content\\\/uploads\\\/2025\\\/01\\\/Classe-Prepa-Seconde-infographie-site-lycee-VF-1.pdf\",\"wpOptions\":\"true\"}; if(window.DFLIP && window.DFLIP.parseBooks){window.DFLIP.parseBooks();}<\/script>\n<div class=\"_df_book df-lite\" id=\"df_12019\"  _slug=\"12019\" data-title=\"\" wpoptions=\"true\" thumbtype=\"\" ><\/div><script class=\"df-shortcode-script\" nowprocket type=\"application\/javascript\">window.option_df_12019 = {\"outline\":[],\"autoEnableOutline\":\"false\",\"autoEnableThumbnail\":\"false\",\"overwritePDFOutline\":\"false\",\"direction\":\"1\",\"pageSize\":\"0\",\"source\":\"https:\\\/\\\/lyceemauriac.fr\\\/wp-content\\\/uploads\\\/2025\\\/01\\\/prepa_seconde.pdf\",\"wpOptions\":\"true\"}; if(window.DFLIP && window.DFLIP.parseBooks){window.DFLIP.parseBooks();}<\/script>\n","protected":false},"excerpt":{"rendered":"<p>maj du 27\/01\/2025 : Les modalit\u00e9s de candidature \u00e0 la classe Pr\u00e9pa-Seconde seront pr\u00e9cis\u00e9es ici prochainement . Depuis la rentr\u00e9e de Septembre 2024, notre lyc\u00e9e a ouvert une classe pr\u00e9paratoire \u00e0 la classe de seconde, dite \u00abPr\u00e9pa-Seconde\u00bb. Cette classe s\u2019adresse aux \u00e9l\u00e8ves qui ont \u00e9t\u00e9 admis en classe de Seconde (g\u00e9n\u00e9rale et technologique ou professionnelle), [&hellip;]<\/p>\n","protected":false},"author":2,"featured_media":0,"parent":0,"menu_order":0,"comment_status":"closed","ping_status":"closed","template":"","meta":{"footnotes":""},"class_list":["post-11549","page","type-page","status-publish","hentry"],"_links":{"self":[{"href":"https:\/\/lyceemauriac.fr\/index.php\/wp-json\/wp\/v2\/pages\/11549","targetHints":{"allow":["GET"]}}],"collection":[{"href":"https:\/\/lyceemauriac.fr\/index.php\/wp-json\/wp\/v2\/pages"}],"about":[{"href":"https:\/\/lyceemauriac.fr\/index.php\/wp-json\/wp\/v2\/types\/page"}],"author":[{"embeddable":true,"href":"https:\/\/lyceemauriac.fr\/index.php\/wp-json\/wp\/v2\/users\/2"}],"replies":[{"embeddable":true,"href":"https:\/\/lyceemauriac.fr\/index.php\/wp-json\/wp\/v2\/comments?post=11549"}],"version-history":[{"count":12,"href":"https:\/\/lyceemauriac.fr\/index.php\/wp-json\/wp\/v2\/pages\/11549\/revisions"}],"predecessor-version":[{"id":12024,"href":"https:\/\/lyceemauriac.fr\/index.php\/wp-json\/wp\/v2\/pages\/11549\/revisions\/12024"}],"wp:attachment":[{"href":"https:\/\/lyceemauriac.fr\/index.php\/wp-json\/wp\/v2\/media?parent=11549"}],"curies":[{"name":"wp","href":"https:\/\/api.w.org\/{rel}","templated":true}]}}