{"id":1157,"date":"2017-02-04T14:17:58","date_gmt":"2017-02-04T13:17:58","guid":{"rendered":"https:\/\/lyceemauriac.fr\/?page_id=1157"},"modified":"2017-02-19T10:11:46","modified_gmt":"2017-02-19T09:11:46","slug":"tpe","status":"publish","type":"page","link":"https:\/\/lyceemauriac.fr\/index.php\/vie-pedagogique\/tice\/tutoriels-eleves\/tpe\/","title":{"rendered":"TPE : quelques conseils techniques"},"content":{"rendered":"<ul>\n<li><strong>Ne pas \u00eatre d\u00e9pendant d&rsquo;une connexion r\u00e9seau :<\/strong>\n<ul>\n<li>Si vous avez r\u00e9alis\u00e9 un diaporama sous Google Slides, Prezi ou autres, ayez imp\u00e9rativement une version hors ligne disponible avec vous.<\/li>\n<li>Si vous avez int\u00e9gr\u00e9 dans votre diaporama des vid\u00e9os en streaming\u00a0 (Youtube, Dailymotion, Vimeo&#8230;), vous devez en avoir t\u00e9l\u00e9charg\u00e9 une version consultable hors ligne (pour t\u00e9l\u00e9charger une vid\u00e9o, utilisez par exemple le site <a href=\"https:\/\/www.google.fr\/url?sa=t&amp;rct=j&amp;q=&amp;esrc=s&amp;source=web&amp;cd=1&amp;cad=rja&amp;uact=8&amp;ved=0ahUKEwiVxMX184LSAhVGvxQKHW7_AjAQFggfMAA&amp;url=http%3A%2F%2Fwww.fluvore.com%2F&amp;usg=AFQjCNEtxfbq-g3dlGVErpCIXxQPfrVwIw&amp;sig2=3wgI92Gx1-_d23floLnEkg\">fluvore<\/a>).<\/li>\n<\/ul>\n<\/li>\n<li><strong>Ne pas \u00eatre d\u00e9pendant d&rsquo;un logiciel particulier :<\/strong>\n<ul>\n<li>Ayez toujours une version pdf de votre diaporama ou rapport. Celle-ci peut s&rsquo;obtenir directement depuis votre logiciel de travail (par export pdf), ou bien par Pdf Creator, ou bien par un convertisseur en ligne<\/li>\n<li>Les ordinateurs sur lesquels vous passerez votre oral pourront lire tous les documents g\u00e9n\u00e9r\u00e9s par LibreOffice, OpenOffice, et la suite Microsoft Office jusqu&rsquo;\u00e0 la version 2007.<br \/>\nEvitez imp\u00e9rativement les enregistrements sous les extensions .docx ou .pptx. R\u00e9-enregistrez ces fichiers sous la forme .doc ou .ppt.<\/li>\n<\/ul>\n<\/li>\n<li><strong>Ne pas \u00eatre d\u00e9pendant d&rsquo;un oubli mat\u00e9riel :<\/strong>\n<ul>\n<li>Ayez vos documents num\u00e9riques enregistr\u00e9s sur plusieurs supports diff\u00e9rents :\n<ul>\n<li>supports physiques diff\u00e9rents (2 cl\u00e9s usb)<\/li>\n<li>supports virtuels (documents envoy\u00e9s sur votre messagerie, d\u00e9pos\u00e9s sur un stockage en ligne de type Dropbox)<\/li>\n<\/ul>\n<\/li>\n<\/ul>\n<\/li>\n<\/ul>\n<p>En cas de doute, d&rsquo;inqui\u00e9tudes ou d&rsquo;interrogation, vous pouvez envoyer un message \u00e0 <a href=\"mailto:informatique.mauriac@gmail.com\">informatique.mauriac@gmail.com<\/a><\/p>\n","protected":false},"excerpt":{"rendered":"<p>Ne pas \u00eatre d\u00e9pendant d&rsquo;une connexion r\u00e9seau : Si vous avez r\u00e9alis\u00e9 un diaporama sous Google Slides, Prezi ou autres, ayez imp\u00e9rativement une version hors ligne disponible avec vous. Si vous avez int\u00e9gr\u00e9 dans votre diaporama des vid\u00e9os en streaming\u00a0 (Youtube, Dailymotion, Vimeo&#8230;), vous devez en avoir t\u00e9l\u00e9charg\u00e9 une version consultable hors ligne (pour t\u00e9l\u00e9charger [&hellip;]<\/p>\n","protected":false},"author":2,"featured_media":0,"parent":1422,"menu_order":0,"comment_status":"closed","ping_status":"closed","template":"","meta":{"footnotes":""},"class_list":["post-1157","page","type-page","status-publish","hentry"],"_links":{"self":[{"href":"https:\/\/lyceemauriac.fr\/index.php\/wp-json\/wp\/v2\/pages\/1157","targetHints":{"allow":["GET"]}}],"collection":[{"href":"https:\/\/lyceemauriac.fr\/index.php\/wp-json\/wp\/v2\/pages"}],"about":[{"href":"https:\/\/lyceemauriac.fr\/index.php\/wp-json\/wp\/v2\/types\/page"}],"author":[{"embeddable":true,"href":"https:\/\/lyceemauriac.fr\/index.php\/wp-json\/wp\/v2\/users\/2"}],"replies":[{"embeddable":true,"href":"https:\/\/lyceemauriac.fr\/index.php\/wp-json\/wp\/v2\/comments?post=1157"}],"version-history":[{"count":7,"href":"https:\/\/lyceemauriac.fr\/index.php\/wp-json\/wp\/v2\/pages\/1157\/revisions"}],"predecessor-version":[{"id":1377,"href":"https:\/\/lyceemauriac.fr\/index.php\/wp-json\/wp\/v2\/pages\/1157\/revisions\/1377"}],"up":[{"embeddable":true,"href":"https:\/\/lyceemauriac.fr\/index.php\/wp-json\/wp\/v2\/pages\/1422"}],"wp:attachment":[{"href":"https:\/\/lyceemauriac.fr\/index.php\/wp-json\/wp\/v2\/media?parent=1157"}],"curies":[{"name":"wp","href":"https:\/\/api.w.org\/{rel}","templated":true}]}}