{"id":11944,"date":"2025-01-02T16:04:48","date_gmt":"2025-01-02T15:04:48","guid":{"rendered":"https:\/\/lyceemauriac.fr\/?page_id=11944"},"modified":"2025-05-12T10:13:15","modified_gmt":"2025-05-12T08:13:15","slug":"greta","status":"publish","type":"page","link":"https:\/\/lyceemauriac.fr\/index.php\/greta\/","title":{"rendered":"Apprentissage &#8211; Greta-CFA-Aquitaine"},"content":{"rendered":"<p>&nbsp;<\/p>\n<p><a href=\"https:\/\/lyceemauriac.fr\/wp-content\/uploads\/2025\/01\/logo_greta.png\"><img loading=\"lazy\" decoding=\"async\" class=\"aligncenter wp-image-11947\" src=\"https:\/\/lyceemauriac.fr\/wp-content\/uploads\/2025\/01\/logo_greta.png\" alt=\"\" width=\"645\" height=\"203\" srcset=\"https:\/\/lyceemauriac.fr\/wp-content\/uploads\/2025\/01\/logo_greta.png 877w, https:\/\/lyceemauriac.fr\/wp-content\/uploads\/2025\/01\/logo_greta-200x63.png 200w, https:\/\/lyceemauriac.fr\/wp-content\/uploads\/2025\/01\/logo_greta-768x242.png 768w, https:\/\/lyceemauriac.fr\/wp-content\/uploads\/2025\/01\/logo_greta-370x116.png 370w\" sizes=\"auto, (max-width: 645px) 100vw, 645px\" \/><\/a><\/p>\n<p>Notre lyc\u00e9e fait partie du <a href=\"https:\/\/greta-cfa-aquitaine.fr\/\" target=\"_blank\" rel=\"noopener\">Greta-CFA-Aquitine<\/a> par le biais de notre <a href=\"https:\/\/lyceemauriac.fr\/index.php\/formations\/bts-cg-par-apprentissage\/\" target=\"_blank\" rel=\"noopener\">BTS Comptabilit\u00e9 Gestion par apprentissage<\/a>.<\/p>\n<p><strong>Contacts Greta-CFA-Aquitaine au sein du lyc\u00e9e :<\/strong><\/p>\n<ul>\n<li>Mme Sandrine RICART, assistante administrative, <a href=\"mailto:lycee.mauriac@greta-cfa-aquitaine.fr\" target=\"_blank\" rel=\"noopener\">lycee.mauriac@greta-cfa-<wbr \/>aquitaine.fr<\/a>, 05 56 38 52 81<\/li>\n<li>M. Dominique Astier, coordonnateur du BTS Comptabilit\u00e9 en apprentissage<\/li>\n<li>M. Micka\u00ebl GAGNEROT, DDFPT,\u00a0<a href=\"mailto:ddfpt.0330027a@ac-bordeaux.fr\" target=\"_blank\" rel=\"noopener\">ddfpt.0330027a@ac-bordeaux.fr<\/a>,\u00a0 06 82 22 50 03<\/li>\n<\/ul>\n<p><strong>Contacts au sein du Greta-CFA-Aquitaine :<\/strong><\/p>\n<ul>\n<li>GRETA-CFA Aquitaine \/ Agence Tertiaire<\/li>\n<\/ul>\n<blockquote><p><span style=\"font-size: xx-small;\">2 avenue Thouars &#8211; 33400 TALENCE<\/span><br \/>\n<span style=\"font-size: xx-small;\">05 56 04 67 78 \/ 05 57 01 90 08<\/span><br \/>\n<a href=\"mailto:vlouis.bts1@greta-cfa-aquitaine.fr\" target=\"_blank\" rel=\"noopener\">vlouis.bts1@greta-cfa-aquitain<wbr \/>e.fr<\/a><\/p><\/blockquote>\n<ul>\n<li>C\u00e9cile SERGEANT<\/li>\n<\/ul>\n<blockquote><p>Conseill\u00e8re en Formation<br \/>\n<a href=\"mailto:cecile.sergeant@greta-cfa-aquitaine.fr\" target=\"_blank\" rel=\"noopener\">cecile.sergeant@greta-cfa-<wbr \/>aquitaine.fr<\/a><br \/>\n06 72 71 83 94<\/p><\/blockquote>\n<p><strong>Quelques dates \u00e0 retenir :<\/strong><\/p>\n<ul>\n<li>PARCOURSUP \u00e0 partir du 20 janvier 2025<\/li>\n<li>JPO des BTS samedi 8 f\u00e9vrier 2025 de 9h00 \u00e0 12h00<\/li>\n<li>REUNION D&rsquo;INFORMATION : mercredi 2 avril 2025 de 14h30 \u00e0 17h00<\/li>\n<li>SPEED DATING : en mai<\/li>\n<\/ul>\n<p><strong>Documents \u00e0 t\u00e9l\u00e9charger :<\/strong><\/p>\n<p><a href=\"https:\/\/lyceemauriac.fr\/wp-content\/uploads\/2025\/05\/Plaquette-BTS-CG-Mauriac-2025.pdf\" class=\"mtli_attachment mtli_pdf\">Plaquette BTS CG Mauriac 2025<\/a><\/p>\n<p><a href=\"https:\/\/lyceemauriac.fr\/wp-content\/uploads\/2025\/01\/BTS-CG-Mauriac-Calendrier-2024-2026.pdf\" class=\"mtli_attachment mtli_pdf\">BTS CG Mauriac &#8211; Calendrier 2024 2026<\/a><\/p>\n","protected":false},"excerpt":{"rendered":"<p>&nbsp; Notre lyc\u00e9e fait partie du Greta-CFA-Aquitine par le biais de notre BTS Comptabilit\u00e9 Gestion par apprentissage. Contacts Greta-CFA-Aquitaine au sein du lyc\u00e9e : Mme Sandrine RICART, assistante administrative, lycee.mauriac@greta-cfa-aquitaine.fr, 05 56 38 52 81 M. Dominique Astier, coordonnateur du BTS Comptabilit\u00e9 en apprentissage M. Micka\u00ebl GAGNEROT, DDFPT,\u00a0ddfpt.0330027a@ac-bordeaux.fr,\u00a0 06 82 22 50 03 Contacts au [&hellip;]<\/p>\n","protected":false},"author":2,"featured_media":0,"parent":0,"menu_order":0,"comment_status":"closed","ping_status":"closed","template":"","meta":{"footnotes":""},"class_list":["post-11944","page","type-page","status-publish","hentry"],"_links":{"self":[{"href":"https:\/\/lyceemauriac.fr\/index.php\/wp-json\/wp\/v2\/pages\/11944","targetHints":{"allow":["GET"]}}],"collection":[{"href":"https:\/\/lyceemauriac.fr\/index.php\/wp-json\/wp\/v2\/pages"}],"about":[{"href":"https:\/\/lyceemauriac.fr\/index.php\/wp-json\/wp\/v2\/types\/page"}],"author":[{"embeddable":true,"href":"https:\/\/lyceemauriac.fr\/index.php\/wp-json\/wp\/v2\/users\/2"}],"replies":[{"embeddable":true,"href":"https:\/\/lyceemauriac.fr\/index.php\/wp-json\/wp\/v2\/comments?post=11944"}],"version-history":[{"count":4,"href":"https:\/\/lyceemauriac.fr\/index.php\/wp-json\/wp\/v2\/pages\/11944\/revisions"}],"predecessor-version":[{"id":12230,"href":"https:\/\/lyceemauriac.fr\/index.php\/wp-json\/wp\/v2\/pages\/11944\/revisions\/12230"}],"wp:attachment":[{"href":"https:\/\/lyceemauriac.fr\/index.php\/wp-json\/wp\/v2\/media?parent=11944"}],"curies":[{"name":"wp","href":"https:\/\/api.w.org\/{rel}","templated":true}]}}