{"id":12862,"date":"2026-02-05T20:15:15","date_gmt":"2026-02-05T19:15:15","guid":{"rendered":"https:\/\/lyceemauriac.fr\/?page_id=12862"},"modified":"2026-02-05T20:25:11","modified_gmt":"2026-02-05T19:25:11","slug":"italien","status":"publish","type":"page","link":"https:\/\/lyceemauriac.fr\/index.php\/italien\/","title":{"rendered":"Italien"},"content":{"rendered":"<p><a href=\"https:\/\/lyceemauriac.fr\/wp-content\/uploads\/2026\/02\/Screenshot_20230331-155305_Google.jpg\"><img loading=\"lazy\" decoding=\"async\" class=\"aligncenter size-full wp-image-12865\" src=\"https:\/\/lyceemauriac.fr\/wp-content\/uploads\/2026\/02\/Screenshot_20230331-155305_Google.jpg\" alt=\"\" width=\"795\" height=\"1126\" srcset=\"https:\/\/lyceemauriac.fr\/wp-content\/uploads\/2026\/02\/Screenshot_20230331-155305_Google.jpg 795w, https:\/\/lyceemauriac.fr\/wp-content\/uploads\/2026\/02\/Screenshot_20230331-155305_Google-141x200.jpg 141w, https:\/\/lyceemauriac.fr\/wp-content\/uploads\/2026\/02\/Screenshot_20230331-155305_Google-723x1024.jpg 723w, https:\/\/lyceemauriac.fr\/wp-content\/uploads\/2026\/02\/Screenshot_20230331-155305_Google-768x1088.jpg 768w, https:\/\/lyceemauriac.fr\/wp-content\/uploads\/2026\/02\/Screenshot_20230331-155305_Google-177x250.jpg 177w\" sizes=\"auto, (max-width: 795px) 100vw, 795px\" \/><\/a><\/p>\n<p>&nbsp;<\/p>\n<p><span style=\"color: #333333;\"><span style=\"font-family: Arial, sans-serif;\"><span style=\"font-size: medium;\">Au lyc\u00e9e Fran\u00e7ois Mauriac, il est possible de d\u00e9buter l&rsquo;italien (LVC) en classe de seconde. <\/span><\/span><\/span><\/p>\n<p><span style=\"color: #333333;\"><span style=\"font-family: Arial, sans-serif;\"><span style=\"font-size: medium;\">Ma\u00eetriser une 3\u00e8me langue vous d\u00e9marquera et vous donnera l\u2019opportunit\u00e9 d\u2019obtenir un passeport pour de nouvelles aventures au pays de la Dolce Vita.<\/span><\/span><\/span><\/p>\n<p>&nbsp;<\/p>\n<p><span style=\"color: #b21a0f;\"><span style=\"font-family: Arial, sans-serif;\"><span style=\"font-size: medium;\">La discipline est prise en compte pour le baccalaur\u00e9at mais sur la seule base des bulletins trimestriels (pas d\u2019\u00e9preuve \u00e0 passer).<\/span><\/span><\/span><\/p>\n<p><a href=\"https:\/\/lyceemauriac.fr\/index.php\/pourquoi-choisir-litalien\/\"><span style=\"color: #000000;\"><span style=\"font-family: Arial, sans-serif;\"><span style=\"font-size: medium;\">\u27a1\ufe0f Pourquoi choisir l&rsquo;italien ?\u00a0<\/span><\/span><\/span><\/a><\/p>\n","protected":false},"excerpt":{"rendered":"<p>&nbsp; Au lyc\u00e9e Fran\u00e7ois Mauriac, il est possible de d\u00e9buter l&rsquo;italien (LVC) en classe de seconde. Ma\u00eetriser une 3\u00e8me langue vous d\u00e9marquera et vous donnera l\u2019opportunit\u00e9 d\u2019obtenir un passeport pour de nouvelles aventures au pays de la Dolce Vita. &nbsp; La discipline est prise en compte pour le baccalaur\u00e9at mais sur la seule base des [&hellip;]<\/p>\n","protected":false},"author":2,"featured_media":0,"parent":0,"menu_order":0,"comment_status":"closed","ping_status":"closed","template":"","meta":{"footnotes":""},"class_list":["post-12862","page","type-page","status-publish","hentry"],"_links":{"self":[{"href":"https:\/\/lyceemauriac.fr\/index.php\/wp-json\/wp\/v2\/pages\/12862","targetHints":{"allow":["GET"]}}],"collection":[{"href":"https:\/\/lyceemauriac.fr\/index.php\/wp-json\/wp\/v2\/pages"}],"about":[{"href":"https:\/\/lyceemauriac.fr\/index.php\/wp-json\/wp\/v2\/types\/page"}],"author":[{"embeddable":true,"href":"https:\/\/lyceemauriac.fr\/index.php\/wp-json\/wp\/v2\/users\/2"}],"replies":[{"embeddable":true,"href":"https:\/\/lyceemauriac.fr\/index.php\/wp-json\/wp\/v2\/comments?post=12862"}],"version-history":[{"count":5,"href":"https:\/\/lyceemauriac.fr\/index.php\/wp-json\/wp\/v2\/pages\/12862\/revisions"}],"predecessor-version":[{"id":12874,"href":"https:\/\/lyceemauriac.fr\/index.php\/wp-json\/wp\/v2\/pages\/12862\/revisions\/12874"}],"wp:attachment":[{"href":"https:\/\/lyceemauriac.fr\/index.php\/wp-json\/wp\/v2\/media?parent=12862"}],"curies":[{"name":"wp","href":"https:\/\/api.w.org\/{rel}","templated":true}]}}