{"id":12868,"date":"2026-02-05T20:19:04","date_gmt":"2026-02-05T19:19:04","guid":{"rendered":"https:\/\/lyceemauriac.fr\/?page_id=12868"},"modified":"2026-02-05T20:20:56","modified_gmt":"2026-02-05T19:20:56","slug":"pourquoi-choisir-litalien","status":"publish","type":"page","link":"https:\/\/lyceemauriac.fr\/index.php\/pourquoi-choisir-litalien\/","title":{"rendered":"Pourquoi choisir l&rsquo;italien ?"},"content":{"rendered":"<p><strong><span style=\"color: #00a933;\"><span style=\"font-family: Arial, sans-serif;\"><span style=\"font-size: medium;\"><b>Parce que le fran\u00e7ais et l\u2019italien sont comme des cousins !<\/b><\/span><\/span><\/span><\/strong><span style=\"color: #333333;\"><span style=\"font-family: Arial, sans-serif;\"><span style=\"font-size: medium;\"><br \/>\nCes deux langues viennent du latin, ce qui rend l\u2019italien plus facile \u00e0 apprendre et permet de progresser rapidement\u2026 parfois de fa\u00e7on impressionnante !<\/span><\/span><\/span><\/p>\n<p><strong><span style=\"color: #ff0000;\"><span style=\"font-family: Arial, sans-serif;\"><span style=\"font-size: medium;\"><b>Parce que parler italien, c\u2019est un vrai plaisir !<\/b><\/span><\/span><\/span><\/strong><span style=\"color: #333333;\"><span style=\"font-family: Arial, sans-serif;\"><span style=\"font-size: medium;\"><br \/>\nL\u2019italien est une langue m\u00e9lodieuse et agr\u00e9able \u00e0 prononcer. Et vous le savez : on apprend mieux ce qu\u2019on aime !<\/span><\/span><\/span><\/p>\n<p><strong><span style=\"color: #00a933;\"><span style=\"font-family: Arial, sans-serif;\"><span style=\"font-size: medium;\"><b>Parce que l\u2019Italie, c\u2019est le r\u00eave \u00e0 port\u00e9e de main !<\/b><\/span><\/span><\/span><\/strong><span style=\"color: #333333;\"><span style=\"font-family: Arial, sans-serif;\"><span style=\"font-size: medium;\"><br \/>\nApprendre l\u2019italien <\/span><\/span><\/span><span style=\"color: #333333;\"><span style=\"font-family: Arial, sans-serif;\"><span style=\"font-size: medium;\">vous<\/span><\/span><\/span><span style=\"color: #333333;\"><span style=\"font-family: Arial, sans-serif;\"><span style=\"font-size: medium;\"> donne acc\u00e8s \u00e0 l\u2019un des plus beaux pays du monde. En premi\u00e8re et en terminale, <\/span><\/span><\/span><span style=\"color: #333333;\"><span style=\"font-family: Arial, sans-serif;\"><span style=\"font-size: medium;\">vous pourrez<\/span><\/span><\/span><span style=\"color: #333333;\"><span style=\"font-family: Arial, sans-serif;\"><span style=\"font-size: medium;\"> \u00e9ventuellement participer \u00e0 des projets : voyages scolaires, \u00e9changes courts (1 semaine) ou plus longs (1 mois) gr\u00e2ce \u00e0 nos partenariats Erasmus. Une vraie immersion dans la langue et la culture italiennes !<\/span><\/span><\/span><\/p>\n<p><strong><span style=\"color: #ff0000;\"><span style=\"font-family: Arial, sans-serif;\"><span style=\"font-size: medium;\"><b>Parce que c\u2019est un atout pour votre avenir !<\/b><\/span><\/span><\/span><\/strong><\/p>\n<p><span style=\"color: #333333;\"><span style=\"font-family: Arial, sans-serif;\"><span style=\"font-size: medium;\"><strong>L\u2019Italie est le 2\u1d49 partenaire \u00e9conomique de la France et le 2\u1d49 pays industriel d\u2019Europe apr\u00e8s l\u2019Allemagne. Selon les derni\u00e8res statistiques de la Chambre de Commerce et d\u2019Industrie italienne, la France est l&rsquo;un des principaux partenaires commerciaux de l&rsquo;Italie. Le march\u00e9 italien repr\u00e9sente une opportunit\u00e9 importante pour les entreprises fran\u00e7aises dans des secteurs comme le tourisme, <\/strong><strong>la gastronomie, le design, <\/strong><strong>la mode, l&rsquo;automobile, <\/strong><strong>le luxe et<\/strong> <strong>l\u2019agroalimentaire<\/strong><strong>. <\/strong><\/span><\/span><\/span><\/p>\n<p><span style=\"color: #333333;\"><span style=\"font-family: Arial, sans-serif;\"><span style=\"font-size: medium;\">En 2023, le secteur du luxe a g\u00e9n\u00e9r\u00e9 environ 280 milliards d&rsquo;euros, et l\u2019Italie est un leader mondial dans ce domaine. <\/span><\/span><\/span><\/p>\n<p><span style=\"color: #333333;\"><span style=\"font-family: Arial, sans-serif;\"><span style=\"font-size: medium;\">Une ma\u00eetrise de l\u2019italien peut vous permettre de saisir des opportunit\u00e9s professionnelles dans des entreprises italiennes de renom, notamment en France et en Europe.<\/span><\/span><\/span><\/p>\n<p><span style=\"color: #333333;\"><span style=\"font-family: Arial, sans-serif;\"><span style=\"font-size: medium;\">L\u2019Italie est \u00e9galement l\u2019une des destinations touristiques les plus populaires au monde. En 2023, l&rsquo;Italie a attir\u00e9 plus de 60 millions de touristes \u00e9trangers. Travailler dans l&rsquo;industrie du tourisme, en particulier pour des entreprises italiennes ou des agences de voyages, est un secteur porteur, et parler l\u2019italien constitue un avantage consid\u00e9rable.<\/span><\/span><\/span><\/p>\n<p>&nbsp;<\/p>\n<p><span style=\"color: #333333;\"><span style=\"font-family: Arial, sans-serif;\"><span style=\"font-size: medium;\">L&rsquo;Italie \u00e9tant un leader dans le secteur de la mode et du design, ma\u00eetriser l\u2019italien est \u00e9galement un avantage pour toute personne int\u00e9ress\u00e9e par une carri\u00e8re dans les domaines cr\u00e9atifs et artistiques. L&rsquo;Italie repr\u00e9sente environ 4% du PIB mondial, et sa production dans les secteurs du luxe et du design en fait un acteur majeur sur la sc\u00e8ne internationale.<\/span><\/span><\/span><\/p>\n<p>&nbsp;<\/p>\n<p><span style=\"color: #333333;\"> <span style=\"font-family: Arial, sans-serif;\"><span style=\"font-size: medium;\">En bref, savoir parler italien peut faire la diff\u00e9rence sur un CV.<\/span><\/span><\/span><\/p>\n<h3 class=\"western\"><span style=\"color: #00a933;\"><span style=\"font-family: Arial, sans-serif;\"><span style=\"font-size: large;\"><b>Comment se d\u00e9roule le programme ?<\/b><\/span><\/span><\/span><\/h3>\n<p><span style=\"color: #333333;\"><span style=\"font-family: Arial, sans-serif;\"><span style=\"font-size: medium;\">Vous aurez\u00a0<\/span><\/span><\/span><strong><span style=\"color: #333333;\"><span style=\"font-family: Arial, sans-serif;\"><span style=\"font-size: medium;\">3 heures par semaine<\/span><\/span><\/span><\/strong><span style=\"color: #333333;\"><span style=\"font-family: Arial, sans-serif;\"><span style=\"font-size: medium;\">, de la seconde \u00e0 la terminale, pour progresser de mani\u00e8re r\u00e9guli\u00e8re et solide.<\/span><\/span><\/span><\/p>\n<ul>\n<li><strong><span style=\"color: #333333;\"><span style=\"font-family: Arial, sans-serif;\"><span style=\"font-size: medium;\">Seconde et premi\u00e8re :<\/span><\/span><\/span><\/strong><span style=\"color: #333333;\"><span style=\"font-family: Arial, sans-serif;\"><span style=\"font-size: medium;\">\u00a0acquisition des bases et surtout beaucoup de pratique \u00e0 l\u2019oral.<\/span><\/span><\/span><\/li>\n<li><strong><span style=\"color: #333333;\"><span style=\"font-family: Arial, sans-serif;\"><span style=\"font-size: medium;\">Terminale :<\/span><\/span><\/span><\/strong><span style=\"color: #333333;\"><span style=\"font-family: Arial, sans-serif;\"><span style=\"font-size: medium;\">\u00a0d\u00e9couverte de th\u00e8mes culturels et civilisationnels plus complexes, tout en continuant \u00e0 parler et \u00e0 s\u2019exprimer en italien.<\/span><\/span><\/span><\/li>\n<\/ul>\n<h3 class=\"western\"><span style=\"color: #00a933;\"><span style=\"font-family: Arial, sans-serif;\"><span style=\"font-size: large;\"><b>L\u2019italien au BAC<\/b><\/span><\/span><\/span><\/h3>\n<p><span style=\"color: #333333;\"><span style=\"font-family: Arial, sans-serif;\"><span style=\"font-size: medium;\">L\u2019italien est \u00e9valu\u00e9 dans le cadre du\u00a0<\/span><\/span><\/span><strong><span style=\"color: #333333;\"><span style=\"font-family: Arial, sans-serif;\"><span style=\"font-size: medium;\"><b>contr\u00f4le continu<\/b><\/span><\/span><\/span><\/strong><span style=\"color: #333333;\"><span style=\"font-family: Arial, sans-serif;\"><span style=\"font-size: medium;\">\u00a0: ce sont donc vos notes de premi\u00e8re et de terminale qui comptent, pas d\u2019examen final.<\/span><\/span><\/span><\/p>\n<p>&nbsp;<\/p>\n<p><strong><span style=\"color: #ff0000;\"><span style=\"font-family: Arial, sans-serif;\"><span style=\"font-size: large;\"><b>Poursuites d\u2019\u00e9tudes<\/b><\/span><\/span><\/span><\/strong><\/p>\n<p><span style=\"color: #333333;\"><span style=\"font-family: Arial, sans-serif;\"><span style=\"font-size: medium;\">Universit\u00e9 Bordeaux Montaigne ( LEA,LLCE), classes pr\u00e9paratoires, Sciences Po Bordeaux, BTS\u2026 et pourquoi pas dans le sup\u00e9rieur suivre une fili\u00e8re qui vous permettra de passer un semestre dans une universit\u00e9 italienne via le programme Erasmus+<\/span><\/span><\/span><\/p>\n","protected":false},"excerpt":{"rendered":"<p>Parce que le fran\u00e7ais et l\u2019italien sont comme des cousins ! Ces deux langues viennent du latin, ce qui rend l\u2019italien plus facile \u00e0 apprendre et permet de progresser rapidement\u2026 parfois de fa\u00e7on impressionnante ! Parce que parler italien, c\u2019est un vrai plaisir ! L\u2019italien est une langue m\u00e9lodieuse et agr\u00e9able \u00e0 prononcer. Et vous [&hellip;]<\/p>\n","protected":false},"author":2,"featured_media":0,"parent":0,"menu_order":0,"comment_status":"closed","ping_status":"closed","template":"","meta":{"footnotes":""},"class_list":["post-12868","page","type-page","status-publish","hentry"],"_links":{"self":[{"href":"https:\/\/lyceemauriac.fr\/index.php\/wp-json\/wp\/v2\/pages\/12868","targetHints":{"allow":["GET"]}}],"collection":[{"href":"https:\/\/lyceemauriac.fr\/index.php\/wp-json\/wp\/v2\/pages"}],"about":[{"href":"https:\/\/lyceemauriac.fr\/index.php\/wp-json\/wp\/v2\/types\/page"}],"author":[{"embeddable":true,"href":"https:\/\/lyceemauriac.fr\/index.php\/wp-json\/wp\/v2\/users\/2"}],"replies":[{"embeddable":true,"href":"https:\/\/lyceemauriac.fr\/index.php\/wp-json\/wp\/v2\/comments?post=12868"}],"version-history":[{"count":4,"href":"https:\/\/lyceemauriac.fr\/index.php\/wp-json\/wp\/v2\/pages\/12868\/revisions"}],"predecessor-version":[{"id":12873,"href":"https:\/\/lyceemauriac.fr\/index.php\/wp-json\/wp\/v2\/pages\/12868\/revisions\/12873"}],"wp:attachment":[{"href":"https:\/\/lyceemauriac.fr\/index.php\/wp-json\/wp\/v2\/media?parent=12868"}],"curies":[{"name":"wp","href":"https:\/\/api.w.org\/{rel}","templated":true}]}}