{"id":131,"date":"2016-12-11T23:13:55","date_gmt":"2016-12-11T22:13:55","guid":{"rendered":"http:\/\/lyceemauriac.fr\/?page_id=131"},"modified":"2026-02-26T09:05:34","modified_gmt":"2026-02-26T08:05:34","slug":"classe-de-seconde","status":"publish","type":"page","link":"https:\/\/lyceemauriac.fr\/index.php\/formations\/seconde\/classe-de-seconde\/","title":{"rendered":"Informations g\u00e9n\u00e9rales sur la Seconde"},"content":{"rendered":"<p><strong>Langues Vivantes A<\/strong> : ANGLAIS<\/p>\n<p><strong>Langues Vivantes B<\/strong> : ESPAGNOL &#8211; ALLEMAND &#8211; CHINOIS<\/p>\n<p>&nbsp;<\/p>\n<p><strong>I- Enseignements communs<\/strong> :<\/p>\n<ul>\n<li>Fran\u00e7ais (4h)<\/li>\n<li>LVA et LVB (5h30)<\/li>\n<li>Physique Chimie (3h)<\/li>\n<li>Histoire G\u00e9ographie (3h)<\/li>\n<li>Sciences \u00c9conomiques et Sociales (1h30)<\/li>\n<li>Sciences de la Vie et de la Terre (1h30)<\/li>\n<li>Enseignement Moral et Civique (0h30)<\/li>\n<li>Math\u00e9matiques (4h)<\/li>\n<li>\u00c9ducation Physique et Sportive (2h)<\/li>\n<li>Sciences Num\u00e9riques et Technologique (1h30)<\/li>\n<\/ul>\n<p>&nbsp;<\/p>\n<p><strong>II- Enseignements Facultatifs : 1 seul choix<\/strong> (sauf Section Euro)\u00a0 Une fois choisi, pr\u00e9sence obligatoire pour l&rsquo;ann\u00e9e<\/p>\n<ul>\n<li>Langues et cultures de l&rsquo;antiquit\u00e9 : Latin (3h)<\/li>\n<li>Langues Vivantes C : Arabe &#8211; Italien (3h)<\/li>\n<li>Arts Plastiques (3h)<\/li>\n<li>Cin\u00e9ma Audiovisuel (3h)<\/li>\n<li>Sciences de Laboratoire :<\/li>\n<li>Section EURO ANGLAIS <strong><em>(2) : cumulable avec une autre option\u00a0<\/em><\/strong><\/li>\n<li>Section EURO ESPAGNOL <em><strong>(2) : cumulable avec une autre option<\/strong><\/em><\/li>\n<\/ul>\n<h6><em>(1) Si trop de demandes, les \u00e9l\u00e8ves seront d\u00e9partag\u00e9s par leurs notes de Physique Chimie de 3\u00e8me.<\/em><\/h6>\n<h6><em>(2)\u00a0 Ne sont concern\u00e9s que les \u00e9l\u00e8ves ayant re\u00e7u l&rsquo;acceptation de leur dossier par \u00e9crit.<\/em><\/h6>\n<p>&nbsp;<\/p>\n<p>&nbsp;<\/p>\n<p>&nbsp;<\/p>\n<p>&nbsp;<\/p>\n<p>&nbsp;<\/p>\n","protected":false},"excerpt":{"rendered":"<p>Langues Vivantes A : ANGLAIS Langues Vivantes B : ESPAGNOL &#8211; ALLEMAND &#8211; CHINOIS &nbsp; I- Enseignements communs : Fran\u00e7ais (4h) LVA et LVB (5h30) Physique Chimie (3h) Histoire G\u00e9ographie (3h) Sciences \u00c9conomiques et Sociales (1h30) Sciences de la Vie et de la Terre (1h30) Enseignement Moral et Civique (0h30) Math\u00e9matiques (4h) \u00c9ducation Physique et [&hellip;]<\/p>\n","protected":false},"author":2,"featured_media":0,"parent":1285,"menu_order":0,"comment_status":"closed","ping_status":"closed","template":"","meta":{"footnotes":""},"class_list":["post-131","page","type-page","status-publish","hentry"],"_links":{"self":[{"href":"https:\/\/lyceemauriac.fr\/index.php\/wp-json\/wp\/v2\/pages\/131","targetHints":{"allow":["GET"]}}],"collection":[{"href":"https:\/\/lyceemauriac.fr\/index.php\/wp-json\/wp\/v2\/pages"}],"about":[{"href":"https:\/\/lyceemauriac.fr\/index.php\/wp-json\/wp\/v2\/types\/page"}],"author":[{"embeddable":true,"href":"https:\/\/lyceemauriac.fr\/index.php\/wp-json\/wp\/v2\/users\/2"}],"replies":[{"embeddable":true,"href":"https:\/\/lyceemauriac.fr\/index.php\/wp-json\/wp\/v2\/comments?post=131"}],"version-history":[{"count":29,"href":"https:\/\/lyceemauriac.fr\/index.php\/wp-json\/wp\/v2\/pages\/131\/revisions"}],"predecessor-version":[{"id":12925,"href":"https:\/\/lyceemauriac.fr\/index.php\/wp-json\/wp\/v2\/pages\/131\/revisions\/12925"}],"up":[{"embeddable":true,"href":"https:\/\/lyceemauriac.fr\/index.php\/wp-json\/wp\/v2\/pages\/1285"}],"wp:attachment":[{"href":"https:\/\/lyceemauriac.fr\/index.php\/wp-json\/wp\/v2\/media?parent=131"}],"curies":[{"name":"wp","href":"https:\/\/api.w.org\/{rel}","templated":true}]}}