{"id":146,"date":"2016-12-14T07:19:24","date_gmt":"2016-12-14T06:19:24","guid":{"rendered":"http:\/\/lyceemauriac.fr\/?page_id=146"},"modified":"2026-02-11T11:55:48","modified_gmt":"2026-02-11T10:55:48","slug":"presentation-du-lycee","status":"publish","type":"page","link":"https:\/\/lyceemauriac.fr\/index.php\/presentation-du-lycee\/","title":{"rendered":"Pr\u00e9sentation du lyc\u00e9e"},"content":{"rendered":"<h2>\u00c0 la d\u00e9couverte du lyc\u00e9e<\/h2>\n<p>D\u00e9couvrez dans le diaporama ci-dessous une pr\u00e9sentation de notre lyc\u00e9e, ses options, ses sp\u00e9cialit\u00e9s, ses cord\u00e9es&#8230;<\/p>\n<div class=\"_df_book df-lite\" id=\"df_12883\"  _slug=\"12883\" data-title=\"\" wpoptions=\"true\" thumbtype=\"\" ><\/div><script class=\"df-shortcode-script\" nowprocket type=\"application\/javascript\">window.option_df_12883 = {\"outline\":[],\"autoEnableOutline\":\"false\",\"autoEnableThumbnail\":\"false\",\"overwritePDFOutline\":\"false\",\"direction\":\"1\",\"pageSize\":\"0\",\"source\":\"https:\\\/\\\/lyceemauriac.fr\\\/wp-content\\\/uploads\\\/2026\\\/02\\\/Presentation-lycee-F-Mauriac.pdf\",\"wpOptions\":\"true\"}; if(window.DFLIP && window.DFLIP.parseBooks){window.DFLIP.parseBooks();}<\/script>\n<h2>Le lyc\u00e9e vu du ciel<\/h2>\n<p>&nbsp;<\/p>\n<div style=\"width: 640px;\" class=\"wp-video\"><!--[if lt IE 9]><script>document.createElement('video');<\/script><![endif]-->\n<video class=\"wp-video-shortcode\" id=\"video-146-1\" width=\"640\" height=\"360\" preload=\"metadata\" controls=\"controls\"><source type=\"video\/mp4\" src=\"https:\/\/lyceemauriac.fr\/wp-content\/uploads\/2021\/08\/video_pres.mp4?_=1\" \/><a href=\"https:\/\/lyceemauriac.fr\/wp-content\/uploads\/2021\/08\/video_pres.mp4\">https:\/\/lyceemauriac.fr\/wp-content\/uploads\/2021\/08\/video_pres.mp4<\/a><\/video><\/div>\n","protected":false},"excerpt":{"rendered":"<p>\u00c0 la d\u00e9couverte du lyc\u00e9e D\u00e9couvrez dans le diaporama ci-dessous une pr\u00e9sentation de notre lyc\u00e9e, ses options, ses sp\u00e9cialit\u00e9s, ses cord\u00e9es&#8230; Le lyc\u00e9e vu du ciel &nbsp;<\/p>\n","protected":false},"author":2,"featured_media":0,"parent":0,"menu_order":0,"comment_status":"closed","ping_status":"closed","template":"","meta":{"footnotes":""},"class_list":["post-146","page","type-page","status-publish","hentry"],"_links":{"self":[{"href":"https:\/\/lyceemauriac.fr\/index.php\/wp-json\/wp\/v2\/pages\/146","targetHints":{"allow":["GET"]}}],"collection":[{"href":"https:\/\/lyceemauriac.fr\/index.php\/wp-json\/wp\/v2\/pages"}],"about":[{"href":"https:\/\/lyceemauriac.fr\/index.php\/wp-json\/wp\/v2\/types\/page"}],"author":[{"embeddable":true,"href":"https:\/\/lyceemauriac.fr\/index.php\/wp-json\/wp\/v2\/users\/2"}],"replies":[{"embeddable":true,"href":"https:\/\/lyceemauriac.fr\/index.php\/wp-json\/wp\/v2\/comments?post=146"}],"version-history":[{"count":17,"href":"https:\/\/lyceemauriac.fr\/index.php\/wp-json\/wp\/v2\/pages\/146\/revisions"}],"predecessor-version":[{"id":12886,"href":"https:\/\/lyceemauriac.fr\/index.php\/wp-json\/wp\/v2\/pages\/146\/revisions\/12886"}],"wp:attachment":[{"href":"https:\/\/lyceemauriac.fr\/index.php\/wp-json\/wp\/v2\/media?parent=146"}],"curies":[{"name":"wp","href":"https:\/\/api.w.org\/{rel}","templated":true}]}}