{"id":164,"date":"2016-12-14T18:39:06","date_gmt":"2016-12-14T17:39:06","guid":{"rendered":"http:\/\/lyceemauriac.fr\/?page_id=164"},"modified":"2026-03-24T21:11:25","modified_gmt":"2026-03-24T20:11:25","slug":"mentions-legales","status":"publish","type":"page","link":"https:\/\/lyceemauriac.fr\/index.php\/mentions-legales\/","title":{"rendered":"Mentions l\u00e9gales"},"content":{"rendered":"<ul>\n<li><strong>Directeur de publication :<\/strong> le chef d&rsquo;\u00e9tablissement, M. Alain BONO<\/li>\n<li><strong>Webmaster : <\/strong> M. Gilles LASSUS<\/li>\n<li><strong>H\u00e9bergeur :<\/strong> OVH<\/li>\n<\/ul>\n<p>L&rsquo;ensemble du site rel\u00e8ve des l\u00e9gislations fran\u00e7aise et internationale sur le droit d&rsquo;auteur et la propri\u00e9t\u00e9 intellectuelle. Tous les droits de reproduction sont r\u00e9serv\u00e9s, y compris pour les documents t\u00e9l\u00e9chargeables et les repr\u00e9sentations iconographiques et photographiques.<\/p>\n<p>La reproduction de tout ou partie de ce site sur quelque support que ce soit est interdite sauf autorisation pr\u00e9alable (nous contacter) et sauf dans les cas pr\u00e9cis\u00e9s ci-dessous. Toute copie, m\u00eame partielle, de quelques \u00e9l\u00e9ments que ce soit de ce site sans autorisation pr\u00e9alable fera l&rsquo;objet de poursuites judiciaires.<br \/>\nToute autre utilisation d&rsquo;\u00e9l\u00e9ments et de pages du site nomm\u00e9 ci-dessus, la diffusion ou la modification sans l&rsquo;autorisation \u00e9crite pr\u00e9alable, est strictement interdite et constitue une contrefa\u00e7on sanctionn\u00e9e p\u00e9nalement.<br \/>\nNous rappelons que le contenu du site web peut comporter des inexactitudes techniques, erreurs typographiques ou omissions, et que ce contenu peut \u00eatre modifi\u00e9 ou mis \u00e0 jour sans pr\u00e9avis.<br \/>\nPar ailleurs, l&rsquo;\u00e9tablissement nomm\u00e9 ci-dessus ne prend aucun engagement concernant tout autre site auquel vous pourriez avoir acc\u00e8s via son site web, \u00e9tant express\u00e9ment rappel\u00e9 qu&rsquo;un lien vers un autre site ne signifie aucunement que l&rsquo;\u00e9tablissement nomm\u00e9 ci-dessus assume une quelconque responsabilit\u00e9 quant au contenu ou l&rsquo;usage qui peut \u00eatre fait de tels sites.<br \/>\nTout lien avec ce site web doit faire pr\u00e9alablement l&rsquo;objet d&rsquo;une demande expresse d&rsquo;autorisation.<\/p>\n<p>Pour toutes autres informations, remarques, merci d&rsquo;adresser un courrier \u00e9lectronique \u00e0 l&rsquo;adresse email :<\/p>\n<p>informatique.mauriac[at]gmail.com<\/p>\n","protected":false},"excerpt":{"rendered":"<p>Directeur de publication : le chef d&rsquo;\u00e9tablissement, M. Alain BONO Webmaster : M. Gilles LASSUS H\u00e9bergeur : OVH L&rsquo;ensemble du site rel\u00e8ve des l\u00e9gislations fran\u00e7aise et internationale sur le droit d&rsquo;auteur et la propri\u00e9t\u00e9 intellectuelle. Tous les droits de reproduction sont r\u00e9serv\u00e9s, y compris pour les documents t\u00e9l\u00e9chargeables et les repr\u00e9sentations iconographiques et photographiques. La [&hellip;]<\/p>\n","protected":false},"author":2,"featured_media":0,"parent":0,"menu_order":0,"comment_status":"closed","ping_status":"closed","template":"","meta":{"footnotes":""},"class_list":["post-164","page","type-page","status-publish","hentry"],"_links":{"self":[{"href":"https:\/\/lyceemauriac.fr\/index.php\/wp-json\/wp\/v2\/pages\/164","targetHints":{"allow":["GET"]}}],"collection":[{"href":"https:\/\/lyceemauriac.fr\/index.php\/wp-json\/wp\/v2\/pages"}],"about":[{"href":"https:\/\/lyceemauriac.fr\/index.php\/wp-json\/wp\/v2\/types\/page"}],"author":[{"embeddable":true,"href":"https:\/\/lyceemauriac.fr\/index.php\/wp-json\/wp\/v2\/users\/2"}],"replies":[{"embeddable":true,"href":"https:\/\/lyceemauriac.fr\/index.php\/wp-json\/wp\/v2\/comments?post=164"}],"version-history":[{"count":6,"href":"https:\/\/lyceemauriac.fr\/index.php\/wp-json\/wp\/v2\/pages\/164\/revisions"}],"predecessor-version":[{"id":12999,"href":"https:\/\/lyceemauriac.fr\/index.php\/wp-json\/wp\/v2\/pages\/164\/revisions\/12999"}],"wp:attachment":[{"href":"https:\/\/lyceemauriac.fr\/index.php\/wp-json\/wp\/v2\/media?parent=164"}],"curies":[{"name":"wp","href":"https:\/\/api.w.org\/{rel}","templated":true}]}}