{"id":2063,"date":"2017-05-25T17:46:17","date_gmt":"2017-05-25T15:46:17","guid":{"rendered":"https:\/\/lyceemauriac.fr\/?page_id=2063"},"modified":"2017-05-25T18:00:07","modified_gmt":"2017-05-25T16:00:07","slug":"projet-savanturiers-2017","status":"publish","type":"page","link":"https:\/\/lyceemauriac.fr\/index.php\/projet-savanturiers-2017\/","title":{"rendered":"Projet Savanturiers 2017"},"content":{"rendered":"<p>voir cet article :<\/p>\n<blockquote class=\"wp-embedded-content\" data-secret=\"nW422eBxM7\"><p><a href=\"https:\/\/lyceemauriac.fr\/index.php\/2017\/05\/25\/les-1eres-s2-et-1ere-s3-savanturiers-a-la-cite-des-sciences\/\">les 1\u00e8res S2 et 1\u00e8re S3, Savanturiers \u00e0 la Cit\u00e9 des Sciences<\/a><\/p><\/blockquote>\n<p><iframe loading=\"lazy\" class=\"wp-embedded-content\" sandbox=\"allow-scripts\" security=\"restricted\" style=\"position: absolute; clip: rect(1px, 1px, 1px, 1px);\" title=\"\u00ab\u00a0les 1\u00e8res S2 et 1\u00e8re S3, Savanturiers \u00e0 la Cit\u00e9 des Sciences\u00a0\u00bb &#8212; Lyc\u00e9e Fran\u00e7ois Mauriac\" src=\"https:\/\/lyceemauriac.fr\/index.php\/2017\/05\/25\/les-1eres-s2-et-1ere-s3-savanturiers-a-la-cite-des-sciences\/embed\/#?secret=KQfmvAqch3#?secret=nW422eBxM7\" data-secret=\"nW422eBxM7\" width=\"600\" height=\"338\" frameborder=\"0\" marginwidth=\"0\" marginheight=\"0\" scrolling=\"no\"><\/iframe><\/p>\n","protected":false},"excerpt":{"rendered":"<p>voir cet article : les 1\u00e8res S2 et 1\u00e8re S3, Savanturiers \u00e0 la Cit\u00e9 des Sciences<\/p>\n","protected":false},"author":2,"featured_media":0,"parent":0,"menu_order":0,"comment_status":"closed","ping_status":"closed","template":"","meta":{"footnotes":""},"class_list":["post-2063","page","type-page","status-publish","hentry"],"_links":{"self":[{"href":"https:\/\/lyceemauriac.fr\/index.php\/wp-json\/wp\/v2\/pages\/2063","targetHints":{"allow":["GET"]}}],"collection":[{"href":"https:\/\/lyceemauriac.fr\/index.php\/wp-json\/wp\/v2\/pages"}],"about":[{"href":"https:\/\/lyceemauriac.fr\/index.php\/wp-json\/wp\/v2\/types\/page"}],"author":[{"embeddable":true,"href":"https:\/\/lyceemauriac.fr\/index.php\/wp-json\/wp\/v2\/users\/2"}],"replies":[{"embeddable":true,"href":"https:\/\/lyceemauriac.fr\/index.php\/wp-json\/wp\/v2\/comments?post=2063"}],"version-history":[{"count":3,"href":"https:\/\/lyceemauriac.fr\/index.php\/wp-json\/wp\/v2\/pages\/2063\/revisions"}],"predecessor-version":[{"id":2086,"href":"https:\/\/lyceemauriac.fr\/index.php\/wp-json\/wp\/v2\/pages\/2063\/revisions\/2086"}],"wp:attachment":[{"href":"https:\/\/lyceemauriac.fr\/index.php\/wp-json\/wp\/v2\/media?parent=2063"}],"curies":[{"name":"wp","href":"https:\/\/api.w.org\/{rel}","templated":true}]}}