{"id":2563,"date":"2017-09-01T14:16:46","date_gmt":"2017-09-01T12:16:46","guid":{"rendered":"https:\/\/lyceemauriac.fr\/?page_id=2563"},"modified":"2017-09-18T15:54:29","modified_gmt":"2017-09-18T13:54:29","slug":"organisations-sortiesvoyage","status":"publish","type":"page","link":"https:\/\/lyceemauriac.fr\/index.php\/administration\/intendance\/organisations-sortiesvoyage\/","title":{"rendered":"Organisations sorties\/voyage"},"content":{"rendered":"<p>sorties cin\u00e9ma\/th\u00e9\u00e2tre :<\/p>\n<p><a href=\"https:\/\/lyceemauriac.fr\/wp-content\/uploads\/2017\/09\/sorties-cinema-theatre.pdf\" class=\"mtli_attachment mtli_pdf\">sorties cinema theatre<\/a><\/p>\n<p>informations voyages :<\/p>\n<p><a href=\"https:\/\/lyceemauriac.fr\/wp-content\/uploads\/2017\/09\/informations-voyages.pdf\" class=\"mtli_attachment mtli_pdf\">informations voyages<\/a><\/p>\n<p>charte voyage<\/p>\n<p><a href=\"https:\/\/lyceemauriac.fr\/wp-content\/uploads\/2017\/09\/charte-des-voyages-scolaires.pdf\" class=\"mtli_attachment mtli_pdf\">charte des voyages scolaires<\/a><\/p>\n<p>Mise \u00e0 jour sortie cin\u00e9ma-th\u00eaatre<\/p>\n<p><a href=\"https:\/\/lyceemauriac.fr\/wp-content\/uploads\/2017\/09\/Sortie-cin\u00e9ma-sans-document-de-r\u00e9gie.pdf\" class=\"mtli_attachment mtli_pdf\">Sortie cin\u00e9ma sans document de r\u00e9gie<\/a><\/p>\n","protected":false},"excerpt":{"rendered":"<p>sorties cin\u00e9ma\/th\u00e9\u00e2tre : sorties cinema theatre informations voyages : informations voyages charte voyage charte des voyages scolaires Mise \u00e0 jour sortie cin\u00e9ma-th\u00eaatre Sortie cin\u00e9ma sans document de r\u00e9gie<\/p>\n","protected":false},"author":2,"featured_media":0,"parent":1383,"menu_order":0,"comment_status":"closed","ping_status":"closed","template":"","meta":{"footnotes":""},"class_list":["post-2563","page","type-page","status-publish","hentry"],"_links":{"self":[{"href":"https:\/\/lyceemauriac.fr\/index.php\/wp-json\/wp\/v2\/pages\/2563","targetHints":{"allow":["GET"]}}],"collection":[{"href":"https:\/\/lyceemauriac.fr\/index.php\/wp-json\/wp\/v2\/pages"}],"about":[{"href":"https:\/\/lyceemauriac.fr\/index.php\/wp-json\/wp\/v2\/types\/page"}],"author":[{"embeddable":true,"href":"https:\/\/lyceemauriac.fr\/index.php\/wp-json\/wp\/v2\/users\/2"}],"replies":[{"embeddable":true,"href":"https:\/\/lyceemauriac.fr\/index.php\/wp-json\/wp\/v2\/comments?post=2563"}],"version-history":[{"count":3,"href":"https:\/\/lyceemauriac.fr\/index.php\/wp-json\/wp\/v2\/pages\/2563\/revisions"}],"predecessor-version":[{"id":2659,"href":"https:\/\/lyceemauriac.fr\/index.php\/wp-json\/wp\/v2\/pages\/2563\/revisions\/2659"}],"up":[{"embeddable":true,"href":"https:\/\/lyceemauriac.fr\/index.php\/wp-json\/wp\/v2\/pages\/1383"}],"wp:attachment":[{"href":"https:\/\/lyceemauriac.fr\/index.php\/wp-json\/wp\/v2\/media?parent=2563"}],"curies":[{"name":"wp","href":"https:\/\/api.w.org\/{rel}","templated":true}]}}