{"id":262,"date":"2016-12-21T17:43:41","date_gmt":"2016-12-21T16:43:41","guid":{"rendered":"http:\/\/lyceemauriac.fr\/?page_id=262"},"modified":"2022-11-29T09:48:51","modified_gmt":"2022-11-29T08:48:51","slug":"projet-detablissement","status":"publish","type":"page","link":"https:\/\/lyceemauriac.fr\/index.php\/administration\/direction\/projet-detablissement\/","title":{"rendered":"Projet d&rsquo;\u00e9tablissement"},"content":{"rendered":"<p>Vous trouverez ci-dessous le Projet d&rsquo;\u00c9tablissement du Lyc\u00e9e Fran\u00e7ois Mauriac.<\/p>\n<p>T\u00e9l\u00e9chargement : <a href=\"https:\/\/lyceemauriac.fr\/wp-content\/uploads\/2022\/11\/axes_projet_etab_LFM_Bdx.pdf\" class=\"mtli_attachment mtli_pdf\">Projet d&rsquo;\u00e9tablissement<\/a><\/p>\n<p><iframe loading=\"lazy\" class=\"pdfjs-viewer\" width=\"649px\" height=\"800px\" src=\"https:\/\/lyceemauriac.fr\/wp-content\/plugins\/pdf-viewer\/stable\/web\/viewer.html?file=https:\/\/lyceemauriac.fr\/wp-content\/uploads\/2022\/11\/axes_projet_etab_LFM_Bdx.pdf\"><\/iframe> <br \/>\n&nbsp;<\/p>\n","protected":false},"excerpt":{"rendered":"<p>Vous trouverez ci-dessous le Projet d&rsquo;\u00c9tablissement du Lyc\u00e9e Fran\u00e7ois Mauriac. T\u00e9l\u00e9chargement : Projet d&rsquo;\u00e9tablissement &nbsp;<\/p>\n","protected":false},"author":2,"featured_media":0,"parent":1381,"menu_order":0,"comment_status":"closed","ping_status":"closed","template":"","meta":{"footnotes":""},"class_list":["post-262","page","type-page","status-publish","hentry"],"_links":{"self":[{"href":"https:\/\/lyceemauriac.fr\/index.php\/wp-json\/wp\/v2\/pages\/262","targetHints":{"allow":["GET"]}}],"collection":[{"href":"https:\/\/lyceemauriac.fr\/index.php\/wp-json\/wp\/v2\/pages"}],"about":[{"href":"https:\/\/lyceemauriac.fr\/index.php\/wp-json\/wp\/v2\/types\/page"}],"author":[{"embeddable":true,"href":"https:\/\/lyceemauriac.fr\/index.php\/wp-json\/wp\/v2\/users\/2"}],"replies":[{"embeddable":true,"href":"https:\/\/lyceemauriac.fr\/index.php\/wp-json\/wp\/v2\/comments?post=262"}],"version-history":[{"count":5,"href":"https:\/\/lyceemauriac.fr\/index.php\/wp-json\/wp\/v2\/pages\/262\/revisions"}],"predecessor-version":[{"id":9684,"href":"https:\/\/lyceemauriac.fr\/index.php\/wp-json\/wp\/v2\/pages\/262\/revisions\/9684"}],"up":[{"embeddable":true,"href":"https:\/\/lyceemauriac.fr\/index.php\/wp-json\/wp\/v2\/pages\/1381"}],"wp:attachment":[{"href":"https:\/\/lyceemauriac.fr\/index.php\/wp-json\/wp\/v2\/media?parent=262"}],"curies":[{"name":"wp","href":"https:\/\/api.w.org\/{rel}","templated":true}]}}