{"id":265,"date":"2017-11-13T11:00:01","date_gmt":"2017-11-13T10:00:01","guid":{"rendered":"http:\/\/lyceemauriac.fr\/?page_id=265"},"modified":"2024-01-29T10:02:50","modified_gmt":"2024-01-29T09:02:50","slug":"presentation-vs","status":"publish","type":"page","link":"https:\/\/lyceemauriac.fr\/index.php\/administration\/vie-scolaire\/presentation-vs\/","title":{"rendered":"Pr\u00e9sentation du service Vie Scolaire"},"content":{"rendered":"<p style=\"text-align: left;\">La vie scolaire se situe au rez-de-chauss\u00e9e du b\u00e2timent principal de l&rsquo;\u00e9tablissement.<\/p>\n<p style=\"text-align: left;\">L&rsquo;\u00e9quipe vie scolaire est constitu\u00e9e des assistants d&rsquo;\u00e9ducation et de trois conseill\u00e8res principales d&rsquo;\u00e9ducation (CPE), Mme Lafargue, Mme Laguna et Mme Lagarde. Elle assure, entre autres, les missions de surveillance et d&rsquo;accompagnement des \u00e9l\u00e8ves dans leur scolarit\u00e9.<\/p>\n<p style=\"text-align: left;\">Le service est organis\u00e9 autour de :<\/p>\n<ul>\n<li style=\"text-align: left;\">Un bureau \u00ab\u00a0accueil vie scolaire\u00a0\u00bb ouvert du lundi au vendredi de 7h30 \u00e0 18h15.<\/li>\n<li style=\"text-align: left;\">Trois bureaux individuels pour les CPE.<\/li>\n<li style=\"text-align: left;\">Un CPE, au moins, assure la continuit\u00e9 du service. L&rsquo;\u00e9quipe des assistants d&rsquo;\u00e9ducation assure le relais en cas d&rsquo;indisponibilit\u00e9.<\/li>\n<li style=\"text-align: left;\">Une salle de permanence surveill\u00e9e de 8h \u00e0 18h.<\/li>\n<li style=\"text-align: left;\"><a href=\"https:\/\/lyceemauriac.fr\/index.php\/vie-du-lycee\/maison-des-lyceens\/mdl\/\">L&rsquo;animation de la maison des lyc\u00e9ens (MDL)<\/a><\/li>\n<\/ul>\n","protected":false},"excerpt":{"rendered":"<p>La vie scolaire se situe au rez-de-chauss\u00e9e du b\u00e2timent principal de l&rsquo;\u00e9tablissement. L&rsquo;\u00e9quipe vie scolaire est constitu\u00e9e des assistants d&rsquo;\u00e9ducation et de trois conseill\u00e8res principales d&rsquo;\u00e9ducation (CPE), Mme Lafargue, Mme Laguna et Mme Lagarde. Elle assure, entre autres, les missions de surveillance et d&rsquo;accompagnement des \u00e9l\u00e8ves dans leur scolarit\u00e9. Le service est organis\u00e9 autour de [&hellip;]<\/p>\n","protected":false},"author":2,"featured_media":0,"parent":1385,"menu_order":0,"comment_status":"closed","ping_status":"closed","template":"","meta":{"footnotes":""},"class_list":["post-265","page","type-page","status-publish","hentry"],"_links":{"self":[{"href":"https:\/\/lyceemauriac.fr\/index.php\/wp-json\/wp\/v2\/pages\/265","targetHints":{"allow":["GET"]}}],"collection":[{"href":"https:\/\/lyceemauriac.fr\/index.php\/wp-json\/wp\/v2\/pages"}],"about":[{"href":"https:\/\/lyceemauriac.fr\/index.php\/wp-json\/wp\/v2\/types\/page"}],"author":[{"embeddable":true,"href":"https:\/\/lyceemauriac.fr\/index.php\/wp-json\/wp\/v2\/users\/2"}],"replies":[{"embeddable":true,"href":"https:\/\/lyceemauriac.fr\/index.php\/wp-json\/wp\/v2\/comments?post=265"}],"version-history":[{"count":13,"href":"https:\/\/lyceemauriac.fr\/index.php\/wp-json\/wp\/v2\/pages\/265\/revisions"}],"predecessor-version":[{"id":10979,"href":"https:\/\/lyceemauriac.fr\/index.php\/wp-json\/wp\/v2\/pages\/265\/revisions\/10979"}],"up":[{"embeddable":true,"href":"https:\/\/lyceemauriac.fr\/index.php\/wp-json\/wp\/v2\/pages\/1385"}],"wp:attachment":[{"href":"https:\/\/lyceemauriac.fr\/index.php\/wp-json\/wp\/v2\/media?parent=265"}],"curies":[{"name":"wp","href":"https:\/\/api.w.org\/{rel}","templated":true}]}}