{"id":3118,"date":"2018-01-10T10:34:36","date_gmt":"2018-01-10T09:34:36","guid":{"rendered":"https:\/\/lyceemauriac.fr\/?page_id=3118"},"modified":"2018-10-10T08:01:18","modified_gmt":"2018-10-10T06:01:18","slug":"presentation-du-cvl-2","status":"publish","type":"page","link":"https:\/\/lyceemauriac.fr\/index.php\/vie-du-lycee\/conseil-de-vie-lyceenne\/presentation-du-cvl-2\/","title":{"rendered":"Pr\u00e9sentation du CVL"},"content":{"rendered":"<p>Le Conseil des d\u00e9l\u00e9gu\u00e9s pour la Vie Lyc\u00e9enne (CVL) est une instance au sein de l&rsquo;\u00e9tablissement. Il est\u00a0 le lieu o\u00f9 les lyc\u00e9ens sont associ\u00e9s aux d\u00e9cisions de l&rsquo;\u00e9tablissement. Les \u00e9lus y repr\u00e9sentent les \u00e9l\u00e8ves de leur lyc\u00e9e. C&rsquo;est du Conseil de la Vie Lyc\u00e9enne que sont issus les \u00e9l\u00e8ves\u00a0 si\u00e9geant au <strong>CONSEIL D&rsquo;ADMINISTRATION<\/strong>.\u00a0 Il est donc important de vous mobiliser dans le\u00a0 C.V.L.<\/p>\n<p style=\"text-align: left;\">Les \u00e9l\u00e8ves sont \u00e9lus pour deux ans et chaque ann\u00e9e le CVL est renouvel\u00e9 de moiti\u00e9.<\/p>\n<p style=\"text-align: left;\">Le chef d&rsquo;\u00e9tablissement est le pr\u00e9sident de cette instance et des adultes sont pr\u00e9sents pour accompagner les \u00e9l\u00e8ves.<\/p>\n<p>Le CVL est obligatoirement consult\u00e9 sur\u00a0:<\/p>\n<ul>\n<li>les principes g\u00e9n\u00e9raux de l&rsquo;organisation des \u00e9tudes et du temps scolaire,<\/li>\n<li>l&rsquo;\u00e9laboration et la modification du projet d&rsquo;\u00e9tablissement et du r\u00e8glement int\u00e9rieur,<\/li>\n<li>les questions de restauration et d&rsquo;internat,<\/li>\n<li>les modalit\u00e9s g\u00e9n\u00e9rales d&rsquo;organisation du travail personnel, de l&rsquo;accompagnement personnalis\u00e9,<\/li>\n<li>les dispositifs d&rsquo;accompagnement des changements d&rsquo;orientation,<\/li>\n<li>le soutien et l&rsquo;aide aux \u00e9l\u00e8ves,<\/li>\n<li>les \u00e9changes linguistiques et culturels en partenariat avec les \u00e9tablissement d&rsquo;enseignement europ\u00e9ens et \u00e9trangers,<\/li>\n<li>l&rsquo;information li\u00e9e \u00e0 l&rsquo;orientation, aux \u00e9tudes scolaires et universitaires et aux carri\u00e8res professionnelles,<\/li>\n<li>la sant\u00e9, l&rsquo;hygi\u00e8ne et la s\u00e9curit\u00e9,<\/li>\n<li>l&rsquo;am\u00e9nagement des espaces destin\u00e9s \u00e0 la vie lyc\u00e9enne,<\/li>\n<li>l&rsquo;organisation des activit\u00e9s sportives, culturelles et p\u00e9riscolaires<\/li>\n<\/ul>\n<h3 style=\"text-align: center;\"><em><strong>Les \u00e9lus du CVL pour l&rsquo;ann\u00e9e 2018.2019<\/strong><\/em><\/h3>\n<p style=\"text-align: center;\">BRISON LAURA (211) Suppl\u00e9ant AKARKACH RADWAN (211)<\/p>\n<p style=\"text-align: center;\"><strong>BECOT LOU-SALOME (1L2) Suppl\u00e9ant MONZIE ROMANE (1L2)<\/strong><\/p>\n<p style=\"text-align: center;\"><strong>BRAIZAT LOUISE (1ES4) Suppl\u00e9ant BEDAT LOUISE (TS2)<\/strong><\/p>\n<p style=\"text-align: center;\"><strong>GEAY VIOLETTE (TES3) Suppl\u00e9ant CHIARADIA HUGO (1ES1)<\/strong><\/p>\n<p style=\"text-align: center;\"><strong>GUINET JULIETTE (BTSCG2) Suppl\u00e9ant SIMAN LAETITIA (BTS CG2)<\/strong><\/p>\n<p style=\"text-align: center;\">LENOBLE NINON (209) Suppl\u00e9ant ROUCHARD PLUME (208)<\/p>\n<p style=\"text-align: center;\">MARTIN PIERRE (1S2) Suppl\u00e9ant ROUSTAING LUCAS (1S2)<\/p>\n<p style=\"text-align: center;\"><strong>MAURIN MATHILDE (1L1) Suppl\u00e9ant SOULET DAMIEN (1ES2)<\/strong><\/p>\n<p style=\"text-align: center;\">RODES ALEXIA (TS2) Suppl\u00e9ant GARNUNG CAMILLE (TS2)<\/p>\n<p>Les \u00e9l\u00e8ves dont le nom est en caract\u00e8re gras sont vos REPRESENTANTS au Conseil d&rsquo;Administration du Lyc\u00e9e pour cette ann\u00e9e scolaire.<\/p>\n<p>&nbsp;<\/p>\n<p><strong>LA VICE -PRESIDENCE DU Conseil de Vie Lyc\u00e9enne pour l&rsquo;ann\u00e9e 2018.2019 sera assur\u00e9e par GEAY VIOLETTE.<\/strong><\/p>\n<p>&nbsp;<\/p>\n<p>Nous remercions les \u00e9lecteurs qui se sont mobilis\u00e9s lors des diff\u00e9rents scrutins.<\/p>\n<p>&nbsp;<\/p>\n<p>Voici un lien vers le mur d&rsquo;informations du CVL : <a href=\"https:\/\/padlet.com\/cpe_mauriac\/CVLMauriac\">Mur-CVL<\/a><\/p>\n","protected":false},"excerpt":{"rendered":"<p>Le Conseil des d\u00e9l\u00e9gu\u00e9s pour la Vie Lyc\u00e9enne (CVL) est une instance au sein de l&rsquo;\u00e9tablissement. Il est\u00a0 le lieu o\u00f9 les lyc\u00e9ens sont associ\u00e9s aux d\u00e9cisions de l&rsquo;\u00e9tablissement. Les \u00e9lus y repr\u00e9sentent les \u00e9l\u00e8ves de leur lyc\u00e9e. C&rsquo;est du Conseil de la Vie Lyc\u00e9enne que sont issus les \u00e9l\u00e8ves\u00a0 si\u00e9geant au CONSEIL D&rsquo;ADMINISTRATION.\u00a0 Il [&hellip;]<\/p>\n","protected":false},"author":42,"featured_media":0,"parent":1449,"menu_order":0,"comment_status":"closed","ping_status":"closed","template":"","meta":{"footnotes":""},"class_list":["post-3118","page","type-page","status-publish","hentry"],"_links":{"self":[{"href":"https:\/\/lyceemauriac.fr\/index.php\/wp-json\/wp\/v2\/pages\/3118","targetHints":{"allow":["GET"]}}],"collection":[{"href":"https:\/\/lyceemauriac.fr\/index.php\/wp-json\/wp\/v2\/pages"}],"about":[{"href":"https:\/\/lyceemauriac.fr\/index.php\/wp-json\/wp\/v2\/types\/page"}],"author":[{"embeddable":true,"href":"https:\/\/lyceemauriac.fr\/index.php\/wp-json\/wp\/v2\/users\/42"}],"replies":[{"embeddable":true,"href":"https:\/\/lyceemauriac.fr\/index.php\/wp-json\/wp\/v2\/comments?post=3118"}],"version-history":[{"count":5,"href":"https:\/\/lyceemauriac.fr\/index.php\/wp-json\/wp\/v2\/pages\/3118\/revisions"}],"predecessor-version":[{"id":4476,"href":"https:\/\/lyceemauriac.fr\/index.php\/wp-json\/wp\/v2\/pages\/3118\/revisions\/4476"}],"up":[{"embeddable":true,"href":"https:\/\/lyceemauriac.fr\/index.php\/wp-json\/wp\/v2\/pages\/1449"}],"wp:attachment":[{"href":"https:\/\/lyceemauriac.fr\/index.php\/wp-json\/wp\/v2\/media?parent=3118"}],"curies":[{"name":"wp","href":"https:\/\/api.w.org\/{rel}","templated":true}]}}