{"id":3286,"date":"2018-01-29T22:04:20","date_gmt":"2018-01-29T21:04:20","guid":{"rendered":"https:\/\/lyceemauriac.fr\/?page_id=3286"},"modified":"2024-09-19T13:41:37","modified_gmt":"2024-09-19T11:41:37","slug":"paiement-de-la-demi-pension","status":"publish","type":"page","link":"https:\/\/lyceemauriac.fr\/index.php\/administration\/intendance\/paiement-de-la-demi-pension\/","title":{"rendered":"Paiement de la demi-pension"},"content":{"rendered":"<h1>Paiement en ligne<\/h1>\n<ol>\n<li>Connectez-vous aux T\u00e9l\u00e9services \u00e0 l&rsquo;adresse <a href=\"https:\/\/bv.ac-bordeaux.fr\/ts\/\">https:\/\/bv.ac-bordeaux.fr\/ts\/<\/a><br \/>\nVous devez disposer de vos identifiants <strong>parents<\/strong> (diff\u00e9rents des identifiants \u00e9l\u00e8ves). Ils vous ont \u00e9t\u00e9 (normalement) donn\u00e9s durant la scolarit\u00e9 au coll\u00e8ge de votre enfant. En cas de probl\u00e8me (perte\/oubli\/dysfonctionnement), ils pourront vous \u00eatre redistribu\u00e9s tr\u00e8s prochainement.<\/p>\n<p>Lors de votre premi\u00e8re connexion, il est obligatoire de renseigner une adresse email valide, pour s\u00e9curiser l&rsquo;acc\u00e8s \u00e0 votre compte.<br \/>\n\u00c0 noter : il est aussi possible de se connecter avec ses identifiants fiscaux (utilis\u00e9s pour la d\u00e9claration d&rsquo;imp\u00f4ts en ligne). Pour cela, cliquez sur \u00ab\u00a0Je me connecte avec France Connect\u00a0\u00bb.<br \/>\n<strong>En cas de probl\u00e8me technique,<\/strong> vous pouvez contacter le service Intendance du lyc\u00e9e au 05 56 38 52 82.<br \/>\n<a href=\"https:\/\/lyceemauriac.fr\/wp-content\/uploads\/2018\/01\/S\u00e9lection_010.png\"><img loading=\"lazy\" decoding=\"async\" class=\"aligncenter size-full wp-image-3280\" src=\"https:\/\/lyceemauriac.fr\/wp-content\/uploads\/2018\/01\/S\u00e9lection_010.png\" alt=\"\" width=\"884\" height=\"593\" srcset=\"https:\/\/lyceemauriac.fr\/wp-content\/uploads\/2018\/01\/S\u00e9lection_010.png 884w, https:\/\/lyceemauriac.fr\/wp-content\/uploads\/2018\/01\/S\u00e9lection_010-200x134.png 200w, https:\/\/lyceemauriac.fr\/wp-content\/uploads\/2018\/01\/S\u00e9lection_010-768x515.png 768w, https:\/\/lyceemauriac.fr\/wp-content\/uploads\/2018\/01\/S\u00e9lection_010-370x248.png 370w\" sizes=\"auto, (max-width: 884px) 100vw, 884px\" \/><\/a><\/li>\n<li>Une fois connect\u00e9, choisissez Paiement en ligne des factures.<a href=\"https:\/\/lyceemauriac.fr\/wp-content\/uploads\/2018\/01\/S\u00e9lection_003.png\"><img loading=\"lazy\" decoding=\"async\" class=\"aligncenter size-full wp-image-3276\" src=\"https:\/\/lyceemauriac.fr\/wp-content\/uploads\/2018\/01\/S\u00e9lection_003.png\" alt=\"\" width=\"710\" height=\"630\" srcset=\"https:\/\/lyceemauriac.fr\/wp-content\/uploads\/2018\/01\/S\u00e9lection_003.png 710w, https:\/\/lyceemauriac.fr\/wp-content\/uploads\/2018\/01\/S\u00e9lection_003-200x177.png 200w, https:\/\/lyceemauriac.fr\/wp-content\/uploads\/2018\/01\/S\u00e9lection_003-282x250.png 282w\" sizes=\"auto, (max-width: 710px) 100vw, 710px\" \/><\/a><\/li>\n<li>La liste de vos factures appara\u00eet alors.<br \/>\n<a href=\"https:\/\/lyceemauriac.fr\/wp-content\/uploads\/2018\/01\/S\u00e9lection_004.png\"><img loading=\"lazy\" decoding=\"async\" class=\"aligncenter size-full wp-image-3275\" src=\"https:\/\/lyceemauriac.fr\/wp-content\/uploads\/2018\/01\/S\u00e9lection_004.png\" alt=\"\" width=\"1073\" height=\"571\" srcset=\"https:\/\/lyceemauriac.fr\/wp-content\/uploads\/2018\/01\/S\u00e9lection_004.png 1073w, https:\/\/lyceemauriac.fr\/wp-content\/uploads\/2018\/01\/S\u00e9lection_004-200x106.png 200w, https:\/\/lyceemauriac.fr\/wp-content\/uploads\/2018\/01\/S\u00e9lection_004-768x409.png 768w, https:\/\/lyceemauriac.fr\/wp-content\/uploads\/2018\/01\/S\u00e9lection_004-1024x545.png 1024w, https:\/\/lyceemauriac.fr\/wp-content\/uploads\/2018\/01\/S\u00e9lection_004-370x197.png 370w\" sizes=\"auto, (max-width: 1073px) 100vw, 1073px\" \/><\/a><\/li>\n<li>Cliquez sur Payer. Vous devez alors renseigner le montant de votre paiement avant de cliquer sur Valider.<br \/>\n<a href=\"https:\/\/lyceemauriac.fr\/wp-content\/uploads\/2018\/01\/S\u00e9lection_005.png\"><img loading=\"lazy\" decoding=\"async\" class=\"aligncenter size-full wp-image-3274\" src=\"https:\/\/lyceemauriac.fr\/wp-content\/uploads\/2018\/01\/S\u00e9lection_005.png\" alt=\"\" width=\"1096\" height=\"562\" srcset=\"https:\/\/lyceemauriac.fr\/wp-content\/uploads\/2018\/01\/S\u00e9lection_005.png 1096w, https:\/\/lyceemauriac.fr\/wp-content\/uploads\/2018\/01\/S\u00e9lection_005-200x103.png 200w, https:\/\/lyceemauriac.fr\/wp-content\/uploads\/2018\/01\/S\u00e9lection_005-768x394.png 768w, https:\/\/lyceemauriac.fr\/wp-content\/uploads\/2018\/01\/S\u00e9lection_005-1024x525.png 1024w, https:\/\/lyceemauriac.fr\/wp-content\/uploads\/2018\/01\/S\u00e9lection_005-370x190.png 370w\" sizes=\"auto, (max-width: 1096px) 100vw, 1096px\" \/><\/a><\/li>\n<li>Une fen\u00eatre de validation appara\u00eet, avant la redirection vers une plateforme de paiement.<br \/>\n<a href=\"https:\/\/lyceemauriac.fr\/wp-content\/uploads\/2018\/01\/S\u00e9lection_006.png\"><img loading=\"lazy\" decoding=\"async\" class=\"aligncenter size-full wp-image-3273\" src=\"https:\/\/lyceemauriac.fr\/wp-content\/uploads\/2018\/01\/S\u00e9lection_006.png\" alt=\"\" width=\"704\" height=\"439\" srcset=\"https:\/\/lyceemauriac.fr\/wp-content\/uploads\/2018\/01\/S\u00e9lection_006.png 704w, https:\/\/lyceemauriac.fr\/wp-content\/uploads\/2018\/01\/S\u00e9lection_006-200x125.png 200w, https:\/\/lyceemauriac.fr\/wp-content\/uploads\/2018\/01\/S\u00e9lection_006-370x231.png 370w\" sizes=\"auto, (max-width: 704px) 100vw, 704px\" \/><\/a><\/li>\n<li>Un r\u00e9capitulatif appara\u00eet :<br \/>\n<a href=\"https:\/\/lyceemauriac.fr\/wp-content\/uploads\/2018\/01\/S\u00e9lection_007.png\"><img loading=\"lazy\" decoding=\"async\" class=\"aligncenter size-full wp-image-3272\" src=\"https:\/\/lyceemauriac.fr\/wp-content\/uploads\/2018\/01\/S\u00e9lection_007.png\" alt=\"\" width=\"679\" height=\"609\" srcset=\"https:\/\/lyceemauriac.fr\/wp-content\/uploads\/2018\/01\/S\u00e9lection_007.png 679w, https:\/\/lyceemauriac.fr\/wp-content\/uploads\/2018\/01\/S\u00e9lection_007-200x179.png 200w, https:\/\/lyceemauriac.fr\/wp-content\/uploads\/2018\/01\/S\u00e9lection_007-279x250.png 279w\" sizes=\"auto, (max-width: 679px) 100vw, 679px\" \/><\/a><\/li>\n<li>Puis vous pouvez proc\u00e9der au paiement.<br \/>\n<a href=\"https:\/\/lyceemauriac.fr\/wp-content\/uploads\/2018\/01\/S\u00e9lection_008.png\"><img loading=\"lazy\" decoding=\"async\" class=\"aligncenter size-full wp-image-3271\" src=\"https:\/\/lyceemauriac.fr\/wp-content\/uploads\/2018\/01\/S\u00e9lection_008.png\" alt=\"\" width=\"1235\" height=\"453\" srcset=\"https:\/\/lyceemauriac.fr\/wp-content\/uploads\/2018\/01\/S\u00e9lection_008.png 1235w, https:\/\/lyceemauriac.fr\/wp-content\/uploads\/2018\/01\/S\u00e9lection_008-200x73.png 200w, https:\/\/lyceemauriac.fr\/wp-content\/uploads\/2018\/01\/S\u00e9lection_008-768x282.png 768w, https:\/\/lyceemauriac.fr\/wp-content\/uploads\/2018\/01\/S\u00e9lection_008-1024x376.png 1024w, https:\/\/lyceemauriac.fr\/wp-content\/uploads\/2018\/01\/S\u00e9lection_008-370x136.png 370w\" sizes=\"auto, (max-width: 1235px) 100vw, 1235px\" \/><\/a><\/li>\n<\/ol>\n","protected":false},"excerpt":{"rendered":"<p>Paiement en ligne Connectez-vous aux T\u00e9l\u00e9services \u00e0 l&rsquo;adresse https:\/\/bv.ac-bordeaux.fr\/ts\/ Vous devez disposer de vos identifiants parents (diff\u00e9rents des identifiants \u00e9l\u00e8ves). Ils vous ont \u00e9t\u00e9 (normalement) donn\u00e9s durant la scolarit\u00e9 au coll\u00e8ge de votre enfant. En cas de probl\u00e8me (perte\/oubli\/dysfonctionnement), ils pourront vous \u00eatre redistribu\u00e9s tr\u00e8s prochainement. Lors de votre premi\u00e8re connexion, il est obligatoire de [&hellip;]<\/p>\n","protected":false},"author":2,"featured_media":0,"parent":1383,"menu_order":0,"comment_status":"closed","ping_status":"closed","template":"","meta":{"footnotes":""},"class_list":["post-3286","page","type-page","status-publish","hentry"],"_links":{"self":[{"href":"https:\/\/lyceemauriac.fr\/index.php\/wp-json\/wp\/v2\/pages\/3286","targetHints":{"allow":["GET"]}}],"collection":[{"href":"https:\/\/lyceemauriac.fr\/index.php\/wp-json\/wp\/v2\/pages"}],"about":[{"href":"https:\/\/lyceemauriac.fr\/index.php\/wp-json\/wp\/v2\/types\/page"}],"author":[{"embeddable":true,"href":"https:\/\/lyceemauriac.fr\/index.php\/wp-json\/wp\/v2\/users\/2"}],"replies":[{"embeddable":true,"href":"https:\/\/lyceemauriac.fr\/index.php\/wp-json\/wp\/v2\/comments?post=3286"}],"version-history":[{"count":12,"href":"https:\/\/lyceemauriac.fr\/index.php\/wp-json\/wp\/v2\/pages\/3286\/revisions"}],"predecessor-version":[{"id":11693,"href":"https:\/\/lyceemauriac.fr\/index.php\/wp-json\/wp\/v2\/pages\/3286\/revisions\/11693"}],"up":[{"embeddable":true,"href":"https:\/\/lyceemauriac.fr\/index.php\/wp-json\/wp\/v2\/pages\/1383"}],"wp:attachment":[{"href":"https:\/\/lyceemauriac.fr\/index.php\/wp-json\/wp\/v2\/media?parent=3286"}],"curies":[{"name":"wp","href":"https:\/\/api.w.org\/{rel}","templated":true}]}}