{"id":51,"date":"2016-12-11T18:35:57","date_gmt":"2016-12-11T17:35:57","guid":{"rendered":"http:\/\/lyceemauriac.fr\/?page_id=51"},"modified":"2017-07-14T12:09:50","modified_gmt":"2017-07-14T10:09:50","slug":"presentation","status":"publish","type":"page","link":"https:\/\/lyceemauriac.fr\/index.php\/vie-pedagogique\/cdi\/presentation\/","title":{"rendered":"Pr\u00e9sentation du CDI"},"content":{"rendered":"<p><a href=\"https:\/\/lyceemauriac.fr\/wp-content\/uploads\/2017\/06\/CDI-Ado-1-1-3.pdf\" class=\"mtli_attachment mtli_pdf\">CDI Ado (1)-1<\/a><a href=\"https:\/\/lyceemauriac.fr\/wp-content\/uploads\/2017\/06\/R\u00e8gles-de-vie-au-CDI-du-Lyc\u00e9e-Fran\u00e7ois-Mauriac-3.pdf\" class=\"mtli_attachment mtli_pdf\">R\u00e8gles de vie au CDI du Lyc\u00e9e Fran\u00e7ois Mauriac<\/a><em>bient\u00f4t disponible<\/em><\/p>\n","protected":false},"excerpt":{"rendered":"<p>CDI Ado (1)-1R\u00e8gles de vie au CDI du Lyc\u00e9e Fran\u00e7ois Mauriacbient\u00f4t disponible<\/p>\n","protected":false},"author":2,"featured_media":0,"parent":1409,"menu_order":0,"comment_status":"closed","ping_status":"closed","template":"","meta":{"footnotes":""},"class_list":["post-51","page","type-page","status-publish","hentry"],"_links":{"self":[{"href":"https:\/\/lyceemauriac.fr\/index.php\/wp-json\/wp\/v2\/pages\/51","targetHints":{"allow":["GET"]}}],"collection":[{"href":"https:\/\/lyceemauriac.fr\/index.php\/wp-json\/wp\/v2\/pages"}],"about":[{"href":"https:\/\/lyceemauriac.fr\/index.php\/wp-json\/wp\/v2\/types\/page"}],"author":[{"embeddable":true,"href":"https:\/\/lyceemauriac.fr\/index.php\/wp-json\/wp\/v2\/users\/2"}],"replies":[{"embeddable":true,"href":"https:\/\/lyceemauriac.fr\/index.php\/wp-json\/wp\/v2\/comments?post=51"}],"version-history":[{"count":5,"href":"https:\/\/lyceemauriac.fr\/index.php\/wp-json\/wp\/v2\/pages\/51\/revisions"}],"predecessor-version":[{"id":2379,"href":"https:\/\/lyceemauriac.fr\/index.php\/wp-json\/wp\/v2\/pages\/51\/revisions\/2379"}],"up":[{"embeddable":true,"href":"https:\/\/lyceemauriac.fr\/index.php\/wp-json\/wp\/v2\/pages\/1409"}],"wp:attachment":[{"href":"https:\/\/lyceemauriac.fr\/index.php\/wp-json\/wp\/v2\/media?parent=51"}],"curies":[{"name":"wp","href":"https:\/\/api.w.org\/{rel}","templated":true}]}}