{"id":523,"date":"2017-01-05T16:57:10","date_gmt":"2017-01-05T15:57:10","guid":{"rendered":"https:\/\/lyceemauriac.fr\/?page_id=523"},"modified":"2020-02-13T17:54:23","modified_gmt":"2020-02-13T16:54:23","slug":"arts-plastiques","status":"publish","type":"page","link":"https:\/\/lyceemauriac.fr\/index.php\/formations\/options-facultatives\/arts-plastiques\/","title":{"rendered":"Arts Plastiques"},"content":{"rendered":"<p>OPTION FACULTATIVE ARTS PLASTIQUES<\/p>\n<p>L&rsquo;option facultative, comme son nom l&rsquo;indique, n&rsquo;est pas obligatoire et s&rsquo;adresse \u00e0 des \u00e9l\u00e8ves volontaires, et qui se connaissent d\u00e9j\u00e0 un certain go\u00fbt pour cette discipline. Les \u00e9l\u00e8ves b\u00e9n\u00e9ficient de trois heures d&rsquo;arts plastiques (dessin, peinture, volume, photo&#8230;) par semaine.<\/p>\n<p>En premi\u00e8re et terminale, toutes les \u00e9l\u00e8ves quelles quells soient les sp\u00e9cialit\u00e9s choisies peuvent acc\u00e9der \u00e0 cet enseignement (des \u00e9l\u00e8ves qui n&rsquo;auraient pas pris cette option en seconde peuvent l&rsquo;int\u00e9grer en d\u00e9but d&rsquo;ann\u00e9e scolaire)<\/p>\n<p>Quel que soit le niveau (seconde, premi\u00e8re, terminale), aucun pr\u00e9requis n&rsquo;est exig\u00e9; cet enseignement est bas\u00e9 sur la pratique, dans laquelle l&rsquo;envie, l&rsquo;imagination, la r\u00e9flexion, l&rsquo;engagement, sont essentiels.<\/p>\n<p>La discipline est pris en compte pour le baccalaur\u00e9at mais sur la seule base des bulletins trimestriels (pas d&rsquo;\u00e9preuve \u00e0 passer)<\/p>\n<p>Cette option offre donc \u00e0 tous la possibilit\u00e9 de d\u00e9velopper ses aptitudes, sa cr\u00e9ativit\u00e9, et le cas \u00e9ch\u00e9ant de pr\u00e9parer un suite d&rsquo;\u00e9tude dans le domaine artistique.<\/p>\n\r\n\t<div class=\"slideshow_container slideshow_container_style-light\" style=\"height: 400px; \" data-slideshow-id=\"1241\" data-style-name=\"style-light\" data-style-version=\"2.3.1\" >\r\n\r\n\t\t\t\t\t<div class=\"slideshow_loading_icon\"><\/div>\r\n\t\t\r\n\t\t<div class=\"slideshow_content\" style=\"display: none;\">\r\n\r\n\t\t\t<div class=\"slideshow_view\">\r\n\t\t\t\t<div class=\"slideshow_slide slideshow_slide_image\">\r\n\t\t\t\t\t\t\t\t\t\t\t<img src=\"https:\/\/lyceemauriac.fr\/wp-content\/uploads\/2017\/02\/IMG_1592.jpg\" alt=\"IMG_1592\" width=\"4000\" height=\"3000\" \/>\r\n\t\t\t\t\t\t\t\t\t\t<div class=\"slideshow_description_box slideshow_transparent\">\r\n\t\t\t\t\t\t<div class=\"slideshow_title\">IMG_1592<\/div>\t\t\t\t\t\t\t\t\t\t\t<\/div>\r\n\t\t\t\t<\/div>\r\n\r\n\t\t\t\t\t\t<div style=\"clear: both;\"><\/div><\/div><div class=\"slideshow_view\">\r\n\t\t\t\t<div class=\"slideshow_slide slideshow_slide_image\">\r\n\t\t\t\t\t\t\t\t\t\t\t<img src=\"https:\/\/lyceemauriac.fr\/wp-content\/uploads\/2017\/02\/chauve-souris.jpg\" alt=\"chauve-souris\" width=\"1618\" height=\"3472\" \/>\r\n\t\t\t\t\t\t\t\t\t\t<div class=\"slideshow_description_box slideshow_transparent\">\r\n\t\t\t\t\t\t<div class=\"slideshow_title\">chauve-souris<\/div>\t\t\t\t\t\t\t\t\t\t\t<\/div>\r\n\t\t\t\t<\/div>\r\n\r\n\t\t\t\t\t\t<div style=\"clear: both;\"><\/div><\/div><div class=\"slideshow_view\">\r\n\t\t\t\t<div class=\"slideshow_slide slideshow_slide_image\">\r\n\t\t\t\t\t\t\t\t\t\t\t<img src=\"https:\/\/lyceemauriac.fr\/wp-content\/uploads\/2017\/02\/IMG_1605.jpg\" alt=\"IMG_1605\" width=\"4000\" height=\"3000\" \/>\r\n\t\t\t\t\t\t\t\t\t\t<div class=\"slideshow_description_box slideshow_transparent\">\r\n\t\t\t\t\t\t<div class=\"slideshow_title\">IMG_1605<\/div>\t\t\t\t\t\t\t\t\t\t\t<\/div>\r\n\t\t\t\t<\/div>\r\n\r\n\t\t\t\t\t\t<div style=\"clear: both;\"><\/div><\/div><div class=\"slideshow_view\">\r\n\t\t\t\t<div class=\"slideshow_slide slideshow_slide_image\">\r\n\t\t\t\t\t\t\t\t\t\t\t<img src=\"https:\/\/lyceemauriac.fr\/wp-content\/uploads\/2017\/01\/L\u00e9a-Poza.jpg\" alt=\"L\u00e9a Poza\" width=\"4000\" height=\"3000\" \/>\r\n\t\t\t\t\t\t\t\t\t\t<div class=\"slideshow_description_box slideshow_transparent\">\r\n\t\t\t\t\t\t<div class=\"slideshow_title\">L\u00e9a Poza<\/div>\t\t\t\t\t\t\t\t\t\t\t<\/div>\r\n\t\t\t\t<\/div>\r\n\r\n\t\t\t\t\t\t<div style=\"clear: both;\"><\/div><\/div><div class=\"slideshow_view\">\r\n\t\t\t\t<div class=\"slideshow_slide slideshow_slide_image\">\r\n\t\t\t\t\t\t\t\t\t\t\t<img src=\"https:\/\/lyceemauriac.fr\/wp-content\/uploads\/2017\/01\/IMG_1141.jpg\" alt=\"IMG_1141\" width=\"4000\" height=\"3000\" \/>\r\n\t\t\t\t\t\t\t\t\t\t<div class=\"slideshow_description_box slideshow_transparent\">\r\n\t\t\t\t\t\t<div class=\"slideshow_title\">IMG_1141<\/div>\t\t\t\t\t\t\t\t\t\t\t<\/div>\r\n\t\t\t\t<\/div>\r\n\r\n\t\t\t\t\t\t<div style=\"clear: both;\"><\/div><\/div><div class=\"slideshow_view\">\r\n\t\t\t\t<div class=\"slideshow_slide slideshow_slide_image\">\r\n\t\t\t\t\t\t\t\t\t\t\t<img src=\"https:\/\/lyceemauriac.fr\/wp-content\/uploads\/2017\/01\/IMG_0138.jpg\" alt=\"IMG_0138\" width=\"4000\" height=\"3000\" \/>\r\n\t\t\t\t\t\t\t\t\t\t<div class=\"slideshow_description_box slideshow_transparent\">\r\n\t\t\t\t\t\t<div class=\"slideshow_title\">IMG_0138<\/div>\t\t\t\t\t\t\t\t\t\t\t<\/div>\r\n\t\t\t\t<\/div>\r\n\r\n\t\t\t\t\t\t<div style=\"clear: both;\"><\/div><\/div><div class=\"slideshow_view\">\r\n\t\t\t\t<div class=\"slideshow_slide slideshow_slide_image\">\r\n\t\t\t\t\t\t\t\t\t\t\t<img src=\"https:\/\/lyceemauriac.fr\/wp-content\/uploads\/2017\/01\/IMG_0020.jpg\" alt=\"IMG_0020\" width=\"3000\" height=\"4000\" \/>\r\n\t\t\t\t\t\t\t\t\t\t<div class=\"slideshow_description_box slideshow_transparent\">\r\n\t\t\t\t\t\t<div class=\"slideshow_title\">IMG_0020<\/div>\t\t\t\t\t\t\t\t\t\t\t<\/div>\r\n\t\t\t\t<\/div>\r\n\r\n\t\t\t\t\t\t<div style=\"clear: both;\"><\/div><\/div><div class=\"slideshow_view\">\r\n\t\t\t\t<div class=\"slideshow_slide slideshow_slide_image\">\r\n\t\t\t\t\t\t\t\t\t\t\t<img src=\"https:\/\/lyceemauriac.fr\/wp-content\/uploads\/2017\/01\/cage-032.jpg\" alt=\"cage 032\" width=\"3000\" height=\"4000\" \/>\r\n\t\t\t\t\t\t\t\t\t\t<div class=\"slideshow_description_box slideshow_transparent\">\r\n\t\t\t\t\t\t<div class=\"slideshow_title\">cage 032<\/div>\t\t\t\t\t\t\t\t\t\t\t<\/div>\r\n\t\t\t\t<\/div>\r\n\r\n\t\t\t\t\t\t<div style=\"clear: both;\"><\/div><\/div><div class=\"slideshow_view\">\r\n\t\t\t\t<div class=\"slideshow_slide slideshow_slide_image\">\r\n\t\t\t\t\t\t\t\t\t\t\t<img src=\"https:\/\/lyceemauriac.fr\/wp-content\/uploads\/2017\/01\/3.jpg\" alt=\"3\" width=\"640\" height=\"480\" \/>\r\n\t\t\t\t\t\t\t\t\t\t<div class=\"slideshow_description_box slideshow_transparent\">\r\n\t\t\t\t\t\t<div class=\"slideshow_title\">3<\/div>\t\t\t\t\t\t\t\t\t\t\t<\/div>\r\n\t\t\t\t<\/div>\r\n\r\n\t\t\t\t\t\t<div style=\"clear: both;\"><\/div><\/div><div class=\"slideshow_view\">\r\n\t\t\t\t<div class=\"slideshow_slide slideshow_slide_image\">\r\n\t\t\t\t\t\t\t\t\t\t\t<img src=\"https:\/\/lyceemauriac.fr\/wp-content\/uploads\/2017\/01\/IMG_0955.jpg\" alt=\"IMG_0955\" width=\"4000\" height=\"3000\" \/>\r\n\t\t\t\t\t\t\t\t\t\t<div class=\"slideshow_description_box slideshow_transparent\">\r\n\t\t\t\t\t\t<div class=\"slideshow_title\">IMG_0955<\/div>\t\t\t\t\t\t\t\t\t\t\t<\/div>\r\n\t\t\t\t<\/div>\r\n\r\n\t\t\t\t\t\t<div style=\"clear: both;\"><\/div><\/div>\r\n\t\t<\/div>\r\n\r\n\t\t<div class=\"slideshow_controlPanel slideshow_transparent\" style=\"display: none;\"><ul><li class=\"slideshow_togglePlay\" data-play-text=\"Play\" data-pause-text=\"Pause\"><\/li><\/ul><\/div>\r\n\r\n\t\t<div class=\"slideshow_button slideshow_previous slideshow_transparent\" role=\"button\" data-previous-text=\"Pr\u00e9c\u00e9dent\" style=\"display: none;\"><\/div>\r\n\t\t<div class=\"slideshow_button slideshow_next slideshow_transparent\" role=\"button\" data-next-text=\"Suivant\" style=\"display: none;\"><\/div>\r\n\r\n\t\t<div class=\"slideshow_pagination\" style=\"display: none;\" data-go-to-text=\"Go to slide\"><div class=\"slideshow_pagination_center\"><\/div><\/div>\r\n\r\n\t\t<!-- WordPress Slideshow Version 2.3.1 -->\r\n\r\n\t\t\t<\/div>\r\n\r\n\n<p>&nbsp;<\/p>\n","protected":false},"excerpt":{"rendered":"<p>OPTION FACULTATIVE ARTS PLASTIQUES L&rsquo;option facultative, comme son nom l&rsquo;indique, n&rsquo;est pas obligatoire et s&rsquo;adresse \u00e0 des \u00e9l\u00e8ves volontaires, et qui se connaissent d\u00e9j\u00e0 un certain go\u00fbt pour cette discipline. Les \u00e9l\u00e8ves b\u00e9n\u00e9ficient de trois heures d&rsquo;arts plastiques (dessin, peinture, volume, photo&#8230;) par semaine. En premi\u00e8re et terminale, toutes les \u00e9l\u00e8ves quelles quells soient les [&hellip;]<\/p>\n","protected":false},"author":2,"featured_media":996,"parent":521,"menu_order":0,"comment_status":"closed","ping_status":"closed","template":"","meta":{"footnotes":""},"class_list":["post-523","page","type-page","status-publish","has-post-thumbnail","hentry"],"_links":{"self":[{"href":"https:\/\/lyceemauriac.fr\/index.php\/wp-json\/wp\/v2\/pages\/523","targetHints":{"allow":["GET"]}}],"collection":[{"href":"https:\/\/lyceemauriac.fr\/index.php\/wp-json\/wp\/v2\/pages"}],"about":[{"href":"https:\/\/lyceemauriac.fr\/index.php\/wp-json\/wp\/v2\/types\/page"}],"author":[{"embeddable":true,"href":"https:\/\/lyceemauriac.fr\/index.php\/wp-json\/wp\/v2\/users\/2"}],"replies":[{"embeddable":true,"href":"https:\/\/lyceemauriac.fr\/index.php\/wp-json\/wp\/v2\/comments?post=523"}],"version-history":[{"count":8,"href":"https:\/\/lyceemauriac.fr\/index.php\/wp-json\/wp\/v2\/pages\/523\/revisions"}],"predecessor-version":[{"id":6446,"href":"https:\/\/lyceemauriac.fr\/index.php\/wp-json\/wp\/v2\/pages\/523\/revisions\/6446"}],"up":[{"embeddable":true,"href":"https:\/\/lyceemauriac.fr\/index.php\/wp-json\/wp\/v2\/pages\/521"}],"wp:featuredmedia":[{"embeddable":true,"href":"https:\/\/lyceemauriac.fr\/index.php\/wp-json\/wp\/v2\/media\/996"}],"wp:attachment":[{"href":"https:\/\/lyceemauriac.fr\/index.php\/wp-json\/wp\/v2\/media?parent=523"}],"curies":[{"name":"wp","href":"https:\/\/api.w.org\/{rel}","templated":true}]}}