{"id":5288,"date":"2025-01-18T07:00:43","date_gmt":"2025-01-18T06:00:43","guid":{"rendered":"https:\/\/lyceemauriac.fr\/?page_id=5288"},"modified":"2025-02-02T17:23:14","modified_gmt":"2025-02-02T16:23:14","slug":"specialites-bac-general","status":"publish","type":"page","link":"https:\/\/lyceemauriac.fr\/index.php\/formations\/specialites-bac-general\/","title":{"rendered":"Bac G\u00e9n\u00e9ral"},"content":{"rendered":"<div class=\"entry-content-wrapper\">\n<div class=\"entry-content\">\n<p>Le lyc\u00e9e Fran\u00e7ois Mauriac propose les 11 enseignements de sp\u00e9cialit\u00e9 suivants :<br \/>\n\u2013 Humanit\u00e9s, litt\u00e9rature et philosophie<br \/>\n\u2013 Histoire-g\u00e9ographie, g\u00e9opolitique et sciences politiques<br \/>\n\u2013 Sciences \u00e9conomiques et sociales<br \/>\n\u2013 Math\u00e9matiques<br \/>\n\u2013 Physique-chimie<br \/>\n\u2013 Sciences de la vie et de la terre<br \/>\n\u2013 Langues, litt\u00e9ratures et cultures \u00e9trang\u00e8res<br \/>\n\u2013 Num\u00e9rique et sciences informatiques<br \/>\n\u2013 Litt\u00e9rature et langues et cultures de l\u2019antiquit\u00e9<br \/>\n\u2013 Histoire des Arts <span style=\"color: #000000;\">(sp\u00e9cialit\u00e9 d\u00e9rogatoire. <strong>Pour les \u00e9l\u00e8ves ext\u00e9rieurs \u00e0 l&rsquo;\u00e9tablissement<\/strong>, un dossier est \u00e0 t\u00e9l\u00e9charger <a href=\"https:\/\/lyceemauriac.fr\/index.php\/2025\/02\/02\/dossiers-de-candidature-2025\/\">ici<\/a>, ou disponible lors de notre JPO du samedi 08 F\u00e9vrier 2025. Date butoir de remise : <strong>28 mai 2025<\/strong>)<\/span><br \/>\n\u2013 \u00c9ducation physique, pratiques et culture sportives \u00a0<span style=\"color: #000000;\">(sp\u00e9cialit\u00e9 d\u00e9rogatoire. <strong>Pour les \u00e9l\u00e8ves ext\u00e9rieurs \u00e0 l&rsquo;\u00e9tablissement<\/strong>, un dossier est \u00e0 t\u00e9l\u00e9charger <a href=\"https:\/\/lyceemauriac.fr\/index.php\/2025\/02\/02\/dossiers-de-candidature-2025\/\">ici<\/a> ,\u00a0ou disponible lors de notre JPO du samedi 08 F\u00e9vrier 2025. Date butoir de remise : <strong>28 mai 2025<\/strong>)\u00a0<\/span><\/p>\n<h3>Description des sp\u00e9cialit\u00e9s disponibles au lyc\u00e9e :<\/h3>\n<iframe loading=\"lazy\" class=\"pdfjs-viewer\" width=\"649px\" height=\"800px\" src=\"https:\/\/lyceemauriac.fr\/wp-content\/plugins\/pdf-viewer\/stable\/web\/viewer.html?file=https:\/\/lyceemauriac.fr\/wp-content\/uploads\/2022\/02\/specialites_Lycee_Mauriac.pdf\"><\/iframe> \n<p>&nbsp;<\/p>\n<p><a href=\"https:\/\/lyceemauriac.fr\/wp-content\/uploads\/2022\/02\/specialites_Lycee_Mauriac.pdf\" class=\"mtli_attachment mtli_pdf\">specialites_Lycee_Mauriac<\/a><\/p>\n<p>Pour conna\u00eetre les enseignements de sp\u00e9cialit\u00e9 des autres lyc\u00e9es de l\u2019acad\u00e9mie cliquer ici : <a href=\"http:\/\/www.ac-bordeaux.fr\/cid137315\/bac-2021-decouvrez-des-maintenant-les-enseignements-de-specialite-dans-l-academie-de-bordeaux.html\">Sp\u00e9cialit\u00e9s des lyc\u00e9es de l\u2019acad\u00e9mie<\/a><\/p>\n<\/div>\n<\/div>\n","protected":false},"excerpt":{"rendered":"<p>Le lyc\u00e9e Fran\u00e7ois Mauriac propose les 11 enseignements de sp\u00e9cialit\u00e9 suivants : \u2013 Humanit\u00e9s, litt\u00e9rature et philosophie \u2013 Histoire-g\u00e9ographie, g\u00e9opolitique et sciences politiques \u2013 Sciences \u00e9conomiques et sociales \u2013 Math\u00e9matiques \u2013 Physique-chimie \u2013 Sciences de la vie et de la terre \u2013 Langues, litt\u00e9ratures et cultures \u00e9trang\u00e8res \u2013 Num\u00e9rique et sciences informatiques \u2013 Litt\u00e9rature et [&hellip;]<\/p>\n","protected":false},"author":2,"featured_media":0,"parent":103,"menu_order":0,"comment_status":"closed","ping_status":"closed","template":"","meta":{"footnotes":""},"class_list":["post-5288","page","type-page","status-publish","hentry"],"_links":{"self":[{"href":"https:\/\/lyceemauriac.fr\/index.php\/wp-json\/wp\/v2\/pages\/5288","targetHints":{"allow":["GET"]}}],"collection":[{"href":"https:\/\/lyceemauriac.fr\/index.php\/wp-json\/wp\/v2\/pages"}],"about":[{"href":"https:\/\/lyceemauriac.fr\/index.php\/wp-json\/wp\/v2\/types\/page"}],"author":[{"embeddable":true,"href":"https:\/\/lyceemauriac.fr\/index.php\/wp-json\/wp\/v2\/users\/2"}],"replies":[{"embeddable":true,"href":"https:\/\/lyceemauriac.fr\/index.php\/wp-json\/wp\/v2\/comments?post=5288"}],"version-history":[{"count":23,"href":"https:\/\/lyceemauriac.fr\/index.php\/wp-json\/wp\/v2\/pages\/5288\/revisions"}],"predecessor-version":[{"id":12029,"href":"https:\/\/lyceemauriac.fr\/index.php\/wp-json\/wp\/v2\/pages\/5288\/revisions\/12029"}],"up":[{"embeddable":true,"href":"https:\/\/lyceemauriac.fr\/index.php\/wp-json\/wp\/v2\/pages\/103"}],"wp:attachment":[{"href":"https:\/\/lyceemauriac.fr\/index.php\/wp-json\/wp\/v2\/media?parent=5288"}],"curies":[{"name":"wp","href":"https:\/\/api.w.org\/{rel}","templated":true}]}}