{"id":660,"date":"2017-01-09T16:59:41","date_gmt":"2017-01-09T15:59:41","guid":{"rendered":"https:\/\/lyceemauriac.fr\/?page_id=660"},"modified":"2026-01-29T12:48:34","modified_gmt":"2026-01-29T11:48:34","slug":"parcourssup","status":"publish","type":"page","link":"https:\/\/lyceemauriac.fr\/index.php\/vie-pedagogique\/orientation\/parcourssup\/","title":{"rendered":"Parcoursup"},"content":{"rendered":"<p><img loading=\"lazy\" decoding=\"async\" class=\"alignnone size-medium wp-image-7754\" src=\"https:\/\/lyceemauriac.fr\/wp-content\/uploads\/2021\/01\/1200px-Logo_parcoursup.svg_-200x72.png\" alt=\"\" width=\"200\" height=\"72\" srcset=\"https:\/\/lyceemauriac.fr\/wp-content\/uploads\/2021\/01\/1200px-Logo_parcoursup.svg_-200x72.png 200w, https:\/\/lyceemauriac.fr\/wp-content\/uploads\/2021\/01\/1200px-Logo_parcoursup.svg_-1024x366.png 1024w, https:\/\/lyceemauriac.fr\/wp-content\/uploads\/2021\/01\/1200px-Logo_parcoursup.svg_-768x275.png 768w, https:\/\/lyceemauriac.fr\/wp-content\/uploads\/2021\/01\/1200px-Logo_parcoursup.svg_-370x132.png 370w, https:\/\/lyceemauriac.fr\/wp-content\/uploads\/2021\/01\/1200px-Logo_parcoursup.svg_.png 1200w\" sizes=\"auto, (max-width: 200px) 100vw, 200px\" \/><\/p>\n<p>Tout savoir sur la proc\u00e9dure Parcoursup (diaporama r\u00e9alis\u00e9 par Mme GRACIENT et Mme MAZOUFFRE) :<\/p>\n<div class=\"_df_book df-lite\" id=\"df_12858\"  _slug=\"12858\" data-title=\"\" wpoptions=\"true\" thumbtype=\"\" ><\/div><script class=\"df-shortcode-script\" nowprocket type=\"application\/javascript\">window.option_df_12858 = {\"outline\":[],\"autoEnableOutline\":\"false\",\"autoEnableThumbnail\":\"false\",\"overwritePDFOutline\":\"false\",\"direction\":\"1\",\"pageSize\":\"0\",\"source\":\"https:\\\/\\\/lyceemauriac.fr\\\/wp-content\\\/uploads\\\/2026\\\/01\\\/info-parent-tle-janv-2026.pdf\",\"wpOptions\":\"true\"}; if(window.DFLIP && window.DFLIP.parseBooks){window.DFLIP.parseBooks();}<\/script>\n<p>&nbsp;<\/p>\n<p>Toutes les informations sont sur <a href=\"https:\/\/www.parcoursup.gouv.fr\/\">https:\/\/www.parcoursup.gouv.fr\/<\/a><\/p>\n<div class=\"_df_book df-lite\" id=\"df_12647\"  _slug=\"12647\" data-title=\"\" wpoptions=\"true\" thumbtype=\"\" ><\/div><script class=\"df-shortcode-script\" nowprocket type=\"application\/javascript\">window.option_df_12647 = {\"outline\":[],\"autoEnableOutline\":\"false\",\"autoEnableThumbnail\":\"false\",\"overwritePDFOutline\":\"false\",\"direction\":\"1\",\"pageSize\":\"0\",\"source\":\"https:\\\/\\\/lyceemauriac.fr\\\/wp-content\\\/uploads\\\/2025\\\/11\\\/parcoursup-2026-en-3-tapes-1068.pdf\",\"wpOptions\":\"true\"}; if(window.DFLIP && window.DFLIP.parseBooks){window.DFLIP.parseBooks();}<\/script>\n<p>Pr\u00e9sentation de l&rsquo;orientation post-bac par <strong>Mme GRACIENT<\/strong> et <strong>Mme MAZOUFFRE<\/strong> Psychologues de l\u2019Education Nationale<\/p>\n<p>&nbsp;<\/p>\n","protected":false},"excerpt":{"rendered":"<p>Tout savoir sur la proc\u00e9dure Parcoursup (diaporama r\u00e9alis\u00e9 par Mme GRACIENT et Mme MAZOUFFRE) : &nbsp; Toutes les informations sont sur https:\/\/www.parcoursup.gouv.fr\/ Pr\u00e9sentation de l&rsquo;orientation post-bac par Mme GRACIENT et Mme MAZOUFFRE Psychologues de l\u2019Education Nationale &nbsp;<\/p>\n","protected":false},"author":2,"featured_media":0,"parent":1402,"menu_order":0,"comment_status":"closed","ping_status":"closed","template":"","meta":{"footnotes":""},"class_list":["post-660","page","type-page","status-publish","hentry"],"_links":{"self":[{"href":"https:\/\/lyceemauriac.fr\/index.php\/wp-json\/wp\/v2\/pages\/660","targetHints":{"allow":["GET"]}}],"collection":[{"href":"https:\/\/lyceemauriac.fr\/index.php\/wp-json\/wp\/v2\/pages"}],"about":[{"href":"https:\/\/lyceemauriac.fr\/index.php\/wp-json\/wp\/v2\/types\/page"}],"author":[{"embeddable":true,"href":"https:\/\/lyceemauriac.fr\/index.php\/wp-json\/wp\/v2\/users\/2"}],"replies":[{"embeddable":true,"href":"https:\/\/lyceemauriac.fr\/index.php\/wp-json\/wp\/v2\/comments?post=660"}],"version-history":[{"count":53,"href":"https:\/\/lyceemauriac.fr\/index.php\/wp-json\/wp\/v2\/pages\/660\/revisions"}],"predecessor-version":[{"id":12861,"href":"https:\/\/lyceemauriac.fr\/index.php\/wp-json\/wp\/v2\/pages\/660\/revisions\/12861"}],"up":[{"embeddable":true,"href":"https:\/\/lyceemauriac.fr\/index.php\/wp-json\/wp\/v2\/pages\/1402"}],"wp:attachment":[{"href":"https:\/\/lyceemauriac.fr\/index.php\/wp-json\/wp\/v2\/media?parent=660"}],"curies":[{"name":"wp","href":"https:\/\/api.w.org\/{rel}","templated":true}]}}