{"id":72,"date":"2016-12-11T18:58:45","date_gmt":"2016-12-11T17:58:45","guid":{"rendered":"http:\/\/lyceemauriac.fr\/?page_id=72"},"modified":"2017-02-18T19:05:15","modified_gmt":"2017-02-18T18:05:15","slug":"bac-l","status":"publish","type":"page","link":"https:\/\/lyceemauriac.fr\/index.php\/formations\/bac-l\/","title":{"rendered":"Bac L"},"content":{"rendered":"<p><a href=\"http:\/\/eduscol.education.fr\/cid58534\/serie-l.html\">Fiche Eduscol<\/a><\/p>\n<p>Parmi les diff\u00e9rentes sp\u00e9cialit\u00e9s de la s\u00e9rie L (il faut en choisir une), le lyc\u00e9e Fran\u00e7ois Mauriac propose <strong>Histoire des Arts<\/strong>. Cet enseignement assez rare (un seul autre lyc\u00e9e sur Bordeaux) et de qualit\u00e9 propose aux \u00e9l\u00e8ves une exploration tr\u00e8s riche des diff\u00e9rents arts (peinture, sculpture, architecture, danse, cin\u00e9ma, musique, th\u00e9\u00e2tre&#8230;). Il d\u00e9bute en premi\u00e8re.<\/p>\n<p>Les th\u00e9matiques sont nombreuses et vari\u00e9es et le programme de terminale renouvelable r\u00e9guli\u00e8rement (\u00e0 titre d&rsquo;exemples ont \u00e9t\u00e9 travaill\u00e9s : Picasso, Eisenstein, John Cage, la ville de Berlin, le centre Georges Pompidou, l&rsquo;art nouveau, Michel-Ange,\u00a0 l&rsquo;ailleurs dans l&rsquo;art&#8230;)<\/p>\n<p>La sp\u00e9cialit\u00e9 pour le baccalaur\u00e9at est affect\u00e9e du coefficient 6, et b\u00e9n\u00e9ficie de 5h d&rsquo;enseignements pluri-disciplinaires (plusieurs professeurs)<\/p>\n<p>Pour choisir cette sp\u00e9cialit\u00e9 sont \u00e0 privil\u00e9gier :<\/p>\n<ul>\n<li>de l&rsquo;int\u00e9r\u00eat pour les arts<\/li>\n<li>une bonne expression \u00e9crite<\/li>\n<\/ul>\n<p>Attention il s&rsquo;agit d&rsquo;un enseignement d&rsquo;histoire des arts, et non pas de pratique artistique.<\/p>\n<p>Un choix dans un but de culture g\u00e9n\u00e9rale, ou dans un projet de suite d&rsquo;\u00e9tude \u00e0 vocation artistique (Histoire de l&rsquo;art, Arts plastiques&#8230;)<\/p>\n<p><img loading=\"lazy\" decoding=\"async\" class=\"size-medium wp-image-1217\" src=\"https:\/\/lyceemauriac.fr\/wp-content\/uploads\/2016\/12\/fromanger_le-cercle-rouge-148x200.jpg\" alt=\"\" width=\"148\" height=\"200\" srcset=\"https:\/\/lyceemauriac.fr\/wp-content\/uploads\/2016\/12\/fromanger_le-cercle-rouge-148x200.jpg 148w, https:\/\/lyceemauriac.fr\/wp-content\/uploads\/2016\/12\/fromanger_le-cercle-rouge-768x1041.jpg 768w, https:\/\/lyceemauriac.fr\/wp-content\/uploads\/2016\/12\/fromanger_le-cercle-rouge-755x1024.jpg 755w, https:\/\/lyceemauriac.fr\/wp-content\/uploads\/2016\/12\/fromanger_le-cercle-rouge-184x250.jpg 184w, https:\/\/lyceemauriac.fr\/wp-content\/uploads\/2016\/12\/fromanger_le-cercle-rouge.jpg 959w\" sizes=\"auto, (max-width: 148px) 100vw, 148px\" \/> <img loading=\"lazy\" decoding=\"async\" class=\"alignnone size-medium wp-image-1219\" src=\"https:\/\/lyceemauriac.fr\/wp-content\/uploads\/2016\/12\/1808-Valpin\u00e7on-133x200.jpg\" alt=\"\" width=\"133\" height=\"200\" srcset=\"https:\/\/lyceemauriac.fr\/wp-content\/uploads\/2016\/12\/1808-Valpin\u00e7on-133x200.jpg 133w, https:\/\/lyceemauriac.fr\/wp-content\/uploads\/2016\/12\/1808-Valpin\u00e7on-768x1154.jpg 768w, https:\/\/lyceemauriac.fr\/wp-content\/uploads\/2016\/12\/1808-Valpin\u00e7on-681x1024.jpg 681w, https:\/\/lyceemauriac.fr\/wp-content\/uploads\/2016\/12\/1808-Valpin\u00e7on-166x250.jpg 166w, https:\/\/lyceemauriac.fr\/wp-content\/uploads\/2016\/12\/1808-Valpin\u00e7on.jpg 1528w\" sizes=\"auto, (max-width: 133px) 100vw, 133px\" \/> <img loading=\"lazy\" decoding=\"async\" class=\"alignnone size-medium wp-image-1220\" src=\"https:\/\/lyceemauriac.fr\/wp-content\/uploads\/2016\/12\/Haussmann-ABCD-138x200.jpg\" alt=\"\" width=\"138\" height=\"200\" srcset=\"https:\/\/lyceemauriac.fr\/wp-content\/uploads\/2016\/12\/Haussmann-ABCD-138x200.jpg 138w, https:\/\/lyceemauriac.fr\/wp-content\/uploads\/2016\/12\/Haussmann-ABCD-173x250.jpg 173w, https:\/\/lyceemauriac.fr\/wp-content\/uploads\/2016\/12\/Haussmann-ABCD.jpg 600w\" sizes=\"auto, (max-width: 138px) 100vw, 138px\" \/> <img loading=\"lazy\" decoding=\"async\" class=\"alignnone size-medium wp-image-1221\" src=\"https:\/\/lyceemauriac.fr\/wp-content\/uploads\/2016\/12\/La-sainte-Famille-Tondo-Doni-1503-1.20x1.20-194x200.jpg\" alt=\"\" width=\"194\" height=\"200\" srcset=\"https:\/\/lyceemauriac.fr\/wp-content\/uploads\/2016\/12\/La-sainte-Famille-Tondo-Doni-1503-1.20x1.20-194x200.jpg 194w, https:\/\/lyceemauriac.fr\/wp-content\/uploads\/2016\/12\/La-sainte-Famille-Tondo-Doni-1503-1.20x1.20-768x790.jpg 768w, https:\/\/lyceemauriac.fr\/wp-content\/uploads\/2016\/12\/La-sainte-Famille-Tondo-Doni-1503-1.20x1.20-995x1024.jpg 995w, https:\/\/lyceemauriac.fr\/wp-content\/uploads\/2016\/12\/La-sainte-Famille-Tondo-Doni-1503-1.20x1.20-243x250.jpg 243w, https:\/\/lyceemauriac.fr\/wp-content\/uploads\/2016\/12\/La-sainte-Famille-Tondo-Doni-1503-1.20x1.20.jpg 1576w\" sizes=\"auto, (max-width: 194px) 100vw, 194px\" \/> <img loading=\"lazy\" decoding=\"async\" class=\"alignnone size-medium wp-image-1222\" src=\"https:\/\/lyceemauriac.fr\/wp-content\/uploads\/2016\/12\/Lewitt-wall-drawing-419-200x133.jpg\" alt=\"\" width=\"200\" height=\"133\" srcset=\"https:\/\/lyceemauriac.fr\/wp-content\/uploads\/2016\/12\/Lewitt-wall-drawing-419-200x133.jpg 200w, https:\/\/lyceemauriac.fr\/wp-content\/uploads\/2016\/12\/Lewitt-wall-drawing-419-370x247.jpg 370w, https:\/\/lyceemauriac.fr\/wp-content\/uploads\/2016\/12\/Lewitt-wall-drawing-419.jpg 487w\" sizes=\"auto, (max-width: 200px) 100vw, 200px\" \/> <img loading=\"lazy\" decoding=\"async\" class=\"alignnone size-medium wp-image-1223\" src=\"https:\/\/lyceemauriac.fr\/wp-content\/uploads\/2016\/12\/Panth\u00e9on-fa\u00e7ade-159x200.jpg\" alt=\"\" width=\"159\" height=\"200\" srcset=\"https:\/\/lyceemauriac.fr\/wp-content\/uploads\/2016\/12\/Panth\u00e9on-fa\u00e7ade-159x200.jpg 159w, https:\/\/lyceemauriac.fr\/wp-content\/uploads\/2016\/12\/Panth\u00e9on-fa\u00e7ade-199x250.jpg 199w, https:\/\/lyceemauriac.fr\/wp-content\/uploads\/2016\/12\/Panth\u00e9on-fa\u00e7ade.jpg 477w\" sizes=\"auto, (max-width: 159px) 100vw, 159px\" \/> <img loading=\"lazy\" decoding=\"async\" class=\"alignnone size-medium wp-image-1224\" src=\"https:\/\/lyceemauriac.fr\/wp-content\/uploads\/2016\/12\/Pluton-et-Pers\u00e9phone-d\u00e9tail-2-156x200.jpg\" alt=\"\" width=\"156\" height=\"200\" srcset=\"https:\/\/lyceemauriac.fr\/wp-content\/uploads\/2016\/12\/Pluton-et-Pers\u00e9phone-d\u00e9tail-2-156x200.jpg 156w, https:\/\/lyceemauriac.fr\/wp-content\/uploads\/2016\/12\/Pluton-et-Pers\u00e9phone-d\u00e9tail-2-195x250.jpg 195w, https:\/\/lyceemauriac.fr\/wp-content\/uploads\/2016\/12\/Pluton-et-Pers\u00e9phone-d\u00e9tail-2.jpg 498w\" sizes=\"auto, (max-width: 156px) 100vw, 156px\" \/> <img loading=\"lazy\" decoding=\"async\" class=\"alignnone size-medium wp-image-1225\" src=\"https:\/\/lyceemauriac.fr\/wp-content\/uploads\/2016\/12\/Savignac-1955-Vespa-140x200.jpg\" alt=\"\" width=\"140\" height=\"200\" srcset=\"https:\/\/lyceemauriac.fr\/wp-content\/uploads\/2016\/12\/Savignac-1955-Vespa-140x200.jpg 140w, https:\/\/lyceemauriac.fr\/wp-content\/uploads\/2016\/12\/Savignac-1955-Vespa-768x1099.jpg 768w, https:\/\/lyceemauriac.fr\/wp-content\/uploads\/2016\/12\/Savignac-1955-Vespa-715x1024.jpg 715w, https:\/\/lyceemauriac.fr\/wp-content\/uploads\/2016\/12\/Savignac-1955-Vespa-175x250.jpg 175w, https:\/\/lyceemauriac.fr\/wp-content\/uploads\/2016\/12\/Savignac-1955-Vespa.jpg 1238w\" sizes=\"auto, (max-width: 140px) 100vw, 140px\" \/><\/p>\n","protected":false},"excerpt":{"rendered":"<p>Fiche Eduscol Parmi les diff\u00e9rentes sp\u00e9cialit\u00e9s de la s\u00e9rie L (il faut en choisir une), le lyc\u00e9e Fran\u00e7ois Mauriac propose Histoire des Arts. Cet enseignement assez rare (un seul autre lyc\u00e9e sur Bordeaux) et de qualit\u00e9 propose aux \u00e9l\u00e8ves une exploration tr\u00e8s riche des diff\u00e9rents arts (peinture, sculpture, architecture, danse, cin\u00e9ma, musique, th\u00e9\u00e2tre&#8230;). Il d\u00e9bute [&hellip;]<\/p>\n","protected":false},"author":2,"featured_media":0,"parent":103,"menu_order":0,"comment_status":"closed","ping_status":"closed","template":"","meta":{"footnotes":""},"class_list":["post-72","page","type-page","status-publish","hentry"],"_links":{"self":[{"href":"https:\/\/lyceemauriac.fr\/index.php\/wp-json\/wp\/v2\/pages\/72","targetHints":{"allow":["GET"]}}],"collection":[{"href":"https:\/\/lyceemauriac.fr\/index.php\/wp-json\/wp\/v2\/pages"}],"about":[{"href":"https:\/\/lyceemauriac.fr\/index.php\/wp-json\/wp\/v2\/types\/page"}],"author":[{"embeddable":true,"href":"https:\/\/lyceemauriac.fr\/index.php\/wp-json\/wp\/v2\/users\/2"}],"replies":[{"embeddable":true,"href":"https:\/\/lyceemauriac.fr\/index.php\/wp-json\/wp\/v2\/comments?post=72"}],"version-history":[{"count":6,"href":"https:\/\/lyceemauriac.fr\/index.php\/wp-json\/wp\/v2\/pages\/72\/revisions"}],"predecessor-version":[{"id":1232,"href":"https:\/\/lyceemauriac.fr\/index.php\/wp-json\/wp\/v2\/pages\/72\/revisions\/1232"}],"up":[{"embeddable":true,"href":"https:\/\/lyceemauriac.fr\/index.php\/wp-json\/wp\/v2\/pages\/103"}],"wp:attachment":[{"href":"https:\/\/lyceemauriac.fr\/index.php\/wp-json\/wp\/v2\/media?parent=72"}],"curies":[{"name":"wp","href":"https:\/\/api.w.org\/{rel}","templated":true}]}}