{"id":78,"date":"2016-12-11T18:59:13","date_gmt":"2016-12-11T17:59:13","guid":{"rendered":"http:\/\/lyceemauriac.fr\/?page_id=78"},"modified":"2022-03-18T08:58:04","modified_gmt":"2022-03-18T07:58:04","slug":"bac-stmg","status":"publish","type":"page","link":"https:\/\/lyceemauriac.fr\/index.php\/formations\/bac-stmg\/","title":{"rendered":"Bac STMG"},"content":{"rendered":"<p align=\"justify\">Cette fili\u00e8re s\u2019adresse aux \u00e9l\u00e8ves int\u00e9ress\u00e9s par la r\u00e9alit\u00e9 du fonctionnement des organisations, les relations au travail, les nouveaux usages du num\u00e9rique, le marketing, la recherche et la mesure de la performance, l\u2019analyse des d\u00e9cisions et l\u2019impact des strat\u00e9gies d\u2019entreprise.<\/p>\n<p><b>Le programme<\/b><\/p>\n<p align=\"justify\">La fili\u00e8re STMG aborde les grandes questions de la gestion des organisations dans le monde contemporain. On peut citer par exemple : Le r\u00f4le du facteur humain, les diff\u00e9rentes approches de la notion valeur, l\u2019information et la communication, le num\u00e9rique, la finance et la gestion, etc.<\/p>\n<p align=\"justify\">Depuis 2020, les \u00e9l\u00e8ves suivent des enseignements de sp\u00e9cialit\u00e9 propres \u00e0 la s\u00e9rie : trois en classe de 1<sup>\u00e8re<\/sup> et deux en classe terminale.<\/p>\n<p align=\"justify\">Les mati\u00e8res g\u00e9n\u00e9rales sont les m\u00eames dans toutes les s\u00e9ries : fran\u00e7ais (en 1<sup>\u00e8re<\/sup>), enseignement moral et civique, histoire-g\u00e9ographie, math\u00e9matiques, langues vivantes, \u00e9ducation physique et sportive et philosophie (en terminale).<\/p>\n<p align=\"justify\">Un bon niveau en enseignement g\u00e9n\u00e9ral est important, pour la ma\u00eetrise de l&rsquo;expression \u00e9crite et orale, en fran\u00e7ais et en langues vivantes \u00e9trang\u00e8res, les apports culturels de l&rsquo;histoire-g\u00e9ographie et l&rsquo;appui d&rsquo;un enseignement adapt\u00e9 de math\u00e9matiques.<\/p>\n<p align=\"justify\">Les \u00e9l\u00e8ves b\u00e9n\u00e9ficient d\u2019un accompagnement personnalis\u00e9 en fonction de leurs besoins et d\u2019un accompagnement \u00e0 l\u2019orientation qui pourra repr\u00e9senter jusqu&rsquo;\u00e0 54 heures annuelles.<\/p>\n<p align=\"justify\">Une heure hebdomadaire d\u2019ETLV (enseignement technologique) dispens\u00e9e soit en langue vivante A, soit en langue vivante B.<\/p>\n<p align=\"justify\"><b>Les sp\u00e9cialit\u00e9s<\/b><\/p>\n<p align=\"justify\"><b>3 sp\u00e9cialit\u00e9s en premi\u00e8re<\/b><\/p>\n<p align=\"justify\">&#8211; <i>Sciences de Gestion et Num\u00e9rique<\/i> (4 Heures)<\/p>\n<p align=\"justify\">&#8211; <i>Management<\/i> (4 Heures)<\/p>\n<p align=\"justify\">&#8211; <i>\u00c9conomie\/Droit<\/i> (4 heures)<\/p>\n<p align=\"justify\"><b>2 sp\u00e9cialit\u00e9s en terminale<\/b><\/p>\n<p align=\"justify\">&#8211; <i>Management, sciences de gestion et num\u00e9rique<\/i> (6 heures)<\/p>\n<p align=\"justify\">Cet enseignement de sp\u00e9cialit\u00e9 est compos\u00e9 de 4 enseignements sp\u00e9cifiques. Au lyc\u00e9e Fran\u00e7ois Mauriac, l\u2019\u00e9l\u00e8ve en choisit un parmi :<\/p>\n<ul>\n<li>\n<p align=\"justify\">Gestion et finance ;<\/p>\n<\/li>\n<li>\n<p align=\"justify\">Mercatique (marketing) ;<\/p>\n<\/li>\n<li>\n<p align=\"justify\">Ressources Humaines et Communication ;<\/p>\n<\/li>\n<\/ul>\n<p align=\"justify\">L\u2019enseignement sp\u00e9cifique \u00ab\u00a0syst\u00e8mes d\u2019information de gestion\u00a0\u00bb n\u2019est pas dispens\u00e9 au lyc\u00e9e.<\/p>\n<p align=\"justify\">&#8211; <i>Droit et \u00e9conomie<\/i> (6 heures)<\/p>\n<p align=\"justify\"><b>Poursuite d&rsquo;\u00e9tudes<\/b><\/p>\n<p align=\"justify\">De nombreux bacheliers STMG se tournent vers un BTS (2 ans) ou un BUT (3 ans) en lien avec les sp\u00e9cialit\u00e9s de terminale. Un tiers des bacheliers STMG s\u2019inscrit en licence \u00e0 l\u2019universit\u00e9 (3 ans), ce qui n\u00e9cessite un bon niveau dans les mati\u00e8res g\u00e9n\u00e9rales, de l&rsquo;autonomie et de bonnes capacit\u00e9s \u00e0 l&rsquo;\u00e9crit. Les \u00e9l\u00e8ves ayant un bon dossier scolaire peuvent entrer en classe pr\u00e9pa \u00e9conomique et commerciale (2 ans). Il est \u00e9galement possible d\u2019entrer directement dans certaines \u00e9coles de commerce, de tourisme ou d\u2019h\u00f4tellerie, ou encore de pr\u00e9parer un DE (dipl\u00f4me d\u2019\u00c9tat) dans une \u00e9cole param\u00e9dicale ou sociale (2 \u00e0 5 ans d\u2019\u00e9tudes).<\/p>\n<p align=\"justify\"><b>Perspectives professionnelles<\/b><\/p>\n<p align=\"justify\">Ces cursus de l&rsquo;enseignement sup\u00e9rieur pr\u00e9parent aux m\u00e9tiers de la finance, du contr\u00f4le de gestion, des syst\u00e8mes d\u2019information, des ressources humaines, du marketing et de la communication.<\/p>\n<ul>\n<li>\n<p align=\"justify\"><i>\u00c0 bac + 2<\/i> : assistant de direction, assistant de gestion en PME-PMI, responsable d\u2019unit\u00e9 commerciale, charg\u00e9 de client\u00e8le banque, d\u00e9veloppeur d\u2019applications ou technicien r\u00e9seau.<\/p>\n<\/li>\n<li>\n<p align=\"justify\"><i>\u00c0 bac + 5<\/i> : contr\u00f4leur de gestion, chef de produit marketing, analyste financier ou administrateur r\u00e9seau. Concours de la fonction publique : contr\u00f4leur des finances publiques, des douanes ou du travail ; secr\u00e9taire administratif ; r\u00e9dacteur territorial, etc.<\/p>\n<\/li>\n<\/ul>\n<p>&nbsp;<\/p>\n<p><a href=\"http:\/\/eduscol.education.fr\/cid59251\/serie-stmg.html\">fiche Eduscol.<\/a><\/p>\n","protected":false},"excerpt":{"rendered":"<p>Cette fili\u00e8re s\u2019adresse aux \u00e9l\u00e8ves int\u00e9ress\u00e9s par la r\u00e9alit\u00e9 du fonctionnement des organisations, les relations au travail, les nouveaux usages du num\u00e9rique, le marketing, la recherche et la mesure de la performance, l\u2019analyse des d\u00e9cisions et l\u2019impact des strat\u00e9gies d\u2019entreprise. Le programme La fili\u00e8re STMG aborde les grandes questions de la gestion des organisations dans [&hellip;]<\/p>\n","protected":false},"author":2,"featured_media":0,"parent":103,"menu_order":0,"comment_status":"closed","ping_status":"closed","template":"","meta":{"footnotes":""},"class_list":["post-78","page","type-page","status-publish","hentry"],"_links":{"self":[{"href":"https:\/\/lyceemauriac.fr\/index.php\/wp-json\/wp\/v2\/pages\/78","targetHints":{"allow":["GET"]}}],"collection":[{"href":"https:\/\/lyceemauriac.fr\/index.php\/wp-json\/wp\/v2\/pages"}],"about":[{"href":"https:\/\/lyceemauriac.fr\/index.php\/wp-json\/wp\/v2\/types\/page"}],"author":[{"embeddable":true,"href":"https:\/\/lyceemauriac.fr\/index.php\/wp-json\/wp\/v2\/users\/2"}],"replies":[{"embeddable":true,"href":"https:\/\/lyceemauriac.fr\/index.php\/wp-json\/wp\/v2\/comments?post=78"}],"version-history":[{"count":4,"href":"https:\/\/lyceemauriac.fr\/index.php\/wp-json\/wp\/v2\/pages\/78\/revisions"}],"predecessor-version":[{"id":9058,"href":"https:\/\/lyceemauriac.fr\/index.php\/wp-json\/wp\/v2\/pages\/78\/revisions\/9058"}],"up":[{"embeddable":true,"href":"https:\/\/lyceemauriac.fr\/index.php\/wp-json\/wp\/v2\/pages\/103"}],"wp:attachment":[{"href":"https:\/\/lyceemauriac.fr\/index.php\/wp-json\/wp\/v2\/media?parent=78"}],"curies":[{"name":"wp","href":"https:\/\/api.w.org\/{rel}","templated":true}]}}