{"id":8721,"date":"2022-01-04T22:16:19","date_gmt":"2022-01-04T21:16:19","guid":{"rendered":"https:\/\/lyceemauriac.fr\/?page_id=8721"},"modified":"2025-10-16T20:19:54","modified_gmt":"2025-10-16T18:19:54","slug":"contact","status":"publish","type":"page","link":"https:\/\/lyceemauriac.fr\/index.php\/contact\/","title":{"rendered":"Contact"},"content":{"rendered":"<p class=\"alignright\"><a href=\"https:\/\/www.google.fr\/maps\/place\/Lyc%C3%A9e+Fran%C3%A7ois+Mauriac\/@44.8391781,-0.5576688,17z\/data=!3m1!4b1!4m5!3m4!1s0xd553eb588072861:0x25ee557eab0cd72!8m2!3d44.8391743!4d-0.5554801\"><img loading=\"lazy\" decoding=\"async\" class=\"\" src=\"http:\/\/lyceemauriac.fr\/wp-content\/uploads\/2016\/12\/localisation.png\" alt=\"\" width=\"231\" height=\"167\" \/><br \/>\n<\/a><\/p>\n<p><b>LGT Fran\u00e7ois Mauriac <\/b><br \/>\n1, rue Henri Dunant<br \/>\n33 100 Bordeaux<br \/>\ntel : 05 56 38 52 82<\/p>\n<h1>Contacter le lyc\u00e9e<\/h1>\n<p>Contacter le bon interlocuteur aide au meilleur traitement de votre demande ! Merci de prendre connaissance des diff\u00e9rents canaux de transmission :<\/p>\n<p id=\"symbol-number\" class=\"symbol__symbol-number\">\u27a1 <strong>Pour signaler une absence, un retard<\/strong> :<\/p>\n<p class=\"symbol__symbol-number\">Contactez la Vie Scolaire en envoyant un message \u00e0 l&rsquo;adresse <a href=\"mailto:viescolaire.LFmauriac@ac-bordeaux.fr\"><span class=\"qu\" tabindex=\"-1\" role=\"gridcell\" translate=\"no\"><span class=\"go\">viescolaire.lfmauriac@ac-bordeaux.fr<\/span><\/span><\/a> ou directement via <a href=\"https:\/\/lyceemauriac.fr\/index.php\/contacter-la-vie-scolaire\/\">ce formulaire<\/a>.<\/p>\n<p>&nbsp;<\/p>\n<p class=\"symbol__symbol-number\">\u27a1 <strong>Pour toute question technique sur Pronote, EduConnect, Scribe, Lyc\u00e9eConnect\u00e9, Pix<\/strong> :<\/p>\n<p>Envoyez un message \u00e0 l&rsquo;adresse <a href=\"mailto:informatique.mauriac@gmail.com\">informatique.mauriac@gmail.com<\/a> ou directement via <a href=\"https:\/\/lyceemauriac.fr\/index.php\/contacter-le-service-informatique-du-lycee\/\">ce formulaire<\/a>.<\/p>\n<p>&nbsp;<\/p>\n<p>\u27a1 <strong>Pour toute question relative \u00e0 la vie de l&rsquo;\u00e9l\u00e8ve, contactez le Pole Vie de l&rsquo;\u00e9l\u00e8ve:<\/strong><\/p>\n<p>Envoyez un message \u00e0 l&rsquo;adresse\u00a0<u><b><a href=\"mailto:pole-eleve.0330027A@ac-bordeaux.fr\" target=\"_blank\" rel=\"noopener\">pole-eleve.0330027A@ac-<wbr \/>bordeaux.fr<\/a><\/b><\/u>\u00a0ou directement via <a href=\"https:\/\/lyceemauriac.fr\/index.php\/contacter-le-pole-vie-de-leleve\/\">ce formulaire<\/a>.<\/p>\n<p>Merci de pr\u00e9ciser si votre message s&rsquo;adresse \u00e0 :<\/p>\n<ul>\n<li style=\"list-style-type: none;\">\n<ul>\n<li>Cynthia Dubos<strong>\u00a0(pour les certificats de scolarit\u00e9, dipl\u00f4mes, codes Cyclades, Pronote, Educonnect, exeat, modification des donn\u00e9es administratives,&#8230;<\/strong>)<\/li>\n<li>C\u00e9line Fayant (<b>pour<\/b>\u00a0la<strong>\u00a0cantine, bourses, carte de lyc\u00e9en, &#8230;)<\/strong><\/li>\n<\/ul>\n<\/li>\n<\/ul>\n<p>\u23f0 Horaires d&rsquo;ouverture du pole Vie de l&rsquo;\u00e9l\u00e8ve :<\/p>\n<ul>\n<li>Lundi de 8h \u00e0 12h30 et de 13h30 \u00e0 16h50<\/li>\n<li>Mardi de 8h \u00e0 12h30 et de 13h30 \u00e0 16h50<\/li>\n<li>Mercredi de 8h \u00e0 12h30 et de 13h30 \u00e0 15h45<\/li>\n<li>Jeudi de 8h \u00e0 12h30 et de 13h30 \u00e0 16h50<\/li>\n<li>Vendredi de 8h \u00e0 12h30 et de 13h30 \u00e0 15h45<\/li>\n<\/ul>\n<p>&nbsp;<\/p>\n<p>\u27a1 <strong>Pour contacter la direction de l&rsquo;\u00e9tablissement<\/strong> :<\/p>\n<p>Envoyez un message \u00e0 l&rsquo;adresse <a href=\"mailto:ce.0330027a@ac-bordeaux.fr\">ce.0330027a@ac-bordeaux.fr<\/a> ou directement via <a href=\"https:\/\/lyceemauriac.fr\/index.php\/contacter-la-direction-de-letablissement\/\">ce formulaire<\/a>.<\/p>\n<p>\u23f0 Horaires d&rsquo;ouverture au public du Secr\u00e9tariat de direction :<\/p>\n<ul>\n<li>Lundi de 8h \u00e0 12h et de 13h30 \u00e0 16h45<\/li>\n<li>Mardi de 8h \u00e0 12h et de 13h30 \u00e0 16h45 (ponctuellement en t\u00e9l\u00e9travail)<\/li>\n<li>Mercredi de 8h \u00e0 12h30 et de 13h30 \u00e0 14h<\/li>\n<li>Jeudi de 8h \u00e0 12h et de 13h30 \u00e0 16h45<\/li>\n<li>Vendredi de 8h \u00e0 12h et de 13h30 \u00e0 14h30<\/li>\n<\/ul>\n<p>&nbsp;<\/p>\n<p>&nbsp;<\/p>\n","protected":false},"excerpt":{"rendered":"<p>LGT Fran\u00e7ois Mauriac 1, rue Henri Dunant 33 100 Bordeaux tel : 05 56 38 52 82 Contacter le lyc\u00e9e Contacter le bon interlocuteur aide au meilleur traitement de votre demande ! Merci de prendre connaissance des diff\u00e9rents canaux de transmission : \u27a1 Pour signaler une absence, un retard : Contactez la Vie Scolaire en [&hellip;]<\/p>\n","protected":false},"author":2,"featured_media":0,"parent":0,"menu_order":0,"comment_status":"closed","ping_status":"closed","template":"","meta":{"footnotes":""},"class_list":["post-8721","page","type-page","status-publish","hentry"],"_links":{"self":[{"href":"https:\/\/lyceemauriac.fr\/index.php\/wp-json\/wp\/v2\/pages\/8721","targetHints":{"allow":["GET"]}}],"collection":[{"href":"https:\/\/lyceemauriac.fr\/index.php\/wp-json\/wp\/v2\/pages"}],"about":[{"href":"https:\/\/lyceemauriac.fr\/index.php\/wp-json\/wp\/v2\/types\/page"}],"author":[{"embeddable":true,"href":"https:\/\/lyceemauriac.fr\/index.php\/wp-json\/wp\/v2\/users\/2"}],"replies":[{"embeddable":true,"href":"https:\/\/lyceemauriac.fr\/index.php\/wp-json\/wp\/v2\/comments?post=8721"}],"version-history":[{"count":29,"href":"https:\/\/lyceemauriac.fr\/index.php\/wp-json\/wp\/v2\/pages\/8721\/revisions"}],"predecessor-version":[{"id":12605,"href":"https:\/\/lyceemauriac.fr\/index.php\/wp-json\/wp\/v2\/pages\/8721\/revisions\/12605"}],"wp:attachment":[{"href":"https:\/\/lyceemauriac.fr\/index.php\/wp-json\/wp\/v2\/media?parent=8721"}],"curies":[{"name":"wp","href":"https:\/\/api.w.org\/{rel}","templated":true}]}}