{"id":8949,"date":"2022-02-15T12:12:07","date_gmt":"2022-02-15T11:12:07","guid":{"rendered":"https:\/\/lyceemauriac.fr\/?page_id=8949"},"modified":"2026-04-06T16:36:35","modified_gmt":"2026-04-06T14:36:35","slug":"section-europeenne","status":"publish","type":"page","link":"https:\/\/lyceemauriac.fr\/index.php\/section-europeenne\/","title":{"rendered":"Section Europ\u00e9enne Anglais ou Espagnol"},"content":{"rendered":"<p><b>LA SECTION EUROP\u00c9ENNE DU LYC\u00c9E FRAN\u00c7OIS MAURIAC<\/b><\/p>\n<p><span style=\"font-weight: 400;\">Les \u00e9l\u00e8ves peuvent s\u2019inscrire en seconde en section europ\u00e9enne ANGLAIS ou ESPAGNOL. Ils doivent suivre cet enseignement jusqu\u2019\u00e0 la terminale et peuvent ainsi obtenir le baccalaur\u00e9at mention europ\u00e9enne.\u00a0<\/span><\/p>\n<p><b><i>Comment s\u2019organisent les cours?<\/i><\/b><\/p>\n<ul>\n<li style=\"font-weight: 400;\" aria-level=\"1\"><b>Des cours d\u2019anglais ou d\u2019espagnol<\/b><span style=\"font-weight: 400;\"> en groupe compos\u00e9 uniquement <\/span><b>d\u2019\u00e9l\u00e8ves inscrits en section europ\u00e9enne avec un horaire renforc\u00e9 en premi\u00e8re et en terminale.\u00a0<\/b><\/li>\n<li style=\"font-weight: 400;\" aria-level=\"1\"><b>1H par semaine de DNL (Discipline Non Linguistique): <\/b><span style=\"font-weight: 400;\">il s\u2019agit d\u2019une heure <\/span><b>d\u2019histoire-g\u00e9ographie enseign\u00e9e dans la langue choisie<\/b><span style=\"font-weight: 400;\">. Cet enseignement est s\u00e9par\u00e9 des cours d&rsquo;histoire-g\u00e9ographie en fran\u00e7ais (tronc commun) et permet d\u2019approfondir des notions du tronc commun \u00e0 travers l\u2019\u00e9tude de th\u00e8mes d\u2019histoire-g\u00e9ographie sp\u00e9cifiques correspondants aux pays de la langue de la section. Cet enseignement vise \u00e0 renforcer les comp\u00e9tences linguistiques par l\u2019immersion et pr\u00e9pare les \u00e9l\u00e8ves \u00e0 la passation d\u2019une \u00e9preuve orale de baccalaur\u00e9at en terminale.<\/span><\/li>\n<\/ul>\n<p><i><span style=\"font-weight: 400;\">Des exemples de th\u00e8mes \u00e9tudi\u00e9s:\u00a0<\/span><\/i><\/p>\n<ul>\n<li style=\"font-weight: 400;\" aria-level=\"1\"><span style=\"font-weight: 400;\">En DNL anglais: les traces des civilisations anciennes autour de la M\u00e9diterran\u00e9e, la mani\u00e8re dont les soci\u00e9t\u00e9s humaines s\u2019adaptent aux risques environnementaux.<\/span><\/li>\n<li style=\"font-weight: 400;\" aria-level=\"1\"><span style=\"font-weight: 400;\">En DNL espagnol: en g\u00e9ographie, les in\u00e9galit\u00e9s de d\u00e9veloppement en Am\u00e9rique latine, la m\u00e9tropolisation en Espagne, ou le d\u00e9troit de Gibraltar dans la mondialisation. Et en histoire, la p\u00e9ninsule ib\u00e9rique \u00e0 l\u2019\u00e9poque romaine et Moyen-Age, la colonisation de l\u2019Am\u00e9rique et l\u2019ind\u00e9pendance des colonies d\u2019Am\u00e9rique latine, la guerre civile espagnole\u2026<\/span><\/li>\n<\/ul>\n<p><span style=\"font-weight: 400;\">D\u2019autre part, pour approfondir leurs connaissances de la culture des pays de la langue de section choisie, les \u00e9l\u00e8ves <\/span><b>participent<\/b><span style=\"font-weight: 400;\"> au cours de leur scolarit\u00e9 \u00e0 des<\/span><b> projets culturels.\u00a0<\/b><\/p>\n<p><span style=\"font-weight: 400;\">Ex: voyages scolaires en Espagne ou <a href=\"https:\/\/lyceemauriac.fr\/index.php\/2025\/03\/15\/english-european-section-trip-to-ireland\/\">Irlande<\/a>, <a href=\"https:\/\/lyceemauriac.fr\/index.php\/2026\/03\/13\/voyage-de-la-section-europeenne-a-londres\/\">Grande-Bretagne<\/a>, partenariat avec un lyc\u00e9e du Wisconsin, partenariat avec un lyc\u00e9e anglais, sorties au festival du film d\u2019Am\u00e9rique latine, participation \u00e0 des projets avec d\u2019autres \u00e9tablissements europ\u00e9ens via la plateforme eTwinning autour de th\u00e9matiques vari\u00e9es\u2026<\/span><\/p>\n<p><b><i>Comment la section europ\u00e9enne est-elle \u00e9valu\u00e9e et valoris\u00e9e dans le parcours de l\u2019\u00e9l\u00e8ve?<\/i><\/b><\/p>\n<p><span style=\"font-weight: 400;\">La participation \u00e0 la section europ\u00e9enne est prise en compte de deux mani\u00e8res dans le cadre du baccalaur\u00e9at, \u00e0 travers la passation d\u2019une <\/span><b>\u00e9preuve orale de 20 minutes<\/b><span style=\"font-weight: 400;\"> portant sur le programme de <\/span><b>DNL<\/b><span style=\"font-weight: 400;\"> en classe de terminale\u00a0<\/span><\/p>\n<ul>\n<li style=\"font-weight: 400;\" aria-level=\"1\"><span style=\"font-weight: 400;\">La <\/span><b>note obtenue<\/b><span style=\"font-weight: 400;\"> lors de cet oral est <\/span><b>int\u00e9gr\u00e9e dans la moyenne de langue vivante<\/b><span style=\"font-weight: 400;\"> de section en terminale dans le cadre du contr\u00f4le continu du baccalaur\u00e9at.\u00a0<\/span><\/li>\n<li style=\"font-weight: 400;\" aria-level=\"1\"><span style=\"font-weight: 400;\">Les \u00e9l\u00e8ves peuvent <\/span><b>obtenir la mention europ\u00e9enne sur leur baccalaur\u00e9at<\/b><span style=\"font-weight: 400;\">. Pour cela, il faut:\u00a0<\/span><\/li>\n<\/ul>\n<ul>\n<li style=\"font-weight: 400;\" aria-level=\"1\"><span style=\"font-weight: 400;\">avoir 12\/20 minimum en langue vivante au baccalaur\u00e9at (moyenne obtenue dans le cadre du contr\u00f4le continu).\u00a0<\/span><\/li>\n<li style=\"font-weight: 400;\" aria-level=\"1\"><span style=\"font-weight: 400;\">avoir 10\/20 minimum lors de l\u2019oral de DNL (une \u00e9tude de document en rapport avec le programme de terminal et un entretien avec le jury dans la langue choisie).\u00a0<\/span><\/li>\n<\/ul>\n<p><span style=\"font-weight: 400;\">A l\u2019issue des trois ann\u00e9es d\u2019enseignement en section europ\u00e9enne, les \u00e9l\u00e8ves sont capables de s\u2019exprimer avec facilit\u00e9 en anglais ou en espagnol. De plus, la mention europ\u00e9enne sur le dipl\u00f4me est un <\/span><b>atout non n\u00e9gligeable<\/b><span style=\"font-weight: 400;\"> dans la <\/span><b>poursuite d\u2019\u00e9tudes sup\u00e9rieures<\/b><span style=\"font-weight: 400;\"> \u00e0 l\u2019\u00e9tranger ou l\u2019inscription dans certaines <\/span><b>formations s\u00e9lectives.<\/b><\/p>\n<p><b><i>Quelles sont les qualit\u00e9s requises pour r\u00e9ussir et profiter pleinement de l\u2019enseignement section europ\u00e9enne?<\/i><\/b><\/p>\n<ul>\n<li style=\"font-weight: 400;\" aria-level=\"1\"><span style=\"font-weight: 400;\">Aimer l\u2019anglais ou l\u2019espagnol\u2026 et l\u2019histoire-g\u00e9ographie.<\/span><\/li>\n<li aria-level=\"1\">Poss\u00e9der une bonne ma\u00eetrise de la langue (ma\u00eetrise lexicale, grammaticale et phonologique).<\/li>\n<li style=\"font-weight: 400;\" aria-level=\"1\"><span style=\"font-weight: 400;\">Etre curieux, dynamique \u00e0 l\u2019oral et aimer s\u2019exprimer en anglais ou en espagnol: la participation orale en classe doit \u00eatre active et r\u00e9guli\u00e8re.<\/span><\/li>\n<li style=\"font-weight: 400;\" aria-level=\"1\"><span style=\"font-weight: 400;\">Faire preuve d\u2019autonomie dans son travail pour mener des expos\u00e9s et travaux de recherche<\/span><\/li>\n<\/ul>\n<p><b><i>En pratique: comment int\u00e9grer la section euro?<\/i><\/b><\/p>\n<p><b>Un dossier de candidature est \u00e0 imprimer \u00e0 partir du site du lyc\u00e9e<\/b><b>.<\/b><\/p>\n<p><b>Il n\u2019est pas n\u00e9cessaire d\u2019avoir fait une section europ\u00e9enne en coll\u00e8ge pour postuler.<\/b><\/p>\n<p><span style=\"font-weight: 400;\">Suite \u00e0 la commission de s\u00e9lection (fin juin), si votre enfant est accept\u00e9 en section europ\u00e9enne, un courrier vous sera adress\u00e9.\u00a0<\/span><\/p>\n<p><a href=\"https:\/\/lyceemauriac.fr\/wp-content\/uploads\/2025\/05\/flyer-selo.pdf\" class=\"mtli_attachment mtli_pdf\">flyer-selo<\/a><\/p>\n","protected":false},"excerpt":{"rendered":"<p>LA SECTION EUROP\u00c9ENNE DU LYC\u00c9E FRAN\u00c7OIS MAURIAC Les \u00e9l\u00e8ves peuvent s\u2019inscrire en seconde en section europ\u00e9enne ANGLAIS ou ESPAGNOL. Ils doivent suivre cet enseignement jusqu\u2019\u00e0 la terminale et peuvent ainsi obtenir le baccalaur\u00e9at mention europ\u00e9enne.\u00a0 Comment s\u2019organisent les cours? Des cours d\u2019anglais ou d\u2019espagnol en groupe compos\u00e9 uniquement d\u2019\u00e9l\u00e8ves inscrits en section europ\u00e9enne avec un [&hellip;]<\/p>\n","protected":false},"author":2,"featured_media":0,"parent":0,"menu_order":0,"comment_status":"closed","ping_status":"closed","template":"","meta":{"footnotes":""},"class_list":["post-8949","page","type-page","status-publish","hentry"],"_links":{"self":[{"href":"https:\/\/lyceemauriac.fr\/index.php\/wp-json\/wp\/v2\/pages\/8949","targetHints":{"allow":["GET"]}}],"collection":[{"href":"https:\/\/lyceemauriac.fr\/index.php\/wp-json\/wp\/v2\/pages"}],"about":[{"href":"https:\/\/lyceemauriac.fr\/index.php\/wp-json\/wp\/v2\/types\/page"}],"author":[{"embeddable":true,"href":"https:\/\/lyceemauriac.fr\/index.php\/wp-json\/wp\/v2\/users\/2"}],"replies":[{"embeddable":true,"href":"https:\/\/lyceemauriac.fr\/index.php\/wp-json\/wp\/v2\/comments?post=8949"}],"version-history":[{"count":15,"href":"https:\/\/lyceemauriac.fr\/index.php\/wp-json\/wp\/v2\/pages\/8949\/revisions"}],"predecessor-version":[{"id":13165,"href":"https:\/\/lyceemauriac.fr\/index.php\/wp-json\/wp\/v2\/pages\/8949\/revisions\/13165"}],"wp:attachment":[{"href":"https:\/\/lyceemauriac.fr\/index.php\/wp-json\/wp\/v2\/media?parent=8949"}],"curies":[{"name":"wp","href":"https:\/\/api.w.org\/{rel}","templated":true}]}}