{"id":8990,"date":"2022-03-04T16:39:28","date_gmt":"2022-03-04T15:39:28","guid":{"rendered":"https:\/\/lyceemauriac.fr\/?page_id=8990"},"modified":"2023-01-05T09:19:23","modified_gmt":"2023-01-05T08:19:23","slug":"sciences-de-laboratoire","status":"publish","type":"page","link":"https:\/\/lyceemauriac.fr\/index.php\/sciences-de-laboratoire\/","title":{"rendered":"Sciences de Laboratoire"},"content":{"rendered":"<p><span style=\"color: #ff0000;\">Le dossier de candidature \u00e0 l&rsquo;option SL sera disponible sur cette page \u00e0 partir du 01\/02\/2023.<\/span><\/p>\n<p>L&rsquo;option facultative Sciences de Laboratoire est propos\u00e9e aux \u00e9l\u00e8ves de Seconde depuis la rentr\u00e9e de Septembre 2022.<\/p>\n<p>Cette option s\u2019ajoute aux enseignements obligatoires de Seconde.<\/p>\n<p>L\u2019option Sciences et Laboratoire s\u2019adresse \u00e0 tous les \u00e9l\u00e8ves de Seconde d\u00e9sireux d\u2019enrichir leur culture scientifique et qui aiment manipuler.<\/p>\n<p>A raison d\u20191h30 par semaine, l\u2019aspect exp\u00e9rimental y est pr\u00e9pond\u00e9rant. C&rsquo;est une mati\u00e8re pr\u00e9paratoire aux sp\u00e9cialit\u00e9s scientifiques de la voie g\u00e9n\u00e9rale et\/ou \u00e0 la fili\u00e8re STL, mais sans contrainte d\u2019objectifs ni dans le choix d\u2019orientation future.<\/p>\n<h2>Vous aimez manipuler et les exp\u00e9riences au laboratoire\u00a0?<\/h2>\n<p>Chaque semaine, pendant 1h30, en petits groupes, les \u00e9l\u00e8ves r\u00e9alisent des exp\u00e9riences qui font appel \u00e0 la physique et \u00e0 la chimie. A partir de produits de la vie quotidienne, les \u00e9l\u00e8ves d\u00e9couvrent les gestes techniques et la d\u00e9marche exp\u00e9rimentale. Cet enseignement offre une pratique soutenue de la d\u00e9marche scientifique dans le cadre d\u2019activit\u00e9s de laboratoire.<\/p>\n<p>Diff\u00e9rents th\u00e8mes sont abord\u00e9s pendant l\u2019ann\u00e9e. Voici quelques exemples des th\u00e8mes trait\u00e9s ces derni\u00e8res ann\u00e9es\u00a0: police scientifique, cosm\u00e9tiques, sciences et arts, m\u00e9tiers de l\u2019eau, exploration spatiale\u2026<\/p>\n<p align=\"justify\"><a href=\"https:\/\/lyceemauriac.fr\/wp-content\/uploads\/2022\/03\/dssSL.jpg\"><img loading=\"lazy\" decoding=\"async\" class=\"aligncenter size-full wp-image-9000\" src=\"https:\/\/lyceemauriac.fr\/wp-content\/uploads\/2022\/03\/dssSL.jpg\" alt=\"\" width=\"350\" height=\"321\" srcset=\"https:\/\/lyceemauriac.fr\/wp-content\/uploads\/2022\/03\/dssSL.jpg 350w, https:\/\/lyceemauriac.fr\/wp-content\/uploads\/2022\/03\/dssSL-200x183.jpg 200w, https:\/\/lyceemauriac.fr\/wp-content\/uploads\/2022\/03\/dssSL-273x250.jpg 273w\" sizes=\"auto, (max-width: 350px) 100vw, 350px\" \/><\/a><\/p>\n<h2>Quels sont les objectifs de cette option\u00a0?<\/h2>\n<p>Cet enseignement a pour vocation d\u2019aider les \u00e9l\u00e8ves \u00e0 construire des comp\u00e9tences dont ils auront besoin, tout au long de leur vie, dans une soci\u00e9t\u00e9 en mutation rapide.<\/p>\n<p>L\u2019\u00e9l\u00e8ve devra observer, choisir et maitriser les instruments et les techniques de laboratoire, savoir exploiter ses r\u00e9sultats, travailler en \u00e9quipe. Il d\u00e9veloppera son esprit critique et scientifique. L\u2019utilisation de l\u2019outil informatique sous ses diff\u00e9rents aspects sera privil\u00e9gi\u00e9e : tableur, acquisition et traitement de donn\u00e9es, simulation, communication.<\/p>\n<p>Bien qu\u2019ind\u00e9pendant du programme, certaines notions du cours de physique-chimie vues dans le tronc commun de seconde seront r\u00e9investies et approfondies.<\/p>\n<p>Des rencontres avec des scientifiques (chercheurs, techniciens, ing\u00e9nieurs), des visites de laboratoires ou d\u2019entreprises pourront compl\u00e9ter utilement cet enseignement et permettront aux \u00e9l\u00e8ves de concevoir un parcours pour acc\u00e9der \u00e0 des \u00e9tudes sup\u00e9rieures scientifiques ou technologiques.<\/p>\n<p><iframe loading=\"lazy\" class=\"pdfjs-viewer\" width=\"649px\" height=\"800px\" src=\"https:\/\/lyceemauriac.fr\/wp-content\/plugins\/pdf-viewer\/stable\/web\/viewer.html?file=https:\/\/lyceemauriac.fr\/wp-content\/uploads\/2022\/03\/Flyer_SL.pdf\"><\/iframe> <br \/>\n<iframe loading=\"lazy\" class=\"pdfjs-viewer\" width=\"649px\" height=\"400px\" src=\"https:\/\/lyceemauriac.fr\/wp-content\/plugins\/pdf-viewer\/stable\/web\/viewer.html?file=https:\/\/lyceemauriac.fr\/wp-content\/uploads\/2022\/03\/SL_2-1.pdf\"><\/iframe> <\/p>\n<p><iframe loading=\"lazy\" class=\"pdfjs-viewer\" width=\"649px\" height=\"800px\" src=\"https:\/\/lyceemauriac.fr\/wp-content\/plugins\/pdf-viewer\/stable\/web\/viewer.html?file=https:\/\/lyceemauriac.fr\/wp-content\/uploads\/2022\/03\/Flyer_SL.pdf\"><\/iframe> <br \/>\n<iframe loading=\"lazy\" class=\"pdfjs-viewer\" width=\"649px\" height=\"400px\" src=\"https:\/\/lyceemauriac.fr\/wp-content\/plugins\/pdf-viewer\/stable\/web\/viewer.html?file=https:\/\/lyceemauriac.fr\/wp-content\/uploads\/2022\/03\/SL_2-1.pdf\"><\/iframe> <\/p>\n<p><a href=\"https:\/\/lyceemauriac.fr\/wp-content\/uploads\/2022\/03\/SL_2-1.pdf\" class=\"mtli_attachment mtli_pdf\">SL_2-1<\/a><\/p>\n<p><a href=\"https:\/\/lyceemauriac.fr\/wp-content\/uploads\/2022\/03\/Flyer_SL.pdf\" class=\"mtli_attachment mtli_pdf\">Flyer_SL<\/a><\/p>\n","protected":false},"excerpt":{"rendered":"<p>Le dossier de candidature \u00e0 l&rsquo;option SL sera disponible sur cette page \u00e0 partir du 01\/02\/2023. L&rsquo;option facultative Sciences de Laboratoire est propos\u00e9e aux \u00e9l\u00e8ves de Seconde depuis la rentr\u00e9e de Septembre 2022. Cette option s\u2019ajoute aux enseignements obligatoires de Seconde. L\u2019option Sciences et Laboratoire s\u2019adresse \u00e0 tous les \u00e9l\u00e8ves de Seconde d\u00e9sireux d\u2019enrichir leur [&hellip;]<\/p>\n","protected":false},"author":2,"featured_media":0,"parent":0,"menu_order":0,"comment_status":"closed","ping_status":"closed","template":"","meta":{"footnotes":""},"class_list":["post-8990","page","type-page","status-publish","hentry"],"_links":{"self":[{"href":"https:\/\/lyceemauriac.fr\/index.php\/wp-json\/wp\/v2\/pages\/8990","targetHints":{"allow":["GET"]}}],"collection":[{"href":"https:\/\/lyceemauriac.fr\/index.php\/wp-json\/wp\/v2\/pages"}],"about":[{"href":"https:\/\/lyceemauriac.fr\/index.php\/wp-json\/wp\/v2\/types\/page"}],"author":[{"embeddable":true,"href":"https:\/\/lyceemauriac.fr\/index.php\/wp-json\/wp\/v2\/users\/2"}],"replies":[{"embeddable":true,"href":"https:\/\/lyceemauriac.fr\/index.php\/wp-json\/wp\/v2\/comments?post=8990"}],"version-history":[{"count":8,"href":"https:\/\/lyceemauriac.fr\/index.php\/wp-json\/wp\/v2\/pages\/8990\/revisions"}],"predecessor-version":[{"id":9826,"href":"https:\/\/lyceemauriac.fr\/index.php\/wp-json\/wp\/v2\/pages\/8990\/revisions\/9826"}],"wp:attachment":[{"href":"https:\/\/lyceemauriac.fr\/index.php\/wp-json\/wp\/v2\/media?parent=8990"}],"curies":[{"name":"wp","href":"https:\/\/api.w.org\/{rel}","templated":true}]}}