{"id":9262,"date":"2022-06-01T12:42:32","date_gmt":"2022-06-01T10:42:32","guid":{"rendered":"https:\/\/lyceemauriac.fr\/?page_id=9262"},"modified":"2023-08-26T09:15:19","modified_gmt":"2023-08-26T07:15:19","slug":"inscriptions-en-premiere-2023-2024","status":"publish","type":"page","link":"https:\/\/lyceemauriac.fr\/index.php\/inscriptions-en-premiere-2023-2024\/","title":{"rendered":"Inscriptions en Premi\u00e8re 2023-2024"},"content":{"rendered":"<p>Vous trouverez ci-dessous trois documents \u00e0 t\u00e9l\u00e9charger, \u00e0 compl\u00e9ter et \u00e0 remettre lors de votre inscription. Attention, le dossier d&rsquo;inscription est diff\u00e9rent suivant que vous vous inscrivez en Premi\u00e8re G\u00e9n\u00e9rale ou en Premi\u00e8re STMG.<\/p>\n<p>Le planning de la rentr\u00e9e est consultable dans le document\u00a0<a href=\"https:\/\/lyceemauriac.fr\/wp-content\/uploads\/2023\/08\/INFORMATIONS_de_RENTREE_v2.pdf\" class=\"mtli_attachment mtli_pdf\">INFORMATIONS_de_RENTREE<\/a>\u00a0 (maj au 26\/08\/2023) .<\/p>\n<h2>Inscription en Premi\u00e8re G\u00e9n\u00e9rale<\/h2>\n<p>Document <strong>obligatoire<\/strong> :<\/p>\n<p><a href=\"https:\/\/lyceemauriac.fr\/wp-content\/uploads\/2023\/05\/Dossier-inscription-1ere-Gnrl.pdf\" class=\"mtli_attachment mtli_pdf\">Dossier d&rsquo;inscription en Premi\u00e8re G\u00e9n\u00e9rale<\/a><\/p>\n<p>Documents facultatifs :<\/p>\n<ul>\n<li><a href=\"https:\/\/lyceemauriac.fr\/wp-content\/uploads\/2023\/05\/fiche-MDL.pdf\" class=\"mtli_attachment mtli_pdf\">Fiche d&rsquo;inscription \u00e0 la MDL<\/a><\/li>\n<li><a href=\"https:\/\/lyceemauriac.fr\/wp-content\/uploads\/2023\/05\/2023_Fiche_Inscription_AS.pdf\" class=\"mtli_attachment mtli_pdf\">Fiche d&rsquo;inscription \u00e0 l&rsquo;AS<\/a><\/li>\n<\/ul>\n<h2><\/h2>\n<h2>Inscription en Premi\u00e8re STMG<\/h2>\n<p>Document <strong>obligatoire<\/strong> :<\/p>\n<p><a href=\"https:\/\/lyceemauriac.fr\/wp-content\/uploads\/2023\/05\/Dossier-inscription-1STMG.pdf\" class=\"mtli_attachment mtli_pdf\">Dossier d&rsquo;inscription en Premi\u00e8re STMG<\/a><\/p>\n<p>Documents facultatifs :<\/p>\n<ul>\n<li><a href=\"https:\/\/lyceemauriac.fr\/wp-content\/uploads\/2023\/05\/fiche-MDL.pdf\" class=\"mtli_attachment mtli_pdf\">Fiche d&rsquo;inscription \u00e0 la MDL<\/a><\/li>\n<li><a href=\"https:\/\/lyceemauriac.fr\/wp-content\/uploads\/2023\/05\/2023_Fiche_Inscription_AS.pdf\" class=\"mtli_attachment mtli_pdf\">Fiche d&rsquo;inscription \u00e0 l&rsquo;AS<\/a><\/li>\n<\/ul>\n<p>&nbsp;<\/p>\n<p>Le calendrier des inscriptions se trouve \u00e0 l&rsquo;int\u00e9rieur du dossier d&rsquo;inscription.<\/p>\n","protected":false},"excerpt":{"rendered":"<p>Vous trouverez ci-dessous trois documents \u00e0 t\u00e9l\u00e9charger, \u00e0 compl\u00e9ter et \u00e0 remettre lors de votre inscription. Attention, le dossier d&rsquo;inscription est diff\u00e9rent suivant que vous vous inscrivez en Premi\u00e8re G\u00e9n\u00e9rale ou en Premi\u00e8re STMG. Le planning de la rentr\u00e9e est consultable dans le document\u00a0INFORMATIONS_de_RENTREE\u00a0 (maj au 26\/08\/2023) . Inscription en Premi\u00e8re G\u00e9n\u00e9rale Document obligatoire : [&hellip;]<\/p>\n","protected":false},"author":2,"featured_media":0,"parent":0,"menu_order":0,"comment_status":"closed","ping_status":"closed","template":"","meta":{"footnotes":""},"class_list":["post-9262","page","type-page","status-publish","hentry"],"_links":{"self":[{"href":"https:\/\/lyceemauriac.fr\/index.php\/wp-json\/wp\/v2\/pages\/9262","targetHints":{"allow":["GET"]}}],"collection":[{"href":"https:\/\/lyceemauriac.fr\/index.php\/wp-json\/wp\/v2\/pages"}],"about":[{"href":"https:\/\/lyceemauriac.fr\/index.php\/wp-json\/wp\/v2\/types\/page"}],"author":[{"embeddable":true,"href":"https:\/\/lyceemauriac.fr\/index.php\/wp-json\/wp\/v2\/users\/2"}],"replies":[{"embeddable":true,"href":"https:\/\/lyceemauriac.fr\/index.php\/wp-json\/wp\/v2\/comments?post=9262"}],"version-history":[{"count":18,"href":"https:\/\/lyceemauriac.fr\/index.php\/wp-json\/wp\/v2\/pages\/9262\/revisions"}],"predecessor-version":[{"id":10398,"href":"https:\/\/lyceemauriac.fr\/index.php\/wp-json\/wp\/v2\/pages\/9262\/revisions\/10398"}],"wp:attachment":[{"href":"https:\/\/lyceemauriac.fr\/index.php\/wp-json\/wp\/v2\/media?parent=9262"}],"curies":[{"name":"wp","href":"https:\/\/api.w.org\/{rel}","templated":true}]}}