{"id":9346,"date":"2022-06-12T18:01:06","date_gmt":"2022-06-12T16:01:06","guid":{"rendered":"https:\/\/lyceemauriac.fr\/?page_id=9346"},"modified":"2025-07-02T11:53:00","modified_gmt":"2025-07-02T09:53:00","slug":"preparer-la-rentree-en-terminale","status":"publish","type":"page","link":"https:\/\/lyceemauriac.fr\/index.php\/preparer-la-rentree-en-terminale\/","title":{"rendered":"Pr\u00e9parer la rentr\u00e9e en Terminale"},"content":{"rendered":"<p>Mati\u00e8res disponibles au 30\/06\/2025 : Maths, NSI, HGGSP, Espagnol ,SPC<\/p>\n<h2 id=\"gen-h1-1-00000001\" class=\"navigable-headline\"><span class=\"code char\">\u25b8 Maths<\/span><\/h2>\n<ul>\n<li><a href=\"https:\/\/lyceemauriac.fr\/wp-content\/uploads\/2025\/06\/Bien-preparer-la-rentree-en-Terminale-specialite-maths-et-corrections.pdf\" class=\"mtli_attachment mtli_pdf\">Exercices corrig\u00e9s pour la sp\u00e9 Maths<\/a><\/li>\n<\/ul>\n<p>&nbsp;<\/p>\n<h2 id=\"gen-h1-1-00000001\" class=\"navigable-headline\"><span class=\"code char\">\u25b8 Espagnol<\/span><\/h2>\n<ul>\n<li><a href=\"https:\/\/lyceemauriac.fr\/wp-content\/uploads\/2025\/06\/conseils_de_revision_espagnol.pdf\" class=\"mtli_attachment mtli_pdf\">Conseils de r\u00e9visions<\/a><\/li>\n<\/ul>\n<h2 id=\"gen-h1-1-00000001\" class=\"navigable-headline\"><span class=\"code char\">\u25b8 NSI<\/span><\/h2>\n<ul>\n<li>Vous retrouverez toutes les recommandations \u00e0 l&rsquo;adresse <a href=\"https:\/\/glassus.github.io\/terminale_nsi\/\">https:\/\/glassus.github.io\/terminale_nsi\/<\/a><\/li>\n<\/ul>\n<p>&nbsp;<\/p>\n<h2 id=\"gen-h1-1-00000001\" class=\"navigable-headline\"><span class=\"code char\">\u25b8 HGGSP<\/span><\/h2>\n<ul>\n<li>Voir <a href=\"https:\/\/lyceemauriac.fr\/wp-content\/uploads\/2025\/06\/FILMS-preparer-le-programme-HGGSP-Term-.pdf\" class=\"mtli_attachment mtli_pdf\">cette s\u00e9lection de films et s\u00e9ries<\/a><\/li>\n<\/ul>\n<h2 id=\"gen-h1-1-00000001\" class=\"navigable-headline\"><span class=\"code char\">\u25b8 SPC<\/span><\/h2>\n<ul>\n<li><a href=\"https:\/\/lyceemauriac.fr\/wp-content\/uploads\/2025\/07\/Preparer-sa-rentree-2025-en-terminale-specialite-SPC.pdf\" class=\"mtli_attachment mtli_pdf\" target=\"_blank\" rel=\"noopener\">Sp\u00e9cialit\u00e9 physique chimie: Bien pr\u00e9parer sa rentr\u00e9e<\/a> .<\/li>\n<\/ul>\n<p>&nbsp;<\/p>\n<p>&nbsp;<\/p>\n","protected":false},"excerpt":{"rendered":"<p>Mati\u00e8res disponibles au 30\/06\/2025 : Maths, NSI, HGGSP, Espagnol ,SPC \u25b8 Maths Exercices corrig\u00e9s pour la sp\u00e9 Maths &nbsp; \u25b8 Espagnol Conseils de r\u00e9visions \u25b8 NSI Vous retrouverez toutes les recommandations \u00e0 l&rsquo;adresse https:\/\/glassus.github.io\/terminale_nsi\/ &nbsp; \u25b8 HGGSP Voir cette s\u00e9lection de films et s\u00e9ries \u25b8 SPC Sp\u00e9cialit\u00e9 physique chimie: Bien pr\u00e9parer sa rentr\u00e9e . &nbsp; [&hellip;]<\/p>\n","protected":false},"author":2,"featured_media":0,"parent":0,"menu_order":0,"comment_status":"closed","ping_status":"closed","template":"","meta":{"footnotes":""},"class_list":["post-9346","page","type-page","status-publish","hentry"],"_links":{"self":[{"href":"https:\/\/lyceemauriac.fr\/index.php\/wp-json\/wp\/v2\/pages\/9346","targetHints":{"allow":["GET"]}}],"collection":[{"href":"https:\/\/lyceemauriac.fr\/index.php\/wp-json\/wp\/v2\/pages"}],"about":[{"href":"https:\/\/lyceemauriac.fr\/index.php\/wp-json\/wp\/v2\/types\/page"}],"author":[{"embeddable":true,"href":"https:\/\/lyceemauriac.fr\/index.php\/wp-json\/wp\/v2\/users\/2"}],"replies":[{"embeddable":true,"href":"https:\/\/lyceemauriac.fr\/index.php\/wp-json\/wp\/v2\/comments?post=9346"}],"version-history":[{"count":27,"href":"https:\/\/lyceemauriac.fr\/index.php\/wp-json\/wp\/v2\/pages\/9346\/revisions"}],"predecessor-version":[{"id":12440,"href":"https:\/\/lyceemauriac.fr\/index.php\/wp-json\/wp\/v2\/pages\/9346\/revisions\/12440"}],"wp:attachment":[{"href":"https:\/\/lyceemauriac.fr\/index.php\/wp-json\/wp\/v2\/media?parent=9346"}],"curies":[{"name":"wp","href":"https:\/\/api.w.org\/{rel}","templated":true}]}}