{"id":9373,"date":"2022-06-22T22:08:52","date_gmt":"2022-06-22T20:08:52","guid":{"rendered":"https:\/\/lyceemauriac.fr\/?page_id=9373"},"modified":"2025-06-30T15:14:01","modified_gmt":"2025-06-30T13:14:01","slug":"preparer-la-rentree-en-premiere","status":"publish","type":"page","link":"https:\/\/lyceemauriac.fr\/index.php\/preparer-la-rentree-en-premiere\/","title":{"rendered":"Pr\u00e9parer la rentr\u00e9e en Premi\u00e8re"},"content":{"rendered":"<p>Mati\u00e8res disponibles au 30\/06\/2025 : Maths, Anglais, Espagnol, NSI<\/p>\n<h2 id=\"gen-h1-1-00000001\" class=\"navigable-headline\"><span class=\"code char\">\u25b8 Maths (sp\u00e9 et non sp\u00e9)<\/span><\/h2>\n<ul>\n<li><a href=\"https:\/\/lyceemauriac.fr\/wp-content\/uploads\/2025\/06\/reussir-en-mathematiques-en-premiere-STMG-et-en-premiere-generale-sans-specialite2.pdf\" class=\"mtli_attachment mtli_pdf\">Premi\u00e8re G\u00e9n\u00e9rale (sans sp\u00e9 Maths) et Premi\u00e8re STMG<\/a><\/li>\n<li><a href=\"https:\/\/lyceemauriac.fr\/wp-content\/uploads\/2025\/06\/pour-reussir-en-specialite-mathematiques-en-premiere-generale2.pdf\" class=\"mtli_attachment mtli_pdf\">Sp\u00e9cialit\u00e9 Maths<\/a><\/li>\n<\/ul>\n<p>&nbsp;<\/p>\n<h2 id=\"gen-h1-1-00000001\" class=\"navigable-headline\"><span class=\"code char\">\u25b8 Anglais (sp\u00e9 et non sp\u00e9)<\/span><\/h2>\n<ul>\n<li><a href=\"https:\/\/lyceemauriac.fr\/wp-content\/uploads\/2025\/06\/Ressources-anglais.pdf\" class=\"mtli_attachment mtli_pdf\">Premi\u00e8re G\u00e9n\u00e9rale (sans sp\u00e9 LLCE Anglais) et Premi\u00e8re STMG<\/a><\/li>\n<li><a href=\"https:\/\/lyceemauriac.fr\/index.php\/2023\/05\/31\/programme-llce-1ere-2025-2026\/\">Sp\u00e9cialit\u00e9 LLCE Anglais<\/a><\/li>\n<\/ul>\n<h2 id=\"gen-h1-1-00000001\" class=\"navigable-headline\"><span class=\"code char\">\u25b8 Espagnol<\/span><\/h2>\n<ul>\n<li><a href=\"https:\/\/lyceemauriac.fr\/wp-content\/uploads\/2025\/06\/conseils_de_revision_espagnol.pdf\" class=\"mtli_attachment mtli_pdf\">Conseils de r\u00e9visions<\/a><\/li>\n<\/ul>\n<h2 id=\"gen-h1-1-00000001\" class=\"navigable-headline\"><span class=\"code char\">\u25b8 NSI<\/span><\/h2>\n<ul>\n<li>Il n&rsquo;y a rien de particulier \u00e0 r\u00e9viser. Mais nous vous conseillons de (re)travailler les bases de l&rsquo;algorithmique, par exemple de mani\u00e8re ludique avec le site <a href=\"https:\/\/py-rates.fr\/\">Pyrates<\/a>. Pour les plus motiv\u00e9s, les ressources de <a href=\"https:\/\/www.france-ioi.org\/algo\/chapters.php\">France-IOI<\/a> sont aussi excellentes. Vous pouvez aussi vous entra\u00eener sur le site <a href=\"https:\/\/codex.forge.apps.education.fr\/\">https:\/\/codex.forge.apps.education.fr\/<\/a><br \/>\nBonnes vacances !<\/li>\n<\/ul>\n","protected":false},"excerpt":{"rendered":"<p>Mati\u00e8res disponibles au 30\/06\/2025 : Maths, Anglais, Espagnol, NSI \u25b8 Maths (sp\u00e9 et non sp\u00e9) Premi\u00e8re G\u00e9n\u00e9rale (sans sp\u00e9 Maths) et Premi\u00e8re STMG Sp\u00e9cialit\u00e9 Maths &nbsp; \u25b8 Anglais (sp\u00e9 et non sp\u00e9) Premi\u00e8re G\u00e9n\u00e9rale (sans sp\u00e9 LLCE Anglais) et Premi\u00e8re STMG Sp\u00e9cialit\u00e9 LLCE Anglais \u25b8 Espagnol Conseils de r\u00e9visions \u25b8 NSI Il n&rsquo;y a rien [&hellip;]<\/p>\n","protected":false},"author":2,"featured_media":0,"parent":0,"menu_order":0,"comment_status":"closed","ping_status":"closed","template":"","meta":{"footnotes":""},"class_list":["post-9373","page","type-page","status-publish","hentry"],"_links":{"self":[{"href":"https:\/\/lyceemauriac.fr\/index.php\/wp-json\/wp\/v2\/pages\/9373","targetHints":{"allow":["GET"]}}],"collection":[{"href":"https:\/\/lyceemauriac.fr\/index.php\/wp-json\/wp\/v2\/pages"}],"about":[{"href":"https:\/\/lyceemauriac.fr\/index.php\/wp-json\/wp\/v2\/types\/page"}],"author":[{"embeddable":true,"href":"https:\/\/lyceemauriac.fr\/index.php\/wp-json\/wp\/v2\/users\/2"}],"replies":[{"embeddable":true,"href":"https:\/\/lyceemauriac.fr\/index.php\/wp-json\/wp\/v2\/comments?post=9373"}],"version-history":[{"count":17,"href":"https:\/\/lyceemauriac.fr\/index.php\/wp-json\/wp\/v2\/pages\/9373\/revisions"}],"predecessor-version":[{"id":12432,"href":"https:\/\/lyceemauriac.fr\/index.php\/wp-json\/wp\/v2\/pages\/9373\/revisions\/12432"}],"wp:attachment":[{"href":"https:\/\/lyceemauriac.fr\/index.php\/wp-json\/wp\/v2\/media?parent=9373"}],"curies":[{"name":"wp","href":"https:\/\/api.w.org\/{rel}","templated":true}]}}