{"id":9930,"date":"2023-02-24T09:22:01","date_gmt":"2023-02-24T08:22:01","guid":{"rendered":"https:\/\/lyceemauriac.fr\/?page_id=9930"},"modified":"2023-02-24T09:22:01","modified_gmt":"2023-02-24T08:22:01","slug":"demande-de-fonds-social-lyceen","status":"publish","type":"page","link":"https:\/\/lyceemauriac.fr\/index.php\/demande-de-fonds-social-lyceen\/","title":{"rendered":"Demande de fonds social lyc\u00e9en"},"content":{"rendered":"<p>Vous trouverez ci-dessous le document de demande de fonds social lyc\u00e9en.<\/p>\n<p><a href=\"https:\/\/lyceemauriac.fr\/wp-content\/uploads\/2023\/02\/dossier_fs.pdf\" class=\"mtli_attachment mtli_pdf\">T\u00e9l\u00e9charger le document<\/a><\/p>\n<iframe loading=\"lazy\" class=\"pdfjs-viewer\" width=\"649px\" height=\"800px\" src=\"https:\/\/lyceemauriac.fr\/wp-content\/plugins\/pdf-viewer\/stable\/web\/viewer.html?file=https:\/\/lyceemauriac.fr\/wp-content\/uploads\/2023\/02\/dossier_fs.pdf\"><\/iframe> \n","protected":false},"excerpt":{"rendered":"<p>Vous trouverez ci-dessous le document de demande de fonds social lyc\u00e9en. T\u00e9l\u00e9charger le document<\/p>\n","protected":false},"author":2,"featured_media":0,"parent":0,"menu_order":0,"comment_status":"closed","ping_status":"closed","template":"","meta":{"footnotes":""},"class_list":["post-9930","page","type-page","status-publish","hentry"],"_links":{"self":[{"href":"https:\/\/lyceemauriac.fr\/index.php\/wp-json\/wp\/v2\/pages\/9930","targetHints":{"allow":["GET"]}}],"collection":[{"href":"https:\/\/lyceemauriac.fr\/index.php\/wp-json\/wp\/v2\/pages"}],"about":[{"href":"https:\/\/lyceemauriac.fr\/index.php\/wp-json\/wp\/v2\/types\/page"}],"author":[{"embeddable":true,"href":"https:\/\/lyceemauriac.fr\/index.php\/wp-json\/wp\/v2\/users\/2"}],"replies":[{"embeddable":true,"href":"https:\/\/lyceemauriac.fr\/index.php\/wp-json\/wp\/v2\/comments?post=9930"}],"version-history":[{"count":1,"href":"https:\/\/lyceemauriac.fr\/index.php\/wp-json\/wp\/v2\/pages\/9930\/revisions"}],"predecessor-version":[{"id":9932,"href":"https:\/\/lyceemauriac.fr\/index.php\/wp-json\/wp\/v2\/pages\/9930\/revisions\/9932"}],"wp:attachment":[{"href":"https:\/\/lyceemauriac.fr\/index.php\/wp-json\/wp\/v2\/media?parent=9930"}],"curies":[{"name":"wp","href":"https:\/\/api.w.org\/{rel}","templated":true}]}}